{"id":26,"date":"2014-04-23T13:00:54","date_gmt":"2014-04-23T11:00:54","guid":{"rendered":"http:\/\/www.zsk.olsztyn.pl\/przedszkole\/?page_id=26"},"modified":"2022-02-10T02:00:30","modified_gmt":"2022-02-10T00:00:30","slug":"kontakt","status":"publish","type":"page","link":"https:\/\/www.zsk.olsztyn.pl\/przedszkole\/kontakt\/","title":{"rendered":"Kontakt"},"content":{"rendered":"<p>[vc_row][vc_column][na_tytul tytul=&#8221;Niepubliczne Przedszkole im. \u015awi\u0119tej Rodziny&#8221;][vc_raw_html]JTNDZGl2JTIwY2xhc3MlM0QlMjJib3gzJTIwbWFyMGklMjIlM0UlMEElM0NkaXYlMjBjbGFzcyUzRCUyMmIxJTIyJTNFJTBBJTNDaDQlM0VOQVBJU1olM0MlMkZoNCUzRSUwQSUzQ3AlM0UlM0NhJTIwaHJlZiUzRCUyMm1haWx0byUzQXByemVkc3prb2xlLnN3aWV0YXJvZHppbmElNDBvMi5wbCUyMiUzRXByemVkc3prb2xlLnN3aWV0YXJvZHppbmElNDBvMi5wbCUzQyUyRmElM0UlM0MlMkZwJTNFJTBBJTNDJTJGZGl2JTNFJTBBJTNDZGl2JTIwY2xhc3MlM0QlMjJiMSUyMiUzRSUwQSUzQ2g0JTNFUFJaWUpFRCVDNSVCOSUzQyUyRmg0JTNFJTBBJTNDcCUzRXVsLiUyMEthcmQuJTIwU3RlZmFuYSUyMFd5c3p5JUM1JTg0c2tpZWdvJTIwMTElM0NiciUzRSUwQTEwLTQ1NiUyME9sc3p0eW4lM0MlMkZwJTNFJTBBJTNDJTJGZGl2JTNFJTBBJTNDZGl2JTIwY2xhc3MlM0QlMjJiMSUyMiUzRSUwQSUzQ2g0JTNFWkFEWldPJUM1JTgzJTNDJTJGaDQlM0UlMEElM0NwJTNFJTNDYSUyMGhyZWYlM0QlMjJ0ZWwlM0E4OTUzMzM4NDQlMjIlM0UlMjg4OSUyOSUyMDUzMy0zOC00NCUzQyUyRmElM0UlM0MlMkZwJTNFJTBBJTNDJTJGZGl2JTNFJTBBJTNDJTJGZGl2JTNF[\/vc_raw_html][vc_raw_html]JTNDaWZyYW1lJTIwc3JjJTNEJTIyaHR0cHMlM0ElMkYlMkZ3d3cuZ29vZ2xlLmNvbSUyRm1hcHMlMkZlbWJlZCUzRnBiJTNEJTIxMW0xOCUyMTFtMTIlMjExbTMlMjExZDIwOTIuODA5OTg3ODQxODkyJTIxMmQyMC41MDI0ODcyMDkwOTU4MTUlMjEzZDUzLjc2NTA5OTYyMjkxMjM0NSUyMTJtMyUyMTFmMCUyMTJmMCUyMTNmMCUyMTNtMiUyMTFpMTAyNCUyMTJpNzY4JTIxNGYxMy4xJTIxM20zJTIxMW0yJTIxMXMweDQ2ZTI3OGRmMzQzZTYxYjclMjUzQTB4NWI4ZTdiNWU4ZGQ5YzY2MSUyMTJzS2F0b2xpY2thJTI1MjBTemtvJTI1QzUlMjU4MmElMjUyMFBvZHN0YXdvd2ElMjUyMGklMjUyME5pZXB1YmxpY3puZSUyNTIwUHJ6ZWRzemtvbGUlMjUyMGltLiUyNTIwJTI1QzUlMjU5QXdpJTI1QzQlMjU5OXRlaiUyNTIwUm9kemlueSUyMTVlMCUyMTNtMiUyMTFzcGwlMjEyc3BsJTIxNHYxNjQ0NDUwMjUwODUzJTIxNW0yJTIxMXNwbCUyMTJzcGwlMjIlMjB3aWR0aCUzRCUyMjEwMCUyNSUyMiUyMGhlaWdodCUzRCUyMjQ1MCUyMiUyMHN0eWxlJTNEJTIyYm9yZGVyJTNBMCUzQiUyMiUyMGFsbG93ZnVsbHNjcmVlbiUzRCUyMiUyMiUyMGxvYWRpbmclM0QlMjJsYXp5JTIyJTNFJTNDJTJGaWZyYW1lJTNF[\/vc_raw_html][\/vc_column][\/vc_row]<\/p>\n","protected":false},"excerpt":{"rendered":"<p>[vc_row][vc_column][na_tytul tytul=&#8221;Niepubliczne Przedszkole im. \u015awi\u0119tej Rodziny&#8221;][vc_raw_html]JTNDZGl2JTIwY2xhc3MlM0QlMjJib3gzJTIwbWFyMGklMjIlM0UlMEElM0NkaXYlMjBjbGFzcyUzRCUyMmIxJTIyJTNFJTBBJTNDaDQlM0VOQVBJU1olM0MlMkZoNCUzRSUwQSUzQ3AlM0UlM0NhJTIwaHJlZiUzRCUyMm1haWx0byUzQXByemVkc3prb2xlLnN3aWV0YXJvZHppbmElNDBvMi5wbCUyMiUzRXByemVkc3prb2xlLnN3aWV0YXJvZHppbmElNDBvMi5wbCUzQyUyRmElM0UlM0MlMkZwJTNFJTBBJTNDJTJGZGl2JTNFJTBBJTNDZGl2JTIwY2xhc3MlM0QlMjJiMSUyMiUzRSUwQSUzQ2g0JTNFUFJaWUpFRCVDNSVCOSUzQyUyRmg0JTNFJTBBJTNDcCUzRXVsLiUyMEthcmQuJTIwU3RlZmFuYSUyMFd5c3p5JUM1JTg0c2tpZWdvJTIwMTElM0NiciUzRSUwQTEwLTQ1NiUyME9sc3p0eW4lM0MlMkZwJTNFJTBBJTNDJTJGZGl2JTNFJTBBJTNDZGl2JTIwY2xhc3MlM0QlMjJiMSUyMiUzRSUwQSUzQ2g0JTNFWkFEWldPJUM1JTgzJTNDJTJGaDQlM0UlMEElM0NwJTNFJTNDYSUyMGhyZWYlM0QlMjJ0ZWwlM0E4OTUzMzM4NDQlMjIlM0UlMjg4OSUyOSUyMDUzMy0zOC00NCUzQyUyRmElM0UlM0MlMkZwJTNFJTBBJTNDJTJGZGl2JTNFJTBBJTNDJTJGZGl2JTNF[\/vc_raw_html][vc_raw_html]JTNDaWZyYW1lJTIwc3JjJTNEJTIyaHR0cHMlM0ElMkYlMkZ3d3cuZ29vZ2xlLmNvbSUyRm1hcHMlMkZlbWJlZCUzRnBiJTNEJTIxMW0xOCUyMTFtMTIlMjExbTMlMjExZDIwOTIuODA5OTg3ODQxODkyJTIxMmQyMC41MDI0ODcyMDkwOTU4MTUlMjEzZDUzLjc2NTA5OTYyMjkxMjM0NSUyMTJtMyUyMTFmMCUyMTJmMCUyMTNmMCUyMTNtMiUyMTFpMTAyNCUyMTJpNzY4JTIxNGYxMy4xJTIxM20zJTIxMW0yJTIxMXMweDQ2ZTI3OGRmMzQzZTYxYjclMjUzQTB4NWI4ZTdiNWU4ZGQ5YzY2MSUyMTJzS2F0b2xpY2thJTI1MjBTemtvJTI1QzUlMjU4MmElMjUyMFBvZHN0YXdvd2ElMjUyMGklMjUyME5pZXB1YmxpY3puZSUyNTIwUHJ6ZWRzemtvbGUlMjUyMGltLiUyNTIwJTI1QzUlMjU5QXdpJTI1QzQlMjU5OXRlaiUyNTIwUm9kemlueSUyMTVlMCUyMTNtMiUyMTFzcGwlMjEyc3BsJTIxNHYxNjQ0NDUwMjUwODUzJTIxNW0yJTIxMXNwbCUyMTJzcGwlMjIlMjB3aWR0aCUzRCUyMjEwMCUyNSUyMiUyMGhlaWdodCUzRCUyMjQ1MCUyMiUyMHN0eWxlJTNEJTIyYm9yZGVyJTNBMCUzQiUyMiUyMGFsbG93ZnVsbHNjcmVlbiUzRCUyMiUyMiUyMGxvYWRpbmclM0QlMjJsYXp5JTIyJTNFJTNDJTJGaWZyYW1lJTNF[\/vc_raw_html][\/vc_column][\/vc_row]<\/p>\n","protected":false},"author":1,"featured_media":0,"parent":0,"menu_order":0,"comment_status":"open","ping_status":"open","template":"","meta":[],"yoast_head":"<!-- This site is optimized with the Yoast SEO plugin v18.2 - https:\/\/yoast.com\/wordpress\/plugins\/seo\/ -->\n<title>Kontakt - Katolicki Zesp\u00f3\u0142 Edukacyjny - Niepubliczne przedszkole<\/title>\n<meta name=\"description\" content=\"JTNDZGl2JTIwY2xhc3MlM0QlMjJib3gzJTIwbWFyMGklMjIlM0UlMEElM0NkaXYlMjBjbGFzcyUzRCUyMmIxJTIyJTNFJTBBJTNDaDQlM0VOQVBJU1olM0MlMkZoNCUzRSUwQSUzQ3AlM0UlM0NhJTIwaHJl\" \/>\n<meta name=\"robots\" content=\"index, follow, max-snippet:-1, max-image-preview:large, max-video-preview:-1\" \/>\n<link rel=\"canonical\" href=\"https:\/\/www.zsk.olsztyn.pl\/przedszkole\/kontakt\/\" \/>\n<meta name=\"twitter:label1\" content=\"Szacowany czas czytania\" \/>\n\t<meta name=\"twitter:data1\" content=\"1 minuta\" \/>\n<script type=\"application\/ld+json\" class=\"yoast-schema-graph\">{\"@context\":\"https:\/\/schema.org\",\"@graph\":[{\"@type\":\"WebSite\",\"@id\":\"https:\/\/www.zsk.olsztyn.pl\/przedszkole\/#website\",\"url\":\"https:\/\/www.zsk.olsztyn.pl\/przedszkole\/\",\"name\":\"Katolicki Zesp\u00f3\u0142 Edukacyjny - Niepubliczne przedszkole\",\"description\":\"Zapraszamy na stron\u0119 katolickiego niepublicznego przedszkola\",\"potentialAction\":[{\"@type\":\"SearchAction\",\"target\":{\"@type\":\"EntryPoint\",\"urlTemplate\":\"https:\/\/www.zsk.olsztyn.pl\/przedszkole\/?s={search_term_string}\"},\"query-input\":\"required name=search_term_string\"}],\"inLanguage\":\"pl-PL\"},{\"@type\":\"WebPage\",\"@id\":\"https:\/\/www.zsk.olsztyn.pl\/przedszkole\/kontakt\/#webpage\",\"url\":\"https:\/\/www.zsk.olsztyn.pl\/przedszkole\/kontakt\/\",\"name\":\"Kontakt - Katolicki Zesp\u00f3\u0142 Edukacyjny - Niepubliczne przedszkole\",\"isPartOf\":{\"@id\":\"https:\/\/www.zsk.olsztyn.pl\/przedszkole\/#website\"},\"datePublished\":\"2014-04-23T11:00:54+00:00\",\"dateModified\":\"2022-02-10T00:00:30+00:00\",\"description\":\"JTNDZGl2JTIwY2xhc3MlM0QlMjJib3gzJTIwbWFyMGklMjIlM0UlMEElM0NkaXYlMjBjbGFzcyUzRCUyMmIxJTIyJTNFJTBBJTNDaDQlM0VOQVBJU1olM0MlMkZoNCUzRSUwQSUzQ3AlM0UlM0NhJTIwaHJl\",\"breadcrumb\":{\"@id\":\"https:\/\/www.zsk.olsztyn.pl\/przedszkole\/kontakt\/#breadcrumb\"},\"inLanguage\":\"pl-PL\",\"potentialAction\":[{\"@type\":\"ReadAction\",\"target\":[\"https:\/\/www.zsk.olsztyn.pl\/przedszkole\/kontakt\/\"]}]},{\"@type\":\"BreadcrumbList\",\"@id\":\"https:\/\/www.zsk.olsztyn.pl\/przedszkole\/kontakt\/#breadcrumb\",\"itemListElement\":[{\"@type\":\"ListItem\",\"position\":1,\"name\":\"Strona g\u0142\u00f3wna\",\"item\":\"https:\/\/www.zsk.olsztyn.pl\/przedszkole\/\"},{\"@type\":\"ListItem\",\"position\":2,\"name\":\"Kontakt\"}]}]}<\/script>\n<!-- \/ Yoast SEO plugin. -->","yoast_head_json":{"title":"Kontakt - Katolicki Zesp\u00f3\u0142 Edukacyjny - Niepubliczne przedszkole","description":"JTNDZGl2JTIwY2xhc3MlM0QlMjJib3gzJTIwbWFyMGklMjIlM0UlMEElM0NkaXYlMjBjbGFzcyUzRCUyMmIxJTIyJTNFJTBBJTNDaDQlM0VOQVBJU1olM0MlMkZoNCUzRSUwQSUzQ3AlM0UlM0NhJTIwaHJl","robots":{"index":"index","follow":"follow","max-snippet":"max-snippet:-1","max-image-preview":"max-image-preview:large","max-video-preview":"max-video-preview:-1"},"canonical":"https:\/\/www.zsk.olsztyn.pl\/przedszkole\/kontakt\/","twitter_misc":{"Szacowany czas czytania":"1 minuta"},"schema":{"@context":"https:\/\/schema.org","@graph":[{"@type":"WebSite","@id":"https:\/\/www.zsk.olsztyn.pl\/przedszkole\/#website","url":"https:\/\/www.zsk.olsztyn.pl\/przedszkole\/","name":"Katolicki Zesp\u00f3\u0142 Edukacyjny - Niepubliczne przedszkole","description":"Zapraszamy na stron\u0119 katolickiego niepublicznego przedszkola","potentialAction":[{"@type":"SearchAction","target":{"@type":"EntryPoint","urlTemplate":"https:\/\/www.zsk.olsztyn.pl\/przedszkole\/?s={search_term_string}"},"query-input":"required name=search_term_string"}],"inLanguage":"pl-PL"},{"@type":"WebPage","@id":"https:\/\/www.zsk.olsztyn.pl\/przedszkole\/kontakt\/#webpage","url":"https:\/\/www.zsk.olsztyn.pl\/przedszkole\/kontakt\/","name":"Kontakt - Katolicki Zesp\u00f3\u0142 Edukacyjny - Niepubliczne przedszkole","isPartOf":{"@id":"https:\/\/www.zsk.olsztyn.pl\/przedszkole\/#website"},"datePublished":"2014-04-23T11:00:54+00:00","dateModified":"2022-02-10T00:00:30+00:00","description":"JTNDZGl2JTIwY2xhc3MlM0QlMjJib3gzJTIwbWFyMGklMjIlM0UlMEElM0NkaXYlMjBjbGFzcyUzRCUyMmIxJTIyJTNFJTBBJTNDaDQlM0VOQVBJU1olM0MlMkZoNCUzRSUwQSUzQ3AlM0UlM0NhJTIwaHJl","breadcrumb":{"@id":"https:\/\/www.zsk.olsztyn.pl\/przedszkole\/kontakt\/#breadcrumb"},"inLanguage":"pl-PL","potentialAction":[{"@type":"ReadAction","target":["https:\/\/www.zsk.olsztyn.pl\/przedszkole\/kontakt\/"]}]},{"@type":"BreadcrumbList","@id":"https:\/\/www.zsk.olsztyn.pl\/przedszkole\/kontakt\/#breadcrumb","itemListElement":[{"@type":"ListItem","position":1,"name":"Strona g\u0142\u00f3wna","item":"https:\/\/www.zsk.olsztyn.pl\/przedszkole\/"},{"@type":"ListItem","position":2,"name":"Kontakt"}]}]}},"_links":{"self":[{"href":"https:\/\/www.zsk.olsztyn.pl\/przedszkole\/wp-json\/wp\/v2\/pages\/26"}],"collection":[{"href":"https:\/\/www.zsk.olsztyn.pl\/przedszkole\/wp-json\/wp\/v2\/pages"}],"about":[{"href":"https:\/\/www.zsk.olsztyn.pl\/przedszkole\/wp-json\/wp\/v2\/types\/page"}],"author":[{"embeddable":true,"href":"https:\/\/www.zsk.olsztyn.pl\/przedszkole\/wp-json\/wp\/v2\/users\/1"}],"replies":[{"embeddable":true,"href":"https:\/\/www.zsk.olsztyn.pl\/przedszkole\/wp-json\/wp\/v2\/comments?post=26"}],"version-history":[{"count":34,"href":"https:\/\/www.zsk.olsztyn.pl\/przedszkole\/wp-json\/wp\/v2\/pages\/26\/revisions"}],"predecessor-version":[{"id":13610,"href":"https:\/\/www.zsk.olsztyn.pl\/przedszkole\/wp-json\/wp\/v2\/pages\/26\/revisions\/13610"}],"wp:attachment":[{"href":"https:\/\/www.zsk.olsztyn.pl\/przedszkole\/wp-json\/wp\/v2\/media?parent=26"}],"curies":[{"name":"wp","href":"https:\/\/api.w.org\/{rel}","templated":true}]}}