{"id":2088,"date":"2014-09-22T16:39:06","date_gmt":"2014-09-22T14:39:06","guid":{"rendered":"http:\/\/www.zsk.olsztyn.pl\/przedszkole\/?page_id=2088"},"modified":"2026-02-23T00:26:02","modified_gmt":"2026-02-22T22:26:02","slug":"zajecia-dodatkowe","status":"publish","type":"page","link":"https:\/\/www.zsk.olsztyn.pl\/przedszkole\/oferta\/zajecia-dodatkowe\/","title":{"rendered":"Zaj\u0119cia dodatkowe"},"content":{"rendered":"<p>[vc_row][vc_column][na_tytul tytuln=&#8221;Zaj\u0119cia dodatkowe w przedszkolu&#8221;][vc_tta_tabs active_section=&#8221;100&#8243; css_animation=&#8221;none&#8221; el_class=&#8221;zaj_dodatkowe&#8221;][vc_tta_section title=&#8221;Katecheza&#8221; tab_id=&#8221;katecheza&#8221;][vc_column_text]<\/p>\n<h3>KATECHEZA<\/h3>\n<p>Katecheza w przedszkolu odbywa si\u0119 w ka\u017cdej grupie przedszkolnej dwa razy w tygodniu. Celem zaj\u0119\u0107 jest zapoznanie dzieci z podstawowymi elementami religii katolickiej i przybli\u017cenie im Osoby Pana Boga jako stw\u00f3rcy \u015bwiata i \u017cycia tak, aby sta\u0142 si\u0119 On dla nich Przyjacielem.<\/p>\n<p>Katecheza przedszkolna pomaga rozwin\u0105\u0107 wiar\u0119 dzieci i buduje fundament dla ich przysz\u0142ej religijno\u015bci poprzez wsp\u00f3ln\u0105 rozmow\u0119 z Bogiem, wsp\u00f3lny \u015bpiew, a tak\u017ce tworzenie dobrych nawyk\u00f3w w kontaktach z innymi lud\u017ami.<\/p>\n<p><strong>Na religii promowana jest r\u00f3wnie\u017c postawa przedszkolaka, jako cz\u0142owieka prawego, \u017cyczliwego i otwartego na ludzi.<\/strong>\u00a0Wychowanie chrze\u015bcija\u0144skie to wychowanie do mi\u0142o\u015bci i budowanie \u017cycia swojego i dziecka na warto\u015bciach, kt\u00f3re Jezus pokazuje w Ewangelii.[\/vc_column_text][\/vc_tta_section][vc_tta_section title=&#8221;J\u0119zyk Angielski&#8221; tab_id=&#8221;jezykangielski&#8221;][vc_column_text]<\/p>\n<h3>J\u0118ZYK ANGIELSKI<\/h3>\n<p>Zaj\u0119cia z j\u0119zyka angielskiego odbywaj\u0105 si\u0119 we wszystkich grupach przedszkolnych trzy razy w tygodniu. Dzieci wprowadzane s\u0105 w \u015bwiat j\u0119zyka angielskiego poprzez zabaw\u0119. Realizowany program pozwala przedszkolakom w spos\u00f3b uporz\u0105dkowany poznawa\u0107 i utrwali\u0107 nowe s\u0142owa, zwroty, piosenki oraz wierszyki. Na ka\u017cdych zaj\u0119ciach dzieci uczestnicz\u0105 w atrakcyjnych grach i zabawach ruchowych.[\/vc_column_text][\/vc_tta_section][vc_tta_section title=&#8221;Ta\u0144ce&#8221; tab_id=&#8221;tance&#8221;][vc_column_text]<\/p>\n<h3>TA\u0143CE<\/h3>\n<p>W naszym przedszkolu\u00a0 organizowane s\u0105 zaj\u0119cia taneczne, kt\u00f3re prowadzi\u2013 instruktorka z Centrum Ta\u0144ca Wasilewski- Felska.. Zaj\u0119cia odbywaj\u0105 si\u0119 raz w tygodniu we wszystkich grupach przedszkolnych. Uk\u0142ady choreograficzne, kroki i figury dostosowane s\u0105 do wieku oraz mo\u017cliwo\u015bci dzieci. Szeroki wachlarz zabaw muzyczno- ruchowych, r\u00f3\u017cnorodne \u0107wiczenia oraz uk\u0142ady taneczne pozytywnie wp\u0142ywaj\u0105 przede wszystkim na prawid\u0142owych rozw\u00f3j psychoruchowy dziecka.<\/p>\n<p>Podczas zaj\u0119\u0107 dzieci maj\u0105 okazj\u0119 pozna\u0107\u00a0<strong>elementy Ta\u0144ca Towarzyskiego, Hip Hop, Jazz, Disco, Zumby i Ta\u0144ca Ludowego.\u00a0<\/strong>[\/vc_column_text][\/vc_tta_section][vc_tta_section title=&#8221;Rytmika&#8221; tab_id=&#8221;rytmika&#8221;][vc_column_text]<\/p>\n<h3>RYTMIKA<\/h3>\n<p>Rytmika to technika wychowania muzycznego, kt\u00f3ra kszta\u0142tuje s\u0142uch dziecka a przede wszystkim kultur\u0119 muzyczn\u0105. Dlatego w naszej plac\u00f3wce podczas zaj\u0119\u0107 kt\u00f3re s\u0105 raz w tygodniu, realizujemy r\u00f3\u017cne formy aktywno\u015bci muzycznych i ruchowych, takie jak np. \u015bpiew, taniec, s\u0142uchanie muzyki, nauk\u0119 gry na instrumentach czy improwizacj\u0119. Zaj\u0119cia s\u0105 prowadzone w tw\u00f3rczej atmosferze, a ich poziom jest dostosowany do wieku i mo\u017cliwo\u015bci percepcyjnych dzieci. Zaj\u0119cia rytmiczne ucz\u0105 koncentracji, poprawiaj\u0105 pami\u0119\u0107, zach\u0119caj\u0105 do aktywno\u015bci ruchowej, maj\u0105 korzystny wp\u0142yw na motoryk\u0119 i orientacj\u0119 przestrzenn\u0105 u dzieci.[\/vc_column_text][\/vc_tta_section][vc_tta_section title=&#8221;Malarstwo&#8221; tab_id=&#8221;malarstwo&#8221;][vc_column_text]<\/p>\n<h3>MALARSTWO<\/h3>\n<p>Zaj\u0119cia odbywaj\u0105 si\u0119 jeden raz w tygodniu, dla wszystkich dzieci z grupy 5 i 6- latk\u00f3w.\u00a0Zaj\u0119cia maj\u0105 na celu wszechstronny rozw\u00f3j dziecka, uwzgl\u0119dniaj\u0105c jego potrzeby\u00a0<strong>intelektualne<\/strong>,\u00a0<strong>emocjonalne<\/strong>\u00a0i\u00a0<strong>estetyczne<\/strong>,\u00a0<strong>rozwijanie zainteresowa\u0144<\/strong>,\u00a0<strong>umiej\u0119tno\u015bci<\/strong>\u00a0i\u00a0<strong>zdolno\u015bci plastycznych<\/strong>. Ponadto dzieci wyrabiaj\u0105 zdolno\u015b\u0107 do dzia\u0142ania i osi\u0105gania celu, poczucie \u0142adu, porz\u0105dku i estetyki, rozwijaj\u0105 wra\u017cliwo\u015b\u0107 na pi\u0119kno.<\/p>\n<p>Przedszkolaki poszerzaj\u0105 do\u015bwiadczenia zwi\u0105zane z nowymi technikami plastycznymi, eksperymentuj\u0105 z r\u00f3\u017cnymi materia\u0142ami i przyborami plastycznymi, rozwijaj\u0105 zdolno\u015bci manualne.\u00a0Zaj\u0119cia z malarstwa maj\u0105 przede wszystkim sprawia\u0107 przedszkolakom\u00a0<em>przyjemno\u015b\u0107,<\/em>\u00a0<em>dostarcza\u0107 wiele rado\u015bci z tw\u00f3rczego dzia\u0142ania<\/em>, jak r\u00f3wnie\u017c\u00a0<em>zadowolenia z uzyskanych efekt\u00f3w p<\/em>racy.[\/vc_column_text][\/vc_tta_section][vc_tta_section title=&#8221;Szachy&#8221; tab_id=&#8221;szachy&#8221;][vc_column_text]<\/p>\n<h3>SZACHY<\/h3>\n<p>Zaj\u0119cia szachowe s\u0105 organizowane dla dzieci 5-6 letnich, raz w tygodniu.<\/p>\n<p>Szachy odgrywaj\u0105 istotn\u0105 rol\u0119 w\u00a0nabywaniu i\u00a0kszta\u0142towaniu wielu umiej\u0119tno\u015bci wykorzystywanych przez cz\u0142owieka w\u00a0ci\u0105gu ca\u0142ego \u017cycia. Wprowadzenie nauki gry w\u00a0szachy w\u00a0m\u0142odszym wieku wp\u0142ywa wszechstronnie na rozw\u00f3j dzieci. Dzieci ucz\u0105ce si\u0119 gra\u0107 w\u00a0szachy dostrzegaj\u0105 w\u00a0nich przede wszystkim rozrywk\u0119, nie zdaj\u0105c sobie sprawy, \u017ce bawi\u0105c si\u0119 drewnianym wojskiem, ucz\u0105 si\u0119 i\u00a0doskonal\u0105 swoje umys\u0142y.<br \/>\n<strong><em>Zadaniem zaj\u0119\u0107 szachowego\u00a0jest:<\/em><\/strong><br \/>\n&#8211; przekazanie dzieciom podstawowych zasad gry szachowej;<br \/>\n&#8211; przekazanie szachowej pasji i\u00a0uwra\u017cliwienie na pi\u0119kno tej gry;<br \/>\n&#8211; udowodnienie, \u017ce szachy to \u0142atwa do opanowania rozrywka na ca\u0142e \u017cycie, poniewa\u017c to najbardziej fascynuj\u0105ca i\u00a0ekscytuj\u0105ca gra na \u015bwiecie.[\/vc_column_text][\/vc_tta_section][vc_tta_section title=&#8221;Warsztaty teatralne&#8221; tab_id=&#8221;warsztatyteatralne&#8221;][vc_column_text]<\/p>\n<h3>WARSZTATY TEATRALNE<\/h3>\n<p>Program \u201eZaj\u0119cia teatralno-muzyczne w przedszkolu\u201d to cykl zaj\u0119\u0107 dotycz\u0105cych tworzenia widowiska teatralnego. Celem jest zapoznanie dziecka ze sztuk\u0105 teatraln\u0105, poznanie \u015brodk\u00f3w wyrazu artystycznego stosowanych w teatrze, kszta\u0142cenie umiej\u0119tno\u015bci dramatycznych podczas zabaw tw\u00f3rczych, wprowadzenie element\u00f3w gry aktorskiej w tworzonych przez grup\u0119 inscenizacjach i widowiskach teatralnych, zako\u0144czonych wyst\u0119pem przed publiczno\u015bci\u0105.<br \/>\nZaj\u0119cia odbywaj\u0105 si\u0119 jeden raz w miesi\u0105cu, dla wszystkich dzieci z grupy 5 i 6- latk\u00f3w.[\/vc_column_text][\/vc_tta_section][vc_tta_section title=&#8221;gimnastyk rozwojowa&#8221; tab_id=&#8221;zajeciasportowe&#8221;][vc_column_text]<\/p>\n<h3>GIMNASTYKA ROZWOJOWA<\/h3>\n<p>W zwi\u0105zku z potrzeb\u0105 rozwijania pasji i zainteresowa\u0144 aktywno\u015bci\u0105 fizyczn\u0105, w Przedszkolu prowadzone s\u0105 dodatkowe zaj\u0119cia sportowe, kt\u00f3re odbywaj\u0105 si\u0119 raz w tygodniu w ka\u017cdej grupie przedszkolnej na hali sportowej.<\/p>\n<p>Zaj\u0119cia sportowe to spos\u00f3b na kszta\u0142towanie u dzieci sprawno\u015b\u0107 fizycznej, poznawania regu\u0142 wsp\u00f3\u0142pracy, wsp\u00f3\u0142zawodnictwa, poznawania podstawowych zasady nauki gier zespo\u0142owych. Nauczyciele prowadz\u0105c atrakcyjne zaj\u0119cia, \u00a0ucz\u0105 dzieci dyscypliny oraz pokonywania w\u0142asnych s\u0142abo\u015bci. Celem zaj\u0119\u0107 jest rozbudzenie pasji do ruchu oraz systematycznej aktywno\u015bci fizycznej.[\/vc_column_text][vc_gallery type=&#8221;image_grid&#8221; images=&#8221;24302,24303,24304&#8243;][\/vc_tta_section][vc_tta_section title=&#8221;Robotyka&#8221; tab_id=&#8221;robotyka&#8221;][vc_column_text]<\/p>\n<h3>ROBOTYKA<\/h3>\n<p>Zaj\u0119cia prowadzone s\u0105 przez pracownik\u00f3w\u00a0 firmy Coodi z u\u017cyciem klock\u00f3w Lego z serii Mindstorm oraz WeDo. S\u0105 to zaawansowane zabawki, kt\u00f3re mo\u017cna sk\u0142ada\u0107 i rozk\u0142ada\u0107 oraz dodatkowo programowa\u0107.<\/p>\n<p>Na\u00a0 zaj\u0119ciach \u00a0dzieci ucz\u0105 si\u0119 j\u0119zyka programowania oraz jego stosowania. Instruktorzy daj\u0105 zadania do wykonania i nadzoruj\u0105 ca\u0142y proces. Wykonane roboty potrafi\u0105 reagowa\u0107 na \u015bwiat\u0142o, obraz, d\u017awi\u0119k i wykonywa\u0107 r\u00f3wnie\u017c \u00a0polecenia. S\u0105 to \u015bwietne pomoce dydaktyczne, dzi\u0119ki kt\u00f3rym \u00a0dziecko by\u0107 mo\u017ce stanie si\u0119 w przysz\u0142o\u015bci in\u017cynierem czy naukowcem.<\/p>\n<p><strong><em>Zaj\u0119cia s\u0105 dodatkowo p\u0142atne.<\/em><\/strong>[\/vc_column_text][\/vc_tta_section][vc_tta_section title=&#8221;Ministranci&#8221; tab_id=&#8221;ministranci&#8221;][vc_column_text]<\/p>\n<h3>MINISTRANCI<\/h3>\n<p>Liturgiczna S\u0142u\u017cba O\u0142tarza jest wsp\u00f3lnot\u0105 ch\u0142opc\u00f3w oraz m\u0142odych m\u0119\u017cczyzn pos\u0142uguj\u0105cych przy o\u0142tarzu Pa\u0144skim podczas sprawowania Mszy \u015bw. czy nabo\u017ce\u0144stw. Z tego wzgl\u0119du\u00a0 w przedszkolu powsta\u0142a grupa ministrant\u00f3w w wielu 5-7 lat.\u00a0 Ich opiekunem jest ks. Eryk Sienkiewicz. Spotkania formacyjne\u00a0 odbywaj\u0105 si\u0119 w\u00a0 czwartki o godzinie 10.00\u00a0 Wszystkich ch\u0142opak\u00f3w, kt\u00f3rzy pragn\u0105 we wsp\u00f3lnocie z kolegami s\u0142u\u017cy\u0107 Jezusowi obecnemu w sakramentach oraz liturgii Ko\u015bcio\u0142a serdecznie zapraszamy.[\/vc_column_text][\/vc_tta_section][vc_tta_section title=&#8221;Schola&#8221; tab_id=&#8221;schola&#8221;][vc_column_text]<\/p>\n<h3>SCHOLA<\/h3>\n<p>W\u00a0 ka\u017cd\u0105 pierwsz\u0105 niedziel\u0119 miesi\u0105ca dzieci z naszego \u00a0przedszkola zbieraj\u0105 si\u0119 w ko\u015bciele przy parafii Chrystusa Odkupiciela Cz\u0142owieka , aby wsp\u00f3lnie si\u0119 modli\u0107 na Mszy \u015bw. za rodziny i dzieci nale\u017c\u0105cej do wsp\u00f3lnoty przedszkolnej.\u00a0 Opraw\u0119 muzyczn\u0105 przygotowuj\u0119\u00a0 schola przedszkolna, kt\u00f3ra powsta\u0142a aby rozwija\u0107 talenty dzieci i zainteresowania muzyk\u0105. Zesp\u00f3\u0142 ma pr\u00f3by w ka\u017cdy pi\u0105tek o godz.11.00, a na kt\u00f3rej poznaj\u0105 piosenki i pie\u015bni zgodnie z rokiem liturgicznym.[\/vc_column_text][\/vc_tta_section][vc_tta_section title=&#8221;TA\u0143CE LUDOWE&#8221; tab_id=&#8221;tanceludowe&#8221;][vc_column_text]<em>Ta\u0144ce ludowe to\u00a0radosna forma aktywno\u015bci, \u0142\u0105cz\u0105ca prost\u0105 choreografi\u0119 z elementami folkloru warmi\u0144skiego, rozwijaj\u0105ca rytmik\u0119, koordynacj\u0119 i wsp\u00f3\u0142prac\u0119 w grupie. <\/em><\/p>\n<p>W\u015br\u00f3d wielu korzy\u015bci, kt\u00f3re p\u0142yn\u0105 z nauki ta\u0144c\u00f3w ludowych, mo\u017cna wyr\u00f3\u017cni\u0107:<\/p>\n<ul>\n<li><strong>Rozw\u00f3j motoryczny:<\/strong>Ruch w ta\u0144cu wspiera koordynacj\u0119 i r\u00f3wnowag\u0119, co jest kluczowe w rozwoju fizycznym ma\u0142ych dzieci.<\/li>\n<li><strong>kultura i to\u017csamo\u015b\u0107:<\/strong>Dzi\u0119ki ta\u0144com ludowym dzieci poznaj\u0105 tradycje i obyczaje swojego regionu WARMII, co wzmacnia ich poczucie przynale\u017cno\u015bci.<\/li>\n<li><strong>Wsp\u00f3\u0142praca i zesp\u00f3\u0142:<\/strong>Taniec w grupie uczy dzieci wsp\u00f3\u0142dzia\u0142ania, co jest niezwykle istotne w procesie socjalizacji.<\/li>\n<li><strong>Ekspresja emocjonalna:<\/strong>Ruchy taneczne pozwalaj\u0105 na wyra\u017cenie uczu\u0107, co wp\u0142ywa na rozw\u00f3j emocjonalny przedszkolak\u00f3w.<\/li>\n<\/ul>\n<p>&nbsp;<\/p>\n<p><em>Zaj\u0119cia odbywaj\u0105 si\u0119 w grupach 5 i 6 latk\u00f3w raz w tygodniu 30 min.<\/em>[\/vc_column_text][vc_gallery type=&#8221;image_grid&#8221; images=&#8221;24294,24295,24296,24297,24298,24299,24300&#8243;][\/vc_tta_section][vc_tta_section title=&#8221;CERAMIKA&#8221; tab_id=&#8221;ceramika&#8221;][vc_column_text]Ceramika dla dzieci to\u00a0kreatywne zaj\u0119cia plastyczne polegaj\u0105ce na lepieniu z gliny, kt\u00f3re rozwijaj\u0105 ma\u0142\u0105 motoryk\u0119, wyobra\u017ani\u0119 przestrzenn\u0105 oraz koncentracj\u0119. Dzieci tworz\u0105 w\u0142asne figurki i naczynia, poznaj\u0105c proces od surowej gliny po wypa\u0142 i szkliwienie. To forma arteterapii, ucz\u0105ca cierpliwo\u015bci, estetyki i samodzielno\u015bci.<\/p>\n<p><em>Zaj\u0119cia odbywaj\u0105 si\u0119 raz w tygodniu\/ 45 min. dla dzieci z grup 5 i 6 letnich<\/em>[\/vc_column_text][vc_gallery type=&#8221;image_grid&#8221; images=&#8221;24276,24277,24278,24279,24280,24281,24282,24283,24284,24285,24286&#8243;][\/vc_tta_section][vc_tta_section title=&#8221;SZERMIERKA&#8221; tab_id=&#8221;szermierka&#8221;][vc_column_text]<em>Szermierka dla dzieci to\u00a0bezpieczny sport \u0142\u0105cz\u0105cy aktywno\u015b\u0107 fizyczn\u0105 z treningiem intelektualnym. Rozwija koordynacj\u0119, refleks, szybko\u015b\u0107 oraz uczy dyscypliny i koncentracji. Zaj\u0119cia opieraj\u0105 si\u0119 na grach, zabawach i nauce szermierki, najcz\u0119\u015bciej za pomoc\u0105 floretu.\u00a0<\/em><\/p>\n<p>Zaj\u0119cia s\u0105 prowadzone dla dzieci 6 letnich raz w tygodniu 1 godz. przez wykwalifikowanych instruktor\u00f3w sportu w zakresie szermierki.<\/p>\n<p><strong>Zaj\u0119cia obejmuj\u0105:<\/strong><\/p>\n<ul>\n<li>nauk\u0119 podstaw szermierki &#8211; pracy n\u00f3g, technik i taktyki konwencji szermierczej,<\/li>\n<li>elementy szermierki choreograficznej &#8211; formy i uk\u0142ady w parach,<\/li>\n<li>gimnastyk\u0119 og\u00f3lnorozwojow\u0105, tak\u017ce z wykorzystaniem sprz\u0119tu szermierczego,<\/li>\n<\/ul>\n<p>[\/vc_column_text][\/vc_tta_section][vc_tta_section title=&#8221;TENIS STO\u0141OWY&#8221; tab_id=&#8221;tenisstolowy&#8221;][vc_column_text]Tenis sto\u0142owy w przedszkolu to\u00a0doskona\u0142a forma aktywno\u015bci fizycznej, rozwijaj\u0105ca koordynacj\u0119 wzrokowo-ruchow\u0105, refleks, koncentracj\u0119 oraz zr\u0119czno\u015b\u0107 u najm\u0142odszych dzieci. Wprowadzany przez zabaw\u0119, tenis sto\u0142owy pomaga \u0107wiczy\u0107 koncentracj\u0119, precyzj\u0119 oraz uczy podstawowych zasad rywalizacji. Zaj\u0119cia dla przedszkolak\u00f3w obejmuj\u0105 nauk\u0119 chwytu rakietki, podrzucanie i odbijanie pi\u0142eczki, co stymuluje rozw\u00f3j fizyczny i poznawczy.<\/p>\n<p>&nbsp;<\/p>\n<p><em>Zaj\u0119cia s\u0105 prowadzone dla dzieci 6 letnich raz w tygodniu 1 godz. przez wykwalifikowanych instruktor\u00f3w.<\/em>[\/vc_column_text][\/vc_tta_section][\/vc_tta_tabs][\/vc_column][\/vc_row]<\/p>\n","protected":false},"excerpt":{"rendered":"<p>[vc_row][vc_column][na_tytul tytuln=&#8221;Zaj\u0119cia dodatkowe w przedszkolu&#8221;][vc_tta_tabs active_section=&#8221;100&#8243; css_animation=&#8221;none&#8221; el_class=&#8221;zaj_dodatkowe&#8221;][vc_tta_section title=&#8221;Katecheza&#8221; tab_id=&#8221;katecheza&#8221;][vc_column_text] KATECHEZA Katecheza w przedszkolu odbywa si\u0119 w ka\u017cdej grupie przedszkolnej dwa razy w tygodniu. Celem zaj\u0119\u0107 jest zapoznanie dzieci z podstawowymi elementami religii katolickiej i przybli\u017cenie im Osoby Pana Boga jako stw\u00f3rcy \u015bwiata i \u017cycia tak, aby sta\u0142 si\u0119 On dla nich Przyjacielem. Katecheza przedszkolna<\/p>\n","protected":false},"author":1,"featured_media":0,"parent":13572,"menu_order":0,"comment_status":"open","ping_status":"closed","template":"","meta":[],"yoast_head":"<!-- This site is optimized with the Yoast SEO plugin v18.2 - https:\/\/yoast.com\/wordpress\/plugins\/seo\/ -->\n<title>Zaj\u0119cia dodatkowe - Katolicki Zesp\u00f3\u0142 Edukacyjny - Niepubliczne przedszkole<\/title>\n<meta name=\"description\" content=\"KATECHEZA Katecheza w przedszkolu odbywa si\u0119 w ka\u017cdej grupie przedszkolnej dwa razy w tygodniu. Celem zaj\u0119\u0107 jest zapoznanie dzieci z podstawowymi\" \/>\n<meta name=\"robots\" content=\"index, follow, max-snippet:-1, max-image-preview:large, max-video-preview:-1\" \/>\n<link rel=\"canonical\" href=\"https:\/\/www.zsk.olsztyn.pl\/przedszkole\/oferta\/zajecia-dodatkowe\/\" \/>\n<meta name=\"twitter:label1\" content=\"Szacowany czas czytania\" \/>\n\t<meta name=\"twitter:data1\" content=\"6 minut\" \/>\n<script type=\"application\/ld+json\" class=\"yoast-schema-graph\">{\"@context\":\"https:\/\/schema.org\",\"@graph\":[{\"@type\":\"WebSite\",\"@id\":\"https:\/\/www.zsk.olsztyn.pl\/przedszkole\/#website\",\"url\":\"https:\/\/www.zsk.olsztyn.pl\/przedszkole\/\",\"name\":\"Katolicki Zesp\u00f3\u0142 Edukacyjny - Niepubliczne przedszkole\",\"description\":\"Zapraszamy na stron\u0119 katolickiego niepublicznego przedszkola\",\"potentialAction\":[{\"@type\":\"SearchAction\",\"target\":{\"@type\":\"EntryPoint\",\"urlTemplate\":\"https:\/\/www.zsk.olsztyn.pl\/przedszkole\/?s={search_term_string}\"},\"query-input\":\"required name=search_term_string\"}],\"inLanguage\":\"pl-PL\"},{\"@type\":\"WebPage\",\"@id\":\"https:\/\/www.zsk.olsztyn.pl\/przedszkole\/oferta\/zajecia-dodatkowe\/#webpage\",\"url\":\"https:\/\/www.zsk.olsztyn.pl\/przedszkole\/oferta\/zajecia-dodatkowe\/\",\"name\":\"Zaj\u0119cia dodatkowe - Katolicki Zesp\u00f3\u0142 Edukacyjny - Niepubliczne przedszkole\",\"isPartOf\":{\"@id\":\"https:\/\/www.zsk.olsztyn.pl\/przedszkole\/#website\"},\"datePublished\":\"2014-09-22T14:39:06+00:00\",\"dateModified\":\"2026-02-22T22:26:02+00:00\",\"description\":\"KATECHEZA Katecheza w przedszkolu odbywa si\u0119 w ka\u017cdej grupie przedszkolnej dwa razy w tygodniu. Celem zaj\u0119\u0107 jest zapoznanie dzieci z podstawowymi\",\"breadcrumb\":{\"@id\":\"https:\/\/www.zsk.olsztyn.pl\/przedszkole\/oferta\/zajecia-dodatkowe\/#breadcrumb\"},\"inLanguage\":\"pl-PL\",\"potentialAction\":[{\"@type\":\"ReadAction\",\"target\":[\"https:\/\/www.zsk.olsztyn.pl\/przedszkole\/oferta\/zajecia-dodatkowe\/\"]}]},{\"@type\":\"BreadcrumbList\",\"@id\":\"https:\/\/www.zsk.olsztyn.pl\/przedszkole\/oferta\/zajecia-dodatkowe\/#breadcrumb\",\"itemListElement\":[{\"@type\":\"ListItem\",\"position\":1,\"name\":\"Strona g\u0142\u00f3wna\",\"item\":\"https:\/\/www.zsk.olsztyn.pl\/przedszkole\/\"},{\"@type\":\"ListItem\",\"position\":2,\"name\":\"Oferta\",\"item\":\"https:\/\/www.zsk.olsztyn.pl\/przedszkole\/oferta\/\"},{\"@type\":\"ListItem\",\"position\":3,\"name\":\"Zaj\u0119cia dodatkowe\"}]}]}<\/script>\n<!-- \/ Yoast SEO plugin. -->","yoast_head_json":{"title":"Zaj\u0119cia dodatkowe - Katolicki Zesp\u00f3\u0142 Edukacyjny - Niepubliczne przedszkole","description":"KATECHEZA Katecheza w przedszkolu odbywa si\u0119 w ka\u017cdej grupie przedszkolnej dwa razy w tygodniu. Celem zaj\u0119\u0107 jest zapoznanie dzieci z podstawowymi","robots":{"index":"index","follow":"follow","max-snippet":"max-snippet:-1","max-image-preview":"max-image-preview:large","max-video-preview":"max-video-preview:-1"},"canonical":"https:\/\/www.zsk.olsztyn.pl\/przedszkole\/oferta\/zajecia-dodatkowe\/","twitter_misc":{"Szacowany czas czytania":"6 minut"},"schema":{"@context":"https:\/\/schema.org","@graph":[{"@type":"WebSite","@id":"https:\/\/www.zsk.olsztyn.pl\/przedszkole\/#website","url":"https:\/\/www.zsk.olsztyn.pl\/przedszkole\/","name":"Katolicki Zesp\u00f3\u0142 Edukacyjny - Niepubliczne przedszkole","description":"Zapraszamy na stron\u0119 katolickiego niepublicznego przedszkola","potentialAction":[{"@type":"SearchAction","target":{"@type":"EntryPoint","urlTemplate":"https:\/\/www.zsk.olsztyn.pl\/przedszkole\/?s={search_term_string}"},"query-input":"required name=search_term_string"}],"inLanguage":"pl-PL"},{"@type":"WebPage","@id":"https:\/\/www.zsk.olsztyn.pl\/przedszkole\/oferta\/zajecia-dodatkowe\/#webpage","url":"https:\/\/www.zsk.olsztyn.pl\/przedszkole\/oferta\/zajecia-dodatkowe\/","name":"Zaj\u0119cia dodatkowe - Katolicki Zesp\u00f3\u0142 Edukacyjny - Niepubliczne przedszkole","isPartOf":{"@id":"https:\/\/www.zsk.olsztyn.pl\/przedszkole\/#website"},"datePublished":"2014-09-22T14:39:06+00:00","dateModified":"2026-02-22T22:26:02+00:00","description":"KATECHEZA Katecheza w przedszkolu odbywa si\u0119 w ka\u017cdej grupie przedszkolnej dwa razy w tygodniu. Celem zaj\u0119\u0107 jest zapoznanie dzieci z podstawowymi","breadcrumb":{"@id":"https:\/\/www.zsk.olsztyn.pl\/przedszkole\/oferta\/zajecia-dodatkowe\/#breadcrumb"},"inLanguage":"pl-PL","potentialAction":[{"@type":"ReadAction","target":["https:\/\/www.zsk.olsztyn.pl\/przedszkole\/oferta\/zajecia-dodatkowe\/"]}]},{"@type":"BreadcrumbList","@id":"https:\/\/www.zsk.olsztyn.pl\/przedszkole\/oferta\/zajecia-dodatkowe\/#breadcrumb","itemListElement":[{"@type":"ListItem","position":1,"name":"Strona g\u0142\u00f3wna","item":"https:\/\/www.zsk.olsztyn.pl\/przedszkole\/"},{"@type":"ListItem","position":2,"name":"Oferta","item":"https:\/\/www.zsk.olsztyn.pl\/przedszkole\/oferta\/"},{"@type":"ListItem","position":3,"name":"Zaj\u0119cia dodatkowe"}]}]}},"_links":{"self":[{"href":"https:\/\/www.zsk.olsztyn.pl\/przedszkole\/wp-json\/wp\/v2\/pages\/2088"}],"collection":[{"href":"https:\/\/www.zsk.olsztyn.pl\/przedszkole\/wp-json\/wp\/v2\/pages"}],"about":[{"href":"https:\/\/www.zsk.olsztyn.pl\/przedszkole\/wp-json\/wp\/v2\/types\/page"}],"author":[{"embeddable":true,"href":"https:\/\/www.zsk.olsztyn.pl\/przedszkole\/wp-json\/wp\/v2\/users\/1"}],"replies":[{"embeddable":true,"href":"https:\/\/www.zsk.olsztyn.pl\/przedszkole\/wp-json\/wp\/v2\/comments?post=2088"}],"version-history":[{"count":27,"href":"https:\/\/www.zsk.olsztyn.pl\/przedszkole\/wp-json\/wp\/v2\/pages\/2088\/revisions"}],"predecessor-version":[{"id":24308,"href":"https:\/\/www.zsk.olsztyn.pl\/przedszkole\/wp-json\/wp\/v2\/pages\/2088\/revisions\/24308"}],"up":[{"embeddable":true,"href":"https:\/\/www.zsk.olsztyn.pl\/przedszkole\/wp-json\/wp\/v2\/pages\/13572"}],"wp:attachment":[{"href":"https:\/\/www.zsk.olsztyn.pl\/przedszkole\/wp-json\/wp\/v2\/media?parent=2088"}],"curies":[{"name":"wp","href":"https:\/\/api.w.org\/{rel}","templated":true}]}}