{"id":2084,"date":"2014-09-22T16:38:08","date_gmt":"2014-09-22T14:38:08","guid":{"rendered":"http:\/\/www.zsk.olsztyn.pl\/przedszkole\/?page_id=2084"},"modified":"2022-02-25T16:46:09","modified_gmt":"2022-02-25T14:46:09","slug":"plan-dnia","status":"publish","type":"page","link":"https:\/\/www.zsk.olsztyn.pl\/przedszkole\/organizacja\/plan-dnia\/","title":{"rendered":"Plan dnia"},"content":{"rendered":"<p>[vc_row][vc_column][na_tytul tytuln=&#8221;Plan dnia&#8221;][\/vc_column][\/vc_row][vc_row css=&#8221;.vc_custom_1560819570461{padding-bottom: 10px !important;}&#8221;][vc_column width=&#8221;1\/2&#8243;][vc_btn title=&#8221;Plan dnia &#8211; 3 Latki&#8221; style=&#8221;flat&#8221; shape=&#8221;square&#8221; color=&#8221;green&#8221; size=&#8221;lg&#8221; align=&#8221;center&#8221; button_block=&#8221;true&#8221; link=&#8221;url:http%3A%2F%2Fwww.zsk.olsztyn.pl%2Fprzedszkole%2Forganizacja%2Fplan-dnia%2Fplan-dnia-3-latki%2F|title:Historia&#8221; el_class=&#8221;fullw&#8221;][\/vc_column][vc_column width=&#8221;1\/2&#8243;][vc_btn title=&#8221;Plan dnia &#8211; 4 Latki&#8221; style=&#8221;classic&#8221; shape=&#8221;square&#8221; color=&#8221;green&#8221; size=&#8221;lg&#8221; align=&#8221;center&#8221; button_block=&#8221;true&#8221; link=&#8221;url:http%3A%2F%2Fwww.zsk.olsztyn.pl%2Fprzedszkole%2Forganizacja%2Fplan-dnia%2Fplan-dnia-4-latki%2F|title:Rada%20pedagogiczna&#8221; el_class=&#8221;fullw&#8221;][\/vc_column][\/vc_row][vc_row css=&#8221;.vc_custom_1560819850409{padding-bottom: 10px !important;}&#8221;][vc_column width=&#8221;1\/2&#8243;][vc_btn title=&#8221;Plan dnia &#8211; 5 Latki&#8221; style=&#8221;flat&#8221; shape=&#8221;square&#8221; color=&#8221;green&#8221; size=&#8221;lg&#8221; align=&#8221;center&#8221; button_block=&#8221;true&#8221; link=&#8221;url:http%3A%2F%2Fwww.zsk.olsztyn.pl%2Fprzedszkole%2Forganizacja%2Fplan-dnia%2Fplan-dnia-5-latki%2F|title:Certyfikaty&#8221; el_class=&#8221;fullw&#8221;][\/vc_column][vc_column width=&#8221;1\/2&#8243;][vc_btn title=&#8221;Plan dnia &#8211; 6 Latki&#8221; style=&#8221;classic&#8221; shape=&#8221;square&#8221; color=&#8221;green&#8221; size=&#8221;lg&#8221; align=&#8221;center&#8221; button_block=&#8221;true&#8221; link=&#8221;url:http%3A%2F%2Fwww.zsk.olsztyn.pl%2Fprzedszkole%2Forganizacja%2Fplan-dnia%2Fplan-dnia-6-latki%2F|title:Kalendarium%20szkolne&#8221; el_class=&#8221;fullw&#8221;][\/vc_column][\/vc_row]<\/p>\n","protected":false},"excerpt":{"rendered":"<p>[vc_row][vc_column][na_tytul tytuln=&#8221;Plan dnia&#8221;][\/vc_column][\/vc_row][vc_row css=&#8221;.vc_custom_1560819570461{padding-bottom: 10px !important;}&#8221;][vc_column width=&#8221;1\/2&#8243;][vc_btn title=&#8221;Plan dnia &#8211; 3 Latki&#8221; style=&#8221;flat&#8221; shape=&#8221;square&#8221; color=&#8221;green&#8221; size=&#8221;lg&#8221; align=&#8221;center&#8221; button_block=&#8221;true&#8221; link=&#8221;url:http%3A%2F%2Fwww.zsk.olsztyn.pl%2Fprzedszkole%2Forganizacja%2Fplan-dnia%2Fplan-dnia-3-latki%2F|title:Historia&#8221; el_class=&#8221;fullw&#8221;][\/vc_column][vc_column width=&#8221;1\/2&#8243;][vc_btn title=&#8221;Plan dnia &#8211; 4 Latki&#8221; style=&#8221;classic&#8221; shape=&#8221;square&#8221; color=&#8221;green&#8221; size=&#8221;lg&#8221; align=&#8221;center&#8221; button_block=&#8221;true&#8221; link=&#8221;url:http%3A%2F%2Fwww.zsk.olsztyn.pl%2Fprzedszkole%2Forganizacja%2Fplan-dnia%2Fplan-dnia-4-latki%2F|title:Rada%20pedagogiczna&#8221; el_class=&#8221;fullw&#8221;][\/vc_column][\/vc_row][vc_row css=&#8221;.vc_custom_1560819850409{padding-bottom: 10px !important;}&#8221;][vc_column width=&#8221;1\/2&#8243;][vc_btn title=&#8221;Plan dnia &#8211; 5 Latki&#8221; style=&#8221;flat&#8221; shape=&#8221;square&#8221; color=&#8221;green&#8221; size=&#8221;lg&#8221; align=&#8221;center&#8221; button_block=&#8221;true&#8221; link=&#8221;url:http%3A%2F%2Fwww.zsk.olsztyn.pl%2Fprzedszkole%2Forganizacja%2Fplan-dnia%2Fplan-dnia-5-latki%2F|title:Certyfikaty&#8221; el_class=&#8221;fullw&#8221;][\/vc_column][vc_column width=&#8221;1\/2&#8243;][vc_btn title=&#8221;Plan dnia &#8211;<\/p>\n","protected":false},"author":1,"featured_media":0,"parent":2080,"menu_order":0,"comment_status":"open","ping_status":"closed","template":"","meta":[],"yoast_head":"<!-- This site is optimized with the Yoast SEO plugin v18.2 - https:\/\/yoast.com\/wordpress\/plugins\/seo\/ -->\n<title>Plan dnia - Katolicki Zesp\u00f3\u0142 Edukacyjny - Niepubliczne przedszkole<\/title>\n<meta name=\"robots\" content=\"index, follow, max-snippet:-1, max-image-preview:large, max-video-preview:-1\" \/>\n<link rel=\"canonical\" href=\"https:\/\/www.zsk.olsztyn.pl\/przedszkole\/organizacja\/plan-dnia\/\" \/>\n<meta name=\"twitter:label1\" content=\"Szacowany czas czytania\" \/>\n\t<meta name=\"twitter:data1\" content=\"1 minuta\" \/>\n<script type=\"application\/ld+json\" class=\"yoast-schema-graph\">{\"@context\":\"https:\/\/schema.org\",\"@graph\":[{\"@type\":\"WebSite\",\"@id\":\"https:\/\/www.zsk.olsztyn.pl\/przedszkole\/#website\",\"url\":\"https:\/\/www.zsk.olsztyn.pl\/przedszkole\/\",\"name\":\"Katolicki Zesp\u00f3\u0142 Edukacyjny - Niepubliczne przedszkole\",\"description\":\"Zapraszamy na stron\u0119 katolickiego niepublicznego przedszkola\",\"potentialAction\":[{\"@type\":\"SearchAction\",\"target\":{\"@type\":\"EntryPoint\",\"urlTemplate\":\"https:\/\/www.zsk.olsztyn.pl\/przedszkole\/?s={search_term_string}\"},\"query-input\":\"required name=search_term_string\"}],\"inLanguage\":\"pl-PL\"},{\"@type\":\"WebPage\",\"@id\":\"https:\/\/www.zsk.olsztyn.pl\/przedszkole\/organizacja\/plan-dnia\/#webpage\",\"url\":\"https:\/\/www.zsk.olsztyn.pl\/przedszkole\/organizacja\/plan-dnia\/\",\"name\":\"Plan dnia - Katolicki Zesp\u00f3\u0142 Edukacyjny - Niepubliczne przedszkole\",\"isPartOf\":{\"@id\":\"https:\/\/www.zsk.olsztyn.pl\/przedszkole\/#website\"},\"datePublished\":\"2014-09-22T14:38:08+00:00\",\"dateModified\":\"2022-02-25T14:46:09+00:00\",\"breadcrumb\":{\"@id\":\"https:\/\/www.zsk.olsztyn.pl\/przedszkole\/organizacja\/plan-dnia\/#breadcrumb\"},\"inLanguage\":\"pl-PL\",\"potentialAction\":[{\"@type\":\"ReadAction\",\"target\":[\"https:\/\/www.zsk.olsztyn.pl\/przedszkole\/organizacja\/plan-dnia\/\"]}]},{\"@type\":\"BreadcrumbList\",\"@id\":\"https:\/\/www.zsk.olsztyn.pl\/przedszkole\/organizacja\/plan-dnia\/#breadcrumb\",\"itemListElement\":[{\"@type\":\"ListItem\",\"position\":1,\"name\":\"Strona g\u0142\u00f3wna\",\"item\":\"https:\/\/www.zsk.olsztyn.pl\/przedszkole\/\"},{\"@type\":\"ListItem\",\"position\":2,\"name\":\"Organizacja\",\"item\":\"https:\/\/www.zsk.olsztyn.pl\/przedszkole\/organizacja\/\"},{\"@type\":\"ListItem\",\"position\":3,\"name\":\"Plan dnia\"}]}]}<\/script>\n<!-- \/ Yoast SEO plugin. -->","yoast_head_json":{"title":"Plan dnia - Katolicki Zesp\u00f3\u0142 Edukacyjny - Niepubliczne przedszkole","robots":{"index":"index","follow":"follow","max-snippet":"max-snippet:-1","max-image-preview":"max-image-preview:large","max-video-preview":"max-video-preview:-1"},"canonical":"https:\/\/www.zsk.olsztyn.pl\/przedszkole\/organizacja\/plan-dnia\/","twitter_misc":{"Szacowany czas czytania":"1 minuta"},"schema":{"@context":"https:\/\/schema.org","@graph":[{"@type":"WebSite","@id":"https:\/\/www.zsk.olsztyn.pl\/przedszkole\/#website","url":"https:\/\/www.zsk.olsztyn.pl\/przedszkole\/","name":"Katolicki Zesp\u00f3\u0142 Edukacyjny - Niepubliczne przedszkole","description":"Zapraszamy na stron\u0119 katolickiego niepublicznego przedszkola","potentialAction":[{"@type":"SearchAction","target":{"@type":"EntryPoint","urlTemplate":"https:\/\/www.zsk.olsztyn.pl\/przedszkole\/?s={search_term_string}"},"query-input":"required name=search_term_string"}],"inLanguage":"pl-PL"},{"@type":"WebPage","@id":"https:\/\/www.zsk.olsztyn.pl\/przedszkole\/organizacja\/plan-dnia\/#webpage","url":"https:\/\/www.zsk.olsztyn.pl\/przedszkole\/organizacja\/plan-dnia\/","name":"Plan dnia - Katolicki Zesp\u00f3\u0142 Edukacyjny - Niepubliczne przedszkole","isPartOf":{"@id":"https:\/\/www.zsk.olsztyn.pl\/przedszkole\/#website"},"datePublished":"2014-09-22T14:38:08+00:00","dateModified":"2022-02-25T14:46:09+00:00","breadcrumb":{"@id":"https:\/\/www.zsk.olsztyn.pl\/przedszkole\/organizacja\/plan-dnia\/#breadcrumb"},"inLanguage":"pl-PL","potentialAction":[{"@type":"ReadAction","target":["https:\/\/www.zsk.olsztyn.pl\/przedszkole\/organizacja\/plan-dnia\/"]}]},{"@type":"BreadcrumbList","@id":"https:\/\/www.zsk.olsztyn.pl\/przedszkole\/organizacja\/plan-dnia\/#breadcrumb","itemListElement":[{"@type":"ListItem","position":1,"name":"Strona g\u0142\u00f3wna","item":"https:\/\/www.zsk.olsztyn.pl\/przedszkole\/"},{"@type":"ListItem","position":2,"name":"Organizacja","item":"https:\/\/www.zsk.olsztyn.pl\/przedszkole\/organizacja\/"},{"@type":"ListItem","position":3,"name":"Plan dnia"}]}]}},"_links":{"self":[{"href":"https:\/\/www.zsk.olsztyn.pl\/przedszkole\/wp-json\/wp\/v2\/pages\/2084"}],"collection":[{"href":"https:\/\/www.zsk.olsztyn.pl\/przedszkole\/wp-json\/wp\/v2\/pages"}],"about":[{"href":"https:\/\/www.zsk.olsztyn.pl\/przedszkole\/wp-json\/wp\/v2\/types\/page"}],"author":[{"embeddable":true,"href":"https:\/\/www.zsk.olsztyn.pl\/przedszkole\/wp-json\/wp\/v2\/users\/1"}],"replies":[{"embeddable":true,"href":"https:\/\/www.zsk.olsztyn.pl\/przedszkole\/wp-json\/wp\/v2\/comments?post=2084"}],"version-history":[{"count":14,"href":"https:\/\/www.zsk.olsztyn.pl\/przedszkole\/wp-json\/wp\/v2\/pages\/2084\/revisions"}],"predecessor-version":[{"id":14060,"href":"https:\/\/www.zsk.olsztyn.pl\/przedszkole\/wp-json\/wp\/v2\/pages\/2084\/revisions\/14060"}],"up":[{"embeddable":true,"href":"https:\/\/www.zsk.olsztyn.pl\/przedszkole\/wp-json\/wp\/v2\/pages\/2080"}],"wp:attachment":[{"href":"https:\/\/www.zsk.olsztyn.pl\/przedszkole\/wp-json\/wp\/v2\/media?parent=2084"}],"curies":[{"name":"wp","href":"https:\/\/api.w.org\/{rel}","templated":true}]}}