{"id":2074,"date":"2014-09-22T16:30:32","date_gmt":"2014-09-22T14:30:32","guid":{"rendered":"http:\/\/www.zsk.olsztyn.pl\/przedszkole\/?page_id=2074"},"modified":"2022-02-25T03:15:07","modified_gmt":"2022-02-25T01:15:07","slug":"dzialania-adaptacyjne","status":"publish","type":"page","link":"https:\/\/www.zsk.olsztyn.pl\/przedszkole\/organizacja\/dzialania-adaptacyjne\/","title":{"rendered":"Dzia\u0142ania adaptacyjne"},"content":{"rendered":"<p>[vc_row][vc_column][na_tytul tytuln=&#8221;Dzia\u0142ania adaptacyjne&#8221;][vc_column_text]<\/p>\n<h3>PLAN DZIA\u0141A\u0143 ADAPTACYJNYCH DZIECI I RODZIC\u00d3W<\/h3>\n<table class=\"trekr\">\n<tbody>\n<tr>\n<td class=\"ttop\">\n<p style=\"text-align: center;\"><strong>Forma<\/strong><\/p>\n<\/td>\n<td class=\"ttop\">Termin<\/td>\n<td class=\"ttop\">Cele<\/td>\n<\/tr>\n<tr>\n<td>1.Spotkanie adaptacyjne:<\/p>\n<ul class=\"gwia\">\n<li>zebranie og\u00f3lne<\/li>\n<li>rozmowy wst\u0119pne<\/li>\n<\/ul>\n<\/td>\n<td>marzec<\/td>\n<td>\n<ul class=\"ul_strz\">\n<li>zapoznanie rodzic\u00f3w z warunkami oraz mo\u017cliwo\u015bciami rozwoju dzieci,<\/li>\n<li>zwiedzanie przedszkola, zapoznanie z rozk\u0142adem pomieszcze\u0144 nale\u017c\u0105cych do grupy,<\/li>\n<li>uzyskanie informacji na temat po\u017c\u0105danych umiej\u0119tno\u015bci, jakie powinno posiada\u0107 dziecko wst\u0119puj\u0105ce w progi przedszkola,<\/li>\n<li>pozyskanie informacji na temat dziecka<\/li>\n<\/ul>\n<\/td>\n<\/tr>\n<tr>\n<td>2.Spotkanie integracyjne: (wychowawca -rodzic- dziecko)<\/td>\n<td>czerwiec<\/td>\n<td>\n<ul class=\"ul_strz\">\n<li>obserwacja dziecka w czasie zabawy,<\/li>\n<li>przy wsp\u00f3lnej zabawie dzieci poznaj\u0105 swoich przysz\u0142ych koleg\u00f3w, a tak\u017ce maj\u0105 mo\u017cliwo\u015b\u0107 obejrzenia sal i wyposa\u017cenia plac\u00f3wki<\/li>\n<li>zapoznanie si\u0119 nauczyciela z dzie\u0107mi i ich poziomem rozwoju,<\/li>\n<li>aklimatyzacja dzieci do warunk\u00f3w przedszkola<\/li>\n<\/ul>\n<\/td>\n<\/tr>\n<tr>\n<td>3.Zaj\u0119cia:<\/p>\n<ul class=\"gwia\">\n<li>popo\u0142udniowe spotkania rodzinne,<\/li>\n<li>zaj\u0119cia otwarte z dzie\u0107mi dla rodzic\u00f3w,<\/li>\n<li>warsztaty z rodzicami (ew. z dzie\u0107mi)<\/li>\n<\/ul>\n<\/td>\n<td>czerwiec<\/td>\n<td>\n<ul class=\"ul_strz\">\n<li>integracja \u015brodowiska przedszkolnego,<\/li>\n<li>stwarzanie atmosfery zaufania,<\/li>\n<li>zach\u0119cani do wsp\u00f3\u0142dzia\u0142ania w inicjatywach przedszkola,<\/li>\n<li>wzmacnianie wi\u0119zi dziecka z rodzin\u0105,<\/li>\n<li>stwarzanie rodzicom propozycji w\u0142a\u015bciwej stymulacji w\u0142a\u015bciwej wspierania swojego dziecka<\/li>\n<\/ul>\n<\/td>\n<\/tr>\n<tr>\n<td>4.Pobyt rodzic\u00f3w z dzie\u0107mi w przedszkolu.<\/td>\n<td>ostatni tydzie\u0144 sierpnia<\/td>\n<td>Proponowanie rodzicom przebywania z dzieckiem w sali przez pierwsze dni.Pobyt ten mo\u017ce by\u0107 ca\u0142odzienny lub kr\u00f3tszy, w zale\u017cno\u015bci od zachowa\u0144 dziecka. Pozwala to dzieciom poczu\u0107 si\u0119 bezpieczniej, a rodzice mog\u0105 sami zobaczy\u0107 , jak czuj\u0105 si\u0119 ich pociechy.<\/td>\n<\/tr>\n<tr>\n<td>5. Kontakty z rodzicami.<\/td>\n<td>ca\u0142y rok, wg potrzeb<\/td>\n<td>\n<ul class=\"ul_strz\">\n<li>badanie oczekiwa\u0144 rodzic\u00f3w wobec przedszkola,<\/li>\n<li>ustalenie zasad kontaktu i wsp\u00f3\u0142pracy,<\/li>\n<li>rozmowy z rodzicami<\/li>\n<li>wyk\u0142ady i pogadanki &#8211; pedagogizacja,<\/li>\n<li>codzienny kontakt w przedszkolu,<\/li>\n<li>zebrania grupowe,<\/li>\n<li>udzia\u0142 w organizowanych imprezach i uroczysto\u015bciach<\/li>\n<\/ul>\n<\/td>\n<\/tr>\n<tr>\n<td>6.Aktualizacja tablicy informacyjnej dla rodzic\u00f3w.<\/td>\n<td>\n<ul class=\"ul_strz\">\n<li>ca\u0142y rok,<\/li>\n<li>wg potrzeb<\/li>\n<\/ul>\n<\/td>\n<td>\n<ul class=\"ul_strz\">\n<li>propozycje zada\u0144 edukacyjnych i wychowawczych do pracy z dzie\u0107mi na dany miesi\u0105c,<\/li>\n<li>stopie\u0144 ich realizacji,<\/li>\n<li>repertuar wierszy i piosenek do pracy z dzie\u0107mi,<\/li>\n<li>aktualno\u015bci z \u017cycia grupy (zdj\u0119cia z imprez i uroczysto\u015bci grupowych),<\/li>\n<li>propozycje literatury pedagogicznej np. dotycz\u0105cej adaptacji i rozwoju emocjonalno-spo\u0142ecznego dzieci w wieku przedszkolnym,<\/li>\n<li>inne aktualne tematy<\/li>\n<\/ul>\n<\/td>\n<\/tr>\n<\/tbody>\n<\/table>\n<p style=\"text-align: justify;\">Proponowane formy adaptacji dzieci do warunk\u00f3w przedszkola powinny u\u0142atwi\u0107 dalsz\u0105 wsp\u00f3\u0142prac\u0119 z rodzicami, prze\u0142ama\u0107 bariery emocjonalne u dzieci i stworzy\u0107 atmosfer\u0119 rado\u015bci, przyja\u017ani i zaufania. Wszystkie te dzia\u0142ania maj\u0105 u\u0142atwi\u0107 dzieciom start w przedszkolu i zach\u0119ci\u0107 rodzic\u00f3w do dzia\u0142ania i wsp\u00f3\u0142pracy, stworzy\u0107 przedszkole przyjazne dzieciom, tw\u00f3rcze i otwarte na \u015brodowisko.<\/p>\n<p>[\/vc_column_text][\/vc_column][\/vc_row][vc_row][vc_column][vc_column_text]<\/p>\n<p>[\/vc_column_text][\/vc_column][\/vc_row]<\/p>\n","protected":false},"excerpt":{"rendered":"<p>[vc_row][vc_column][na_tytul tytuln=&#8221;Dzia\u0142ania adaptacyjne&#8221;][vc_column_text] PLAN DZIA\u0141A\u0143 ADAPTACYJNYCH DZIECI I RODZIC\u00d3W Forma Termin Cele 1.Spotkanie adaptacyjne: zebranie og\u00f3lne rozmowy wst\u0119pne marzec zapoznanie rodzic\u00f3w z warunkami oraz mo\u017cliwo\u015bciami rozwoju dzieci, zwiedzanie przedszkola, zapoznanie z rozk\u0142adem pomieszcze\u0144 nale\u017c\u0105cych do grupy, uzyskanie informacji na temat po\u017c\u0105danych umiej\u0119tno\u015bci, jakie powinno posiada\u0107 dziecko wst\u0119puj\u0105ce w progi przedszkola, pozyskanie informacji na temat dziecka<\/p>\n","protected":false},"author":1,"featured_media":0,"parent":2080,"menu_order":0,"comment_status":"open","ping_status":"closed","template":"","meta":[],"yoast_head":"<!-- This site is optimized with the Yoast SEO plugin v18.2 - https:\/\/yoast.com\/wordpress\/plugins\/seo\/ -->\n<title>Dzia\u0142ania adaptacyjne - Katolicki Zesp\u00f3\u0142 Edukacyjny - Niepubliczne przedszkole<\/title>\n<meta name=\"description\" content=\"PLAN DZIA\u0141A\u0143 ADAPTACYJNYCH DZIECI I RODZIC\u00d3W Forma Termin Cele 1.Spotkanie adaptacyjne: zebranie og\u00f3lne rozmowy wst\u0119pne marzec zapoznanie rodzic\u00f3w z\" \/>\n<meta name=\"robots\" content=\"index, follow, max-snippet:-1, max-image-preview:large, max-video-preview:-1\" \/>\n<link rel=\"canonical\" href=\"https:\/\/www.zsk.olsztyn.pl\/przedszkole\/organizacja\/dzialania-adaptacyjne\/\" \/>\n<meta name=\"twitter:label1\" content=\"Szacowany czas czytania\" \/>\n\t<meta name=\"twitter:data1\" content=\"2 minuty\" \/>\n<script type=\"application\/ld+json\" class=\"yoast-schema-graph\">{\"@context\":\"https:\/\/schema.org\",\"@graph\":[{\"@type\":\"WebSite\",\"@id\":\"https:\/\/www.zsk.olsztyn.pl\/przedszkole\/#website\",\"url\":\"https:\/\/www.zsk.olsztyn.pl\/przedszkole\/\",\"name\":\"Katolicki Zesp\u00f3\u0142 Edukacyjny - Niepubliczne przedszkole\",\"description\":\"Zapraszamy na stron\u0119 katolickiego niepublicznego przedszkola\",\"potentialAction\":[{\"@type\":\"SearchAction\",\"target\":{\"@type\":\"EntryPoint\",\"urlTemplate\":\"https:\/\/www.zsk.olsztyn.pl\/przedszkole\/?s={search_term_string}\"},\"query-input\":\"required name=search_term_string\"}],\"inLanguage\":\"pl-PL\"},{\"@type\":\"WebPage\",\"@id\":\"https:\/\/www.zsk.olsztyn.pl\/przedszkole\/organizacja\/dzialania-adaptacyjne\/#webpage\",\"url\":\"https:\/\/www.zsk.olsztyn.pl\/przedszkole\/organizacja\/dzialania-adaptacyjne\/\",\"name\":\"Dzia\u0142ania adaptacyjne - Katolicki Zesp\u00f3\u0142 Edukacyjny - Niepubliczne przedszkole\",\"isPartOf\":{\"@id\":\"https:\/\/www.zsk.olsztyn.pl\/przedszkole\/#website\"},\"datePublished\":\"2014-09-22T14:30:32+00:00\",\"dateModified\":\"2022-02-25T01:15:07+00:00\",\"description\":\"PLAN DZIA\u0141A\u0143 ADAPTACYJNYCH DZIECI I RODZIC\u00d3W Forma Termin Cele 1.Spotkanie adaptacyjne: zebranie og\u00f3lne rozmowy wst\u0119pne marzec zapoznanie rodzic\u00f3w z\",\"breadcrumb\":{\"@id\":\"https:\/\/www.zsk.olsztyn.pl\/przedszkole\/organizacja\/dzialania-adaptacyjne\/#breadcrumb\"},\"inLanguage\":\"pl-PL\",\"potentialAction\":[{\"@type\":\"ReadAction\",\"target\":[\"https:\/\/www.zsk.olsztyn.pl\/przedszkole\/organizacja\/dzialania-adaptacyjne\/\"]}]},{\"@type\":\"BreadcrumbList\",\"@id\":\"https:\/\/www.zsk.olsztyn.pl\/przedszkole\/organizacja\/dzialania-adaptacyjne\/#breadcrumb\",\"itemListElement\":[{\"@type\":\"ListItem\",\"position\":1,\"name\":\"Strona g\u0142\u00f3wna\",\"item\":\"https:\/\/www.zsk.olsztyn.pl\/przedszkole\/\"},{\"@type\":\"ListItem\",\"position\":2,\"name\":\"Organizacja\",\"item\":\"https:\/\/www.zsk.olsztyn.pl\/przedszkole\/organizacja\/\"},{\"@type\":\"ListItem\",\"position\":3,\"name\":\"Dzia\u0142ania adaptacyjne\"}]}]}<\/script>\n<!-- \/ Yoast SEO plugin. -->","yoast_head_json":{"title":"Dzia\u0142ania adaptacyjne - Katolicki Zesp\u00f3\u0142 Edukacyjny - Niepubliczne przedszkole","description":"PLAN DZIA\u0141A\u0143 ADAPTACYJNYCH DZIECI I RODZIC\u00d3W Forma Termin Cele 1.Spotkanie adaptacyjne: zebranie og\u00f3lne rozmowy wst\u0119pne marzec zapoznanie rodzic\u00f3w z","robots":{"index":"index","follow":"follow","max-snippet":"max-snippet:-1","max-image-preview":"max-image-preview:large","max-video-preview":"max-video-preview:-1"},"canonical":"https:\/\/www.zsk.olsztyn.pl\/przedszkole\/organizacja\/dzialania-adaptacyjne\/","twitter_misc":{"Szacowany czas czytania":"2 minuty"},"schema":{"@context":"https:\/\/schema.org","@graph":[{"@type":"WebSite","@id":"https:\/\/www.zsk.olsztyn.pl\/przedszkole\/#website","url":"https:\/\/www.zsk.olsztyn.pl\/przedszkole\/","name":"Katolicki Zesp\u00f3\u0142 Edukacyjny - Niepubliczne przedszkole","description":"Zapraszamy na stron\u0119 katolickiego niepublicznego przedszkola","potentialAction":[{"@type":"SearchAction","target":{"@type":"EntryPoint","urlTemplate":"https:\/\/www.zsk.olsztyn.pl\/przedszkole\/?s={search_term_string}"},"query-input":"required name=search_term_string"}],"inLanguage":"pl-PL"},{"@type":"WebPage","@id":"https:\/\/www.zsk.olsztyn.pl\/przedszkole\/organizacja\/dzialania-adaptacyjne\/#webpage","url":"https:\/\/www.zsk.olsztyn.pl\/przedszkole\/organizacja\/dzialania-adaptacyjne\/","name":"Dzia\u0142ania adaptacyjne - Katolicki Zesp\u00f3\u0142 Edukacyjny - Niepubliczne przedszkole","isPartOf":{"@id":"https:\/\/www.zsk.olsztyn.pl\/przedszkole\/#website"},"datePublished":"2014-09-22T14:30:32+00:00","dateModified":"2022-02-25T01:15:07+00:00","description":"PLAN DZIA\u0141A\u0143 ADAPTACYJNYCH DZIECI I RODZIC\u00d3W Forma Termin Cele 1.Spotkanie adaptacyjne: zebranie og\u00f3lne rozmowy wst\u0119pne marzec zapoznanie rodzic\u00f3w z","breadcrumb":{"@id":"https:\/\/www.zsk.olsztyn.pl\/przedszkole\/organizacja\/dzialania-adaptacyjne\/#breadcrumb"},"inLanguage":"pl-PL","potentialAction":[{"@type":"ReadAction","target":["https:\/\/www.zsk.olsztyn.pl\/przedszkole\/organizacja\/dzialania-adaptacyjne\/"]}]},{"@type":"BreadcrumbList","@id":"https:\/\/www.zsk.olsztyn.pl\/przedszkole\/organizacja\/dzialania-adaptacyjne\/#breadcrumb","itemListElement":[{"@type":"ListItem","position":1,"name":"Strona g\u0142\u00f3wna","item":"https:\/\/www.zsk.olsztyn.pl\/przedszkole\/"},{"@type":"ListItem","position":2,"name":"Organizacja","item":"https:\/\/www.zsk.olsztyn.pl\/przedszkole\/organizacja\/"},{"@type":"ListItem","position":3,"name":"Dzia\u0142ania adaptacyjne"}]}]}},"_links":{"self":[{"href":"https:\/\/www.zsk.olsztyn.pl\/przedszkole\/wp-json\/wp\/v2\/pages\/2074"}],"collection":[{"href":"https:\/\/www.zsk.olsztyn.pl\/przedszkole\/wp-json\/wp\/v2\/pages"}],"about":[{"href":"https:\/\/www.zsk.olsztyn.pl\/przedszkole\/wp-json\/wp\/v2\/types\/page"}],"author":[{"embeddable":true,"href":"https:\/\/www.zsk.olsztyn.pl\/przedszkole\/wp-json\/wp\/v2\/users\/1"}],"replies":[{"embeddable":true,"href":"https:\/\/www.zsk.olsztyn.pl\/przedszkole\/wp-json\/wp\/v2\/comments?post=2074"}],"version-history":[{"count":9,"href":"https:\/\/www.zsk.olsztyn.pl\/przedszkole\/wp-json\/wp\/v2\/pages\/2074\/revisions"}],"predecessor-version":[{"id":14046,"href":"https:\/\/www.zsk.olsztyn.pl\/przedszkole\/wp-json\/wp\/v2\/pages\/2074\/revisions\/14046"}],"up":[{"embeddable":true,"href":"https:\/\/www.zsk.olsztyn.pl\/przedszkole\/wp-json\/wp\/v2\/pages\/2080"}],"wp:attachment":[{"href":"https:\/\/www.zsk.olsztyn.pl\/przedszkole\/wp-json\/wp\/v2\/media?parent=2074"}],"curies":[{"name":"wp","href":"https:\/\/api.w.org\/{rel}","templated":true}]}}