{"id":18520,"date":"2023-10-26T21:16:27","date_gmt":"2023-10-26T19:16:27","guid":{"rendered":"https:\/\/www.zsk.olsztyn.pl\/przedszkole\/?page_id=18520"},"modified":"2023-10-26T22:00:30","modified_gmt":"2023-10-26T20:00:30","slug":"3-latki","status":"publish","type":"page","link":"https:\/\/www.zsk.olsztyn.pl\/przedszkole\/aktualnosci-2021\/3-latki\/","title":{"rendered":"3 Latki"},"content":{"rendered":"<p>[vc_row][vc_column][na_tytul tytul=&#8221;Aktualno\u015bci&#8221; tytuln=&#8221;Archiwum 2021\/2022&#8243;][vc_raw_html]JTNDZGl2JTIwY2xhc3MlM0QlMjJrYXRfbWVudSUyMiUzRSUwQSUyMCUzQ3VsJTNFJTBBJTIwJTIwJTNDbGklMjBjbGFzcyUzRCUyMmN1ciUyMiUzRSUzQ2ElMjBocmVmJTNEJTIyJTJGcHJ6ZWRzemtvbGUlMkZha3R1YWxub3NjaS0yMDIxJTJGMy1sYXRraSUyRiUyMiUzRTMlMjBMYXRraSUzQyUyRmElM0UlM0MlMkZsaSUzRSUwQSUyMCUyMCUzQ2xpJTNFJTNDYSUyMGhyZWYlM0QlMjIlMkZwcnplZHN6a29sZSUyRmFrdHVhbG5vc2NpLTIwMjElMkY0LWxhdGtpJTJGJTIyJTNFNCUyMExhdGtpJTNDJTJGYSUzRSUzQyUyRmxpJTNFJTBBJTIwJTIwJTNDbGklM0UlM0NhJTIwaHJlZiUzRCUyMiUyRnByemVkc3prb2xlJTJGYWt0dWFsbm9zY2ktMjAyMSUyRjUtbGF0a2klMkYlMjIlM0U1JTIwTGF0a2klM0MlMkZhJTNFJTNDJTJGbGklM0UlMEElMjAlMjAlM0NsaSUzRSUzQ2ElMjBocmVmJTNEJTIyJTJGcHJ6ZWRzemtvbGUlMkZha3R1YWxub3NjaS0yMDIxJTJGNi1sYXRraSUyRiUyMiUzRTYlMjBMYXRraSUzQyUyRmElM0UlM0MlMkZsaSUzRSUwQSUyMCUzQyUyRnVsJTNFJTBBJTNDJTJGZGl2JTNF[\/vc_raw_html]<div class=\"blog-wrapper blog-style-1 blog-light\" data-css=\"&quot;&quot;\"><div class=\"row\"><div class=\"col-lg-4 col-md-4\"><div class=\"blog-inner\"><div class=\"post-thumb\"><img width=\"350\" height=\"250\" src=\"https:\/\/www.zsk.olsztyn.pl\/przedszkole\/wp-content\/uploads\/2022\/08\/depositphotos_52593799-stock-illustration-children-and-sports-350x250.jpg\" class=\"img-fluid wp-post-image\" alt=\"\" loading=\"lazy\" \/><\/div><!-- .post-thumb --><div class=\"entry-title\"><h3><a href=\"https:\/\/www.zsk.olsztyn.pl\/przedszkole\/chcialbym-byc-sportowcem\/\" class=\"post-title\">CHCIA\u0141BYM BY\u0106 SPORTOWCEM<\/a><\/h3><\/div><!-- .entry-title --><div class=\"post-excerpt\"><p>[vc_row][vc_column][vc_column_text]Ostatni tydzie\u0144 wakacji w grupie 3-latk\u00f3w dotyczy\u0142 tematyki sportowej i wspomagania rozwoju ruchowego u dzieci.<\/p>\n ..<\/div><!-- .post-excerpt --><\/div><!-- .blog-inner --><\/div><!-- .cols --><div class=\"col-lg-4 col-md-4\"><div class=\"blog-inner\"><div class=\"post-thumb\"><img width=\"350\" height=\"250\" src=\"https:\/\/www.zsk.olsztyn.pl\/przedszkole\/wp-content\/uploads\/2022\/07\/crayons-2060776_1920-800x500-1-350x250.png\" class=\"img-fluid wp-post-image\" alt=\"\" loading=\"lazy\" \/><\/div><!-- .post-thumb --><div class=\"entry-title\"><h3><a href=\"https:\/\/www.zsk.olsztyn.pl\/przedszkole\/ii-tydzien-wakacji-w-grupie-3-latkow\/\" class=\"post-title\">II TYDZIE\u0143 WAKACJI W GRUPIE 3 LATK\u00d3W<\/a><\/h3><\/div><!-- .entry-title --><div class=\"post-excerpt\"><p>[vc_row][vc_column][vc_column_text]W ramach \u201ekolorowego tygodnia\u201d inspiracj\u0105 do zabaw i zaj\u0119\u0107 z dzie\u0107mi by\u0142y kolory. Dzieci wzi\u0119\u0142y<\/p>\n ..<\/div><!-- .post-excerpt --><\/div><!-- .blog-inner --><\/div><!-- .cols --><div class=\"col-lg-4 col-md-4\"><div class=\"blog-inner\"><div class=\"post-thumb\"><img width=\"350\" height=\"250\" src=\"https:\/\/www.zsk.olsztyn.pl\/przedszkole\/wp-content\/uploads\/2022\/07\/depositphotos_89151466-stock-illustration-cartoon-kids-riding-a-hot-350x250.jpg\" class=\"img-fluid wp-post-image\" alt=\"\" loading=\"lazy\" \/><\/div><!-- .post-thumb --><div class=\"entry-title\"><h3><a href=\"https:\/\/www.zsk.olsztyn.pl\/przedszkole\/i-tydzien-wakacji-w-grupie-3-latkow\/\" class=\"post-title\">I TYDZIE\u0143 WAKACJI W GRUPIE 3 LATK\u00d3W<\/a><\/h3><\/div><!-- .entry-title --><div class=\"post-excerpt\"><p>[vc_row][vc_column][vc_column_text]W tematyce wakacji i upragnionego lata pozostawa\u0142y 3-latki w ubieg\u0142ym tygodniu. Dzieci podr\u00f3\u017cowa\u0142y balonem i<\/p>\n ..<\/div><!-- .post-excerpt --><\/div><!-- .blog-inner --><\/div><!-- .cols --><\/div><!-- .row --><div class=\"row\"><div class=\"col-lg-4 col-md-4\"><div class=\"blog-inner\"><div class=\"post-thumb\"><img width=\"350\" height=\"250\" src=\"https:\/\/www.zsk.olsztyn.pl\/przedszkole\/wp-content\/uploads\/2022\/07\/original-350x250.jpg\" class=\"img-fluid wp-post-image\" alt=\"\" loading=\"lazy\" \/><\/div><!-- .post-thumb --><div class=\"entry-title\"><h3><a href=\"https:\/\/www.zsk.olsztyn.pl\/przedszkole\/wycieczka-na-lotnisko\/\" class=\"post-title\">WYCIECZKA NA LOTNISKO<\/a><\/h3><\/div><!-- .entry-title --><div class=\"post-excerpt\"><p>[vc_row][vc_column][vc_column_text]12 lipca dzieci z wszystkich grup wybra\u0142y si\u0119 na lotnisko w Dajtkach. Poznali\u015bmy i obejrzeli\u015bmy<\/p>\n ..<\/div><!-- .post-excerpt --><\/div><!-- .blog-inner --><\/div><!-- .cols --><div class=\"col-lg-4 col-md-4\"><div class=\"blog-inner\"><div class=\"post-thumb\"><img width=\"350\" height=\"250\" src=\"https:\/\/www.zsk.olsztyn.pl\/przedszkole\/wp-content\/uploads\/2022\/06\/festyndmuchance-350x250.jpg\" class=\"img-fluid wp-post-image\" alt=\"\" loading=\"lazy\" \/><\/div><!-- .post-thumb --><div class=\"entry-title\"><h3><a href=\"https:\/\/www.zsk.olsztyn.pl\/przedszkole\/przedszkolny-festyn-rodzinny\/\" class=\"post-title\">PRZEDSZKOLNY FESTYN RODZINNY<\/a><\/h3><\/div><!-- .entry-title --><div class=\"post-excerpt\"><p>[vc_row][vc_column][vc_column_text]4 czerwca by\u0142 bardzo wa\u017cnym dniem dla naszej przedszkolnej spo\u0142eczno\u015bci. Odby\u0142 si\u0119 w\u00f3wczas festyn, na<\/p>\n ..<\/div><!-- .post-excerpt --><\/div><!-- .blog-inner --><\/div><!-- .cols --><div class=\"col-lg-4 col-md-4\"><div class=\"blog-inner\"><div class=\"post-thumb\"><img width=\"300\" height=\"168\" src=\"https:\/\/www.zsk.olsztyn.pl\/przedszkole\/wp-content\/uploads\/2022\/06\/images.jpg\" class=\"img-fluid wp-post-image\" alt=\"\" loading=\"lazy\" \/><\/div><!-- .post-thumb --><div class=\"entry-title\"><h3><a href=\"https:\/\/www.zsk.olsztyn.pl\/przedszkole\/dzien-dziecka-3-latki-2\/\" class=\"post-title\">DZIE\u0143 DZIECKA- 3 latki<\/a><\/h3><\/div><!-- .entry-title --><div class=\"post-excerpt\"><p>[vc_row][vc_column][vc_column_text]Dzie\u0144 Dziecka, to \u015bwi\u0119to, kt\u00f3re uwielbiaj\u0105 wszystkie dzieci, te ma\u0142e i te du\u017ce. To dzie\u0144<\/p>\n ..<\/div><!-- .post-excerpt --><\/div><!-- .blog-inner --><\/div><!-- .cols --><\/div><!-- .row --><div class=\"row\"><div class=\"col-lg-4 col-md-4\"><div class=\"blog-inner\"><div class=\"post-thumb\"><img width=\"350\" height=\"250\" src=\"https:\/\/www.zsk.olsztyn.pl\/przedszkole\/wp-content\/uploads\/2022\/05\/received_3130980383808065-350x250.jpeg\" class=\"img-fluid wp-post-image\" alt=\"\" loading=\"lazy\" \/><\/div><!-- .post-thumb --><div class=\"entry-title\"><h3><a href=\"https:\/\/www.zsk.olsztyn.pl\/przedszkole\/wycieczka-do-domu-gazety-olsztynskiej-3-latki\/\" class=\"post-title\">WYCIECZKA DO DOMU GAZETY OLSZTY\u0143SKIEJ- 3 latki<\/a><\/h3><\/div><!-- .entry-title --><div class=\"post-excerpt\"><p>[vc_row][vc_column][vc_column_text]Podsumowaniem tygodnia regionalnego by\u0142a wycieczka do Domu Gazety Olszty\u0144skiej. Dzieci wzi\u0119\u0142y udzia\u0142 w zaj\u0119ciach pt.<\/p>\n ..<\/div><!-- .post-excerpt --><\/div><!-- .blog-inner --><\/div><!-- .cols --><div class=\"col-lg-4 col-md-4\"><div class=\"blog-inner\"><div class=\"post-thumb\"><img width=\"350\" height=\"250\" src=\"https:\/\/www.zsk.olsztyn.pl\/przedszkole\/wp-content\/uploads\/2022\/05\/87db040e0c9f38b6d4625965ef267fe0-350x250.jpg\" class=\"img-fluid wp-post-image\" alt=\"\" loading=\"lazy\" \/><\/div><!-- .post-thumb --><div class=\"entry-title\"><h3><a href=\"https:\/\/www.zsk.olsztyn.pl\/przedszkole\/tydzien-regionalny-3-latki\/\" class=\"post-title\">TYDZIE\u0143 REGIONALNY- 3 latki<\/a><\/h3><\/div><!-- .entry-title --><div class=\"post-excerpt\"><p>[vc_row][vc_column][vc_column_text]W ramach tygodnia regionalnego dzieci z grupy 3-latk\u00f3w wzi\u0119\u0142y udzia\u0142 w wielu ciekawych zaj\u0119ciach przybli\u017caj\u0105cych<\/p>\n ..<\/div><!-- .post-excerpt --><\/div><!-- .blog-inner --><\/div><!-- .cols --><div class=\"col-lg-4 col-md-4\"><div class=\"blog-inner\"><div class=\"post-thumb\"><img width=\"350\" height=\"250\" src=\"https:\/\/www.zsk.olsztyn.pl\/przedszkole\/wp-content\/uploads\/2022\/05\/ffeaacfa-80d5-4282-aa19-e204d275cc45-350x250.png\" class=\"img-fluid wp-post-image\" alt=\"\" loading=\"lazy\" \/><\/div><!-- .post-thumb --><div class=\"entry-title\"><h3><a href=\"https:\/\/www.zsk.olsztyn.pl\/przedszkole\/mieszkam-w-polsce\/\" class=\"post-title\">MIESZKAM W POLSCE<\/a><\/h3><\/div><!-- .entry-title --><div class=\"post-excerpt\"><p>[vc_row][vc_column][vc_column_text]W minionym tygodniu dzieci z grupy 3-latk\u00f3w bra\u0142y udzia\u0142 w zaj\u0119ciach o tematyce patriotycznej. Zaj\u0119cia<\/p>\n ..<\/div><!-- .post-excerpt --><\/div><!-- .blog-inner --><\/div><!-- .cols --><\/div><!-- .row --><div class=\"row\"><div class=\"col-lg-4 col-md-4\"><div class=\"blog-inner\"><div class=\"post-thumb\"><img width=\"350\" height=\"250\" src=\"https:\/\/www.zsk.olsztyn.pl\/przedszkole\/wp-content\/uploads\/2022\/04\/c253f0df8d61448b86895de9596f63d789lPzxbouRPhtkzy-0-1-350x250.jpg\" class=\"img-fluid wp-post-image\" alt=\"\" loading=\"lazy\" \/><\/div><!-- .post-thumb --><div class=\"entry-title\"><h3><a href=\"https:\/\/www.zsk.olsztyn.pl\/przedszkole\/pasowanie-na-przedszkolaka-6\/\" class=\"post-title\">PASOWANIE NA PRZEDSZKOLAKA<\/a><\/h3><\/div><!-- .entry-title --><div class=\"post-excerpt\"><p>[vc_row][vc_column][vc_column_text]W dniu 26 kwietnia dzieci z grupy 3-latk\u00f3w oficjalnie zosta\u0142y przyj\u0119te do grona przedszkolak\u00f3w. By\u0142o<\/p>\n ..<\/div><!-- .post-excerpt --><\/div><!-- .blog-inner --><\/div><!-- .cols --><div class=\"col-lg-4 col-md-4\"><div class=\"blog-inner\"><div class=\"post-thumb\"><img width=\"350\" height=\"250\" src=\"https:\/\/www.zsk.olsztyn.pl\/przedszkole\/wp-content\/uploads\/2022\/04\/dzien_czekolady-2-350x250.png\" class=\"img-fluid wp-post-image\" alt=\"\" loading=\"lazy\" \/><\/div><!-- .post-thumb --><div class=\"entry-title\"><h3><a href=\"https:\/\/www.zsk.olsztyn.pl\/przedszkole\/dzien-czekolady-2\/\" class=\"post-title\">DZIE\u0143 CZEKOLADY<\/a><\/h3><\/div><!-- .entry-title --><div class=\"post-excerpt\"><p>[vc_row][vc_column][vc_column_text]12 kwietnia \u015bwi\u0119towali\u015bmy \u015awiatowy Dzie\u0144 Czekolady. By\u0142a to okazja aby zobaczy\u0107, pow\u0105cha\u0107, dotkn\u0105\u0107, a przede<\/p>\n ..<\/div><!-- .post-excerpt --><\/div><!-- .blog-inner --><\/div><!-- .cols --><div class=\"col-lg-4 col-md-4\"><div class=\"blog-inner\"><div class=\"post-thumb\"><img width=\"350\" height=\"250\" src=\"https:\/\/www.zsk.olsztyn.pl\/przedszkole\/wp-content\/uploads\/2022\/04\/article-350x250.jpg\" class=\"img-fluid wp-post-image\" alt=\"\" loading=\"lazy\" \/><\/div><!-- .post-thumb --><div class=\"entry-title\"><h3><a href=\"https:\/\/www.zsk.olsztyn.pl\/przedszkole\/wycieczka-do-arboretum-3-latki\/\" class=\"post-title\">WYCIECZKA DO ARBORETUM-  3 latki<\/a><\/h3><\/div><!-- .entry-title --><div class=\"post-excerpt\"><p>[vc_row][vc_column][vc_column_text]Dzieci wzi\u0119\u0142y udzia\u0142 we wspania\u0142ej i ciekawej lekcji przyrody. Dzi\u0119ki wycieczce do Le\u015bnego Arboretum w<\/p>\n ..<\/div><!-- .post-excerpt --><\/div><!-- .blog-inner --><\/div><!-- .cols --><\/div><!-- .row --><div class=\"blog-pagination\"><div class=\"post-pagination-wrap\"><ul class=\"nav pagination post-pagination justify-content-center\"><li class=\"nav-item active\"><span class=\"active\">1<\/span><\/li><li class=\"nav-item\"><a href=\"https:\/\/www.zsk.olsztyn.pl\/przedszkole\/wp-json\/wp\/v2\/pages\/18520\/page\/2\/\">2<\/a><\/li><li class=\"nav-item\"><a href=\"https:\/\/www.zsk.olsztyn.pl\/przedszkole\/wp-json\/wp\/v2\/pages\/18520\/page\/3\/\">3<\/a><\/li><li class=\"nav-item\"><a href=\"https:\/\/www.zsk.olsztyn.pl\/przedszkole\/wp-json\/wp\/v2\/pages\/18520\/page\/4\/\">4<\/a><\/li><li class=\"nav-item nnext\"><a href=\"https:\/\/www.zsk.olsztyn.pl\/przedszkole\/wp-json\/wp\/v2\/pages\/18520\/page\/2\/\" class=\"next-page\" title=\"next\">&gt;<\/a><\/li><li class=\"nav-item next\"><a href=\"https:\/\/www.zsk.olsztyn.pl\/przedszkole\/wp-json\/wp\/v2\/pages\/18520\/page\/4\/\" title=\"Last\">&gt;&gt;<\/a><\/li><\/ul><\/div><\/div><!-- blog-pagination --><\/div><!-- .blog-wrapper -->[\/vc_column][\/vc_row]<\/p>\n","protected":false},"excerpt":{"rendered":"<p>[vc_row][vc_column][na_tytul tytul=&#8221;Aktualno\u015bci&#8221; tytuln=&#8221;Archiwum 2021\/2022&#8243;][vc_raw_html]JTNDZGl2JTIwY2xhc3MlM0QlMjJrYXRfbWVudSUyMiUzRSUwQSUyMCUzQ3VsJTNFJTBBJTIwJTIwJTNDbGklMjBjbGFzcyUzRCUyMmN1ciUyMiUzRSUzQ2ElMjBocmVmJTNEJTIyJTJGcHJ6ZWRzemtvbGUlMkZha3R1YWxub3NjaS0yMDIxJTJGMy1sYXRraSUyRiUyMiUzRTMlMjBMYXRraSUzQyUyRmElM0UlM0MlMkZsaSUzRSUwQSUyMCUyMCUzQ2xpJTNFJTNDYSUyMGhyZWYlM0QlMjIlMkZwcnplZHN6a29sZSUyRmFrdHVhbG5vc2NpLTIwMjElMkY0LWxhdGtpJTJGJTIyJTNFNCUyMExhdGtpJTNDJTJGYSUzRSUzQyUyRmxpJTNFJTBBJTIwJTIwJTNDbGklM0UlM0NhJTIwaHJlZiUzRCUyMiUyRnByemVkc3prb2xlJTJGYWt0dWFsbm9zY2ktMjAyMSUyRjUtbGF0a2klMkYlMjIlM0U1JTIwTGF0a2klM0MlMkZhJTNFJTNDJTJGbGklM0UlMEElMjAlMjAlM0NsaSUzRSUzQ2ElMjBocmVmJTNEJTIyJTJGcHJ6ZWRzemtvbGUlMkZha3R1YWxub3NjaS0yMDIxJTJGNi1sYXRraSUyRiUyMiUzRTYlMjBMYXRraSUzQyUyRmElM0UlM0MlMkZsaSUzRSUwQSUyMCUzQyUyRnVsJTNFJTBBJTNDJTJGZGl2JTNF[\/vc_raw_html][\/vc_column][\/vc_row]<\/p>\n","protected":false},"author":2,"featured_media":0,"parent":18506,"menu_order":0,"comment_status":"closed","ping_status":"closed","template":"","meta":[],"yoast_head":"<!-- This site is optimized with the Yoast SEO plugin v18.2 - https:\/\/yoast.com\/wordpress\/plugins\/seo\/ -->\n<title>3 Latki - Katolicki Zesp\u00f3\u0142 Edukacyjny - Niepubliczne przedszkole<\/title>\n<meta name=\"description\" content=\"JTNDZGl2JTIwY2xhc3MlM0QlMjJrYXRfbWVudSUyMiUzRSUwQSUyMCUzQ3VsJTNFJTBBJTIwJTIwJTNDbGklMjBjbGFzcyUzRCUyMmN1ciUyMiUzRSUzQ2ElMjBocmVmJTNEJTIyJTJGcHJ6ZWRzemtvbGUl\" \/>\n<meta name=\"robots\" content=\"index, follow, max-snippet:-1, max-image-preview:large, max-video-preview:-1\" \/>\n<link rel=\"canonical\" href=\"https:\/\/www.zsk.olsztyn.pl\/przedszkole\/aktualnosci-2021\/3-latki\/\" \/>\n<meta name=\"twitter:label1\" content=\"Szacowany czas czytania\" \/>\n\t<meta name=\"twitter:data1\" content=\"1 minuta\" \/>\n<script type=\"application\/ld+json\" class=\"yoast-schema-graph\">{\"@context\":\"https:\/\/schema.org\",\"@graph\":[{\"@type\":\"WebSite\",\"@id\":\"https:\/\/www.zsk.olsztyn.pl\/przedszkole\/#website\",\"url\":\"https:\/\/www.zsk.olsztyn.pl\/przedszkole\/\",\"name\":\"Katolicki Zesp\u00f3\u0142 Edukacyjny - Niepubliczne przedszkole\",\"description\":\"Zapraszamy na stron\u0119 katolickiego niepublicznego przedszkola\",\"potentialAction\":[{\"@type\":\"SearchAction\",\"target\":{\"@type\":\"EntryPoint\",\"urlTemplate\":\"https:\/\/www.zsk.olsztyn.pl\/przedszkole\/?s={search_term_string}\"},\"query-input\":\"required name=search_term_string\"}],\"inLanguage\":\"pl-PL\"},{\"@type\":\"WebPage\",\"@id\":\"https:\/\/www.zsk.olsztyn.pl\/przedszkole\/aktualnosci-2021\/3-latki\/#webpage\",\"url\":\"https:\/\/www.zsk.olsztyn.pl\/przedszkole\/aktualnosci-2021\/3-latki\/\",\"name\":\"3 Latki - Katolicki Zesp\u00f3\u0142 Edukacyjny - Niepubliczne przedszkole\",\"isPartOf\":{\"@id\":\"https:\/\/www.zsk.olsztyn.pl\/przedszkole\/#website\"},\"datePublished\":\"2023-10-26T19:16:27+00:00\",\"dateModified\":\"2023-10-26T20:00:30+00:00\",\"description\":\"JTNDZGl2JTIwY2xhc3MlM0QlMjJrYXRfbWVudSUyMiUzRSUwQSUyMCUzQ3VsJTNFJTBBJTIwJTIwJTNDbGklMjBjbGFzcyUzRCUyMmN1ciUyMiUzRSUzQ2ElMjBocmVmJTNEJTIyJTJGcHJ6ZWRzemtvbGUl\",\"breadcrumb\":{\"@id\":\"https:\/\/www.zsk.olsztyn.pl\/przedszkole\/aktualnosci-2021\/3-latki\/#breadcrumb\"},\"inLanguage\":\"pl-PL\",\"potentialAction\":[{\"@type\":\"ReadAction\",\"target\":[\"https:\/\/www.zsk.olsztyn.pl\/przedszkole\/aktualnosci-2021\/3-latki\/\"]}]},{\"@type\":\"BreadcrumbList\",\"@id\":\"https:\/\/www.zsk.olsztyn.pl\/przedszkole\/aktualnosci-2021\/3-latki\/#breadcrumb\",\"itemListElement\":[{\"@type\":\"ListItem\",\"position\":1,\"name\":\"Strona g\u0142\u00f3wna\",\"item\":\"https:\/\/www.zsk.olsztyn.pl\/przedszkole\/\"},{\"@type\":\"ListItem\",\"position\":2,\"name\":\"Aktualno\u015bci 2021\/2022\",\"item\":\"https:\/\/www.zsk.olsztyn.pl\/przedszkole\/aktualnosci-2021\/\"},{\"@type\":\"ListItem\",\"position\":3,\"name\":\"3 Latki\"}]}]}<\/script>\n<!-- \/ Yoast SEO plugin. -->","yoast_head_json":{"title":"3 Latki - Katolicki Zesp\u00f3\u0142 Edukacyjny - Niepubliczne przedszkole","description":"JTNDZGl2JTIwY2xhc3MlM0QlMjJrYXRfbWVudSUyMiUzRSUwQSUyMCUzQ3VsJTNFJTBBJTIwJTIwJTNDbGklMjBjbGFzcyUzRCUyMmN1ciUyMiUzRSUzQ2ElMjBocmVmJTNEJTIyJTJGcHJ6ZWRzemtvbGUl","robots":{"index":"index","follow":"follow","max-snippet":"max-snippet:-1","max-image-preview":"max-image-preview:large","max-video-preview":"max-video-preview:-1"},"canonical":"https:\/\/www.zsk.olsztyn.pl\/przedszkole\/aktualnosci-2021\/3-latki\/","twitter_misc":{"Szacowany czas czytania":"1 minuta"},"schema":{"@context":"https:\/\/schema.org","@graph":[{"@type":"WebSite","@id":"https:\/\/www.zsk.olsztyn.pl\/przedszkole\/#website","url":"https:\/\/www.zsk.olsztyn.pl\/przedszkole\/","name":"Katolicki Zesp\u00f3\u0142 Edukacyjny - Niepubliczne przedszkole","description":"Zapraszamy na stron\u0119 katolickiego niepublicznego przedszkola","potentialAction":[{"@type":"SearchAction","target":{"@type":"EntryPoint","urlTemplate":"https:\/\/www.zsk.olsztyn.pl\/przedszkole\/?s={search_term_string}"},"query-input":"required name=search_term_string"}],"inLanguage":"pl-PL"},{"@type":"WebPage","@id":"https:\/\/www.zsk.olsztyn.pl\/przedszkole\/aktualnosci-2021\/3-latki\/#webpage","url":"https:\/\/www.zsk.olsztyn.pl\/przedszkole\/aktualnosci-2021\/3-latki\/","name":"3 Latki - Katolicki Zesp\u00f3\u0142 Edukacyjny - Niepubliczne przedszkole","isPartOf":{"@id":"https:\/\/www.zsk.olsztyn.pl\/przedszkole\/#website"},"datePublished":"2023-10-26T19:16:27+00:00","dateModified":"2023-10-26T20:00:30+00:00","description":"JTNDZGl2JTIwY2xhc3MlM0QlMjJrYXRfbWVudSUyMiUzRSUwQSUyMCUzQ3VsJTNFJTBBJTIwJTIwJTNDbGklMjBjbGFzcyUzRCUyMmN1ciUyMiUzRSUzQ2ElMjBocmVmJTNEJTIyJTJGcHJ6ZWRzemtvbGUl","breadcrumb":{"@id":"https:\/\/www.zsk.olsztyn.pl\/przedszkole\/aktualnosci-2021\/3-latki\/#breadcrumb"},"inLanguage":"pl-PL","potentialAction":[{"@type":"ReadAction","target":["https:\/\/www.zsk.olsztyn.pl\/przedszkole\/aktualnosci-2021\/3-latki\/"]}]},{"@type":"BreadcrumbList","@id":"https:\/\/www.zsk.olsztyn.pl\/przedszkole\/aktualnosci-2021\/3-latki\/#breadcrumb","itemListElement":[{"@type":"ListItem","position":1,"name":"Strona g\u0142\u00f3wna","item":"https:\/\/www.zsk.olsztyn.pl\/przedszkole\/"},{"@type":"ListItem","position":2,"name":"Aktualno\u015bci 2021\/2022","item":"https:\/\/www.zsk.olsztyn.pl\/przedszkole\/aktualnosci-2021\/"},{"@type":"ListItem","position":3,"name":"3 Latki"}]}]}},"_links":{"self":[{"href":"https:\/\/www.zsk.olsztyn.pl\/przedszkole\/wp-json\/wp\/v2\/pages\/18520"}],"collection":[{"href":"https:\/\/www.zsk.olsztyn.pl\/przedszkole\/wp-json\/wp\/v2\/pages"}],"about":[{"href":"https:\/\/www.zsk.olsztyn.pl\/przedszkole\/wp-json\/wp\/v2\/types\/page"}],"author":[{"embeddable":true,"href":"https:\/\/www.zsk.olsztyn.pl\/przedszkole\/wp-json\/wp\/v2\/users\/2"}],"replies":[{"embeddable":true,"href":"https:\/\/www.zsk.olsztyn.pl\/przedszkole\/wp-json\/wp\/v2\/comments?post=18520"}],"version-history":[{"count":3,"href":"https:\/\/www.zsk.olsztyn.pl\/przedszkole\/wp-json\/wp\/v2\/pages\/18520\/revisions"}],"predecessor-version":[{"id":18558,"href":"https:\/\/www.zsk.olsztyn.pl\/przedszkole\/wp-json\/wp\/v2\/pages\/18520\/revisions\/18558"}],"up":[{"embeddable":true,"href":"https:\/\/www.zsk.olsztyn.pl\/przedszkole\/wp-json\/wp\/v2\/pages\/18506"}],"wp:attachment":[{"href":"https:\/\/www.zsk.olsztyn.pl\/przedszkole\/wp-json\/wp\/v2\/media?parent=18520"}],"curies":[{"name":"wp","href":"https:\/\/api.w.org\/{rel}","templated":true}]}}