{"id":18511,"date":"2023-10-26T20:59:48","date_gmt":"2023-10-26T18:59:48","guid":{"rendered":"https:\/\/www.zsk.olsztyn.pl\/przedszkole\/?page_id=18511"},"modified":"2023-10-26T22:02:21","modified_gmt":"2023-10-26T20:02:21","slug":"4-latki","status":"publish","type":"page","link":"https:\/\/www.zsk.olsztyn.pl\/przedszkole\/aktualnosci-2022\/4-latki\/","title":{"rendered":"4 Latki"},"content":{"rendered":"<p>[vc_row][vc_column][na_tytul tytul=&#8221;Aktualno\u015bci&#8221; tytuln=&#8221;Archiwum 2022\/2023&#8243;][vc_raw_html]JTNDZGl2JTIwY2xhc3MlM0QlMjJrYXRfbWVudSUyMiUzRSUwQSUyMCUzQ3VsJTNFJTBBJTIwJTIwJTNDbGklM0UlM0NhJTIwaHJlZiUzRCUyMiUyRnByemVkc3prb2xlJTJGYWt0dWFsbm9zY2ktMjAyMiUyRjMtbGF0a2klMkYlMjIlM0UzJTIwTGF0a2klM0MlMkZhJTNFJTNDJTJGbGklM0UlMEElMjAlMjAlM0NsaSUyMGNsYXNzJTNEJTIyY3VyJTIyJTNFJTNDYSUyMGhyZWYlM0QlMjIlMkZwcnplZHN6a29sZSUyRmFrdHVhbG5vc2NpLTIwMjIlMkY0LWxhdGtpJTJGJTIyJTNFNCUyMExhdGtpJTNDJTJGYSUzRSUzQyUyRmxpJTNFJTBBJTIwJTIwJTNDbGklM0UlM0NhJTIwaHJlZiUzRCUyMiUyRnByemVkc3prb2xlJTJGYWt0dWFsbm9zY2ktMjAyMiUyRjUtbGF0a2klMkYlMjIlM0U1JTIwTGF0a2klM0MlMkZhJTNFJTNDJTJGbGklM0UlMEElMjAlMjAlM0NsaSUzRSUzQ2ElMjBocmVmJTNEJTIyJTJGcHJ6ZWRzemtvbGUlMkZha3R1YWxub3NjaS0yMDIyJTJGNi1sYXRraSUyRiUyMiUzRTYlMjBMYXRraSUzQyUyRmElM0UlM0MlMkZsaSUzRSUwQSUyMCUzQyUyRnVsJTNFJTBBJTNDJTJGZGl2JTNF[\/vc_raw_html]<div class=\"blog-wrapper blog-style-1 blog-light\" data-css=\"&quot;&quot;\"><div class=\"row\"><div class=\"col-lg-4 col-md-4\"><div class=\"blog-inner\"><div class=\"post-thumb\"><img width=\"350\" height=\"250\" src=\"https:\/\/www.zsk.olsztyn.pl\/przedszkole\/wp-content\/uploads\/2023\/07\/3-atrakcje-dla-dzieci-w-lublinie-350x250.jpg\" class=\"img-fluid wp-post-image\" alt=\"\" loading=\"lazy\" \/><\/div><!-- .post-thumb --><div class=\"entry-title\"><h3><a href=\"https:\/\/www.zsk.olsztyn.pl\/przedszkole\/sensoryczny-kogiel-mogiel-grupa-3-4-latkow\/\" class=\"post-title\">SENSORYCZNY KOGEL- MOGEL- grupa 3-4 latk\u00f3w<\/a><\/h3><\/div><!-- .entry-title --><div class=\"post-excerpt\"><p>[vc_row][vc_column][vc_column_text]Trzeci tydzie\u0144 wakacji w grupie 3 i 4-latk\u00f3w dotyczy\u0142 Sensorycznego Kogla-mogla. W czasie zaj\u0119\u0107 dostarczane<\/p>\n ..<\/div><!-- .post-excerpt --><\/div><!-- .blog-inner --><\/div><!-- .cols --><div class=\"col-lg-4 col-md-4\"><div class=\"blog-inner\"><div class=\"post-thumb\"><img width=\"350\" height=\"250\" src=\"https:\/\/www.zsk.olsztyn.pl\/przedszkole\/wp-content\/uploads\/2023\/07\/smaki-lata-b-iext108061288-350x250.jpg\" class=\"img-fluid wp-post-image\" alt=\"\" loading=\"lazy\" \/><\/div><!-- .post-thumb --><div class=\"entry-title\"><h3><a href=\"https:\/\/www.zsk.olsztyn.pl\/przedszkole\/smaki-lata-i-tydzien-wakacji-w-grupie-3-4-latkow\/\" class=\"post-title\">SMAKI LATA- I tydzie\u0144 wakacji w grupie 3-4 latk\u00f3w<\/a><\/h3><\/div><!-- .entry-title --><div class=\"post-excerpt\"><p>[vc_row][vc_column][vc_column_text]Lato sprzyja dobrej energii, zabawie na powietrzu oraz dowiadywaniu si\u0119 ciekawostek dotycz\u0105cych otaczaj\u0105cej nas przyrody.<\/p>\n ..<\/div><!-- .post-excerpt --><\/div><!-- .blog-inner --><\/div><!-- .cols --><div class=\"col-lg-4 col-md-4\"><div class=\"blog-inner\"><div class=\"post-thumb\"><img width=\"350\" height=\"250\" src=\"https:\/\/www.zsk.olsztyn.pl\/przedszkole\/wp-content\/uploads\/2023\/06\/20210330_101829-1024x768-1-350x250.jpg\" class=\"img-fluid wp-post-image\" alt=\"\" loading=\"lazy\" \/><\/div><!-- .post-thumb --><div class=\"entry-title\"><h3><a href=\"https:\/\/www.zsk.olsztyn.pl\/przedszkole\/teatrzyk-kamishibai-2\/\" class=\"post-title\">TEATRZYK KAMISHIBAI<\/a><\/h3><\/div><!-- .entry-title --><div class=\"post-excerpt\"><p>[vc_row][vc_column][vc_column_text]Kolejne spotkanie z Teatrzykiem Kamishibai za nami. Tym razem dzieci rozmawia\u0142y o emocjach, czyli o<\/p>\n ..<\/div><!-- .post-excerpt --><\/div><!-- .blog-inner --><\/div><!-- .cols --><\/div><!-- .row --><div class=\"row\"><div class=\"col-lg-4 col-md-4\"><div class=\"blog-inner\"><div class=\"post-thumb\"><img width=\"350\" height=\"250\" src=\"https:\/\/www.zsk.olsztyn.pl\/przedszkole\/wp-content\/uploads\/2023\/04\/grafika-350x250.png\" class=\"img-fluid wp-post-image\" alt=\"\" loading=\"lazy\" \/><\/div><!-- .post-thumb --><div class=\"entry-title\"><h3><a href=\"https:\/\/www.zsk.olsztyn.pl\/przedszkole\/17875-2\/\" class=\"post-title\">AKCJA&#8221; JEDNO DZIECKO- JEDNO DRZEWO&#8221;<\/a><\/h3><\/div><!-- .entry-title --><div class=\"post-excerpt\"><p>[vc_row][vc_column][vc_column_text]Na terenie Nadle\u015bnictwa Kudypy 22 kwietnia zosta\u0142a zorganizowana akcja \u201eJedno dziecko, jedno drzewo\u201d. Udzia\u0142 wzi\u0119\u0142y<\/p>\n ..<\/div><!-- .post-excerpt --><\/div><!-- .blog-inner --><\/div><!-- .cols --><div class=\"col-lg-4 col-md-4\"><div class=\"blog-inner\"><div class=\"post-thumb\"><img width=\"350\" height=\"250\" src=\"https:\/\/www.zsk.olsztyn.pl\/przedszkole\/wp-content\/uploads\/2023\/04\/plakaty-ekologia-dzieci-ktorzy-przyjmuja-z-miloscia-na-ziemi.jpg-350x250.jpg\" class=\"img-fluid wp-post-image\" alt=\"\" loading=\"lazy\" \/><\/div><!-- .post-thumb --><div class=\"entry-title\"><h3><a href=\"https:\/\/www.zsk.olsztyn.pl\/przedszkole\/tydzien-ekologiczny-4-latki-3\/\" class=\"post-title\">TYDZIE\u0143 EKOLOGICZNY- 4 LATKI<\/a><\/h3><\/div><!-- .entry-title --><div class=\"post-excerpt\"><p>[vc_row][vc_column][vc_column_text]W minionym tygodniu dzieci z grupy 4-latk\u00f3w poszerza\u0142y swoj\u0105 wiedz\u0119 z zakresu ekologii, dowiedzia\u0142y si\u0119<\/p>\n ..<\/div><!-- .post-excerpt --><\/div><!-- .blog-inner --><\/div><!-- .cols --><div class=\"col-lg-4 col-md-4\"><div class=\"blog-inner\"><div class=\"post-thumb\"><img width=\"350\" height=\"250\" src=\"https:\/\/www.zsk.olsztyn.pl\/przedszkole\/wp-content\/uploads\/2023\/04\/2389-7199-1-350x250.jpg\" class=\"img-fluid wp-post-image\" alt=\"\" loading=\"lazy\" \/><\/div><!-- .post-thumb --><div class=\"entry-title\"><h3><a href=\"https:\/\/www.zsk.olsztyn.pl\/przedszkole\/wycieczka-do-muzeum-przyrody-2\/\" class=\"post-title\">WYCIECZKA DO MUZEUM PRZYRODY<\/a><\/h3><\/div><!-- .entry-title --><div class=\"post-excerpt\"><p>[vc_row][vc_column][vc_column_text]28 marca dzieci z grupy 3-latk\u00f3w mia\u0142y okazj\u0119 odby\u0107 wypraw\u0119 do Olszty\u0144skiego Muzeum Przyrody. Podczas<\/p>\n ..<\/div><!-- .post-excerpt --><\/div><!-- .blog-inner --><\/div><!-- .cols --><\/div><!-- .row --><div class=\"row\"><div class=\"col-lg-4 col-md-4\"><div class=\"blog-inner\"><div class=\"post-thumb\"><img width=\"350\" height=\"250\" src=\"https:\/\/www.zsk.olsztyn.pl\/przedszkole\/wp-content\/uploads\/2023\/04\/zajaczek-350x250.jpg\" class=\"img-fluid wp-post-image\" alt=\"\" loading=\"lazy\" \/><\/div><!-- .post-thumb --><div class=\"entry-title\"><h3><a href=\"https:\/\/www.zsk.olsztyn.pl\/przedszkole\/teatrzyk-kamishibai\/\" class=\"post-title\">TEATRZYK KAMISHIBAI<\/a><\/h3><\/div><!-- .entry-title --><div class=\"post-excerpt\"><p>[vc_row][vc_column][vc_column_text]W czwartek 30 marca dzieci z grupy 4-latk\u00f3w obejrza\u0142y teatrzyk kamishibai w wykonaniu pani Magdaleny<\/p>\n ..<\/div><!-- .post-excerpt --><\/div><!-- .blog-inner --><\/div><!-- .cols --><div class=\"col-lg-4 col-md-4\"><div class=\"blog-inner\"><div class=\"post-thumb\"><img width=\"350\" height=\"250\" src=\"https:\/\/www.zsk.olsztyn.pl\/przedszkole\/wp-content\/uploads\/2023\/04\/palma-wielkanocna-z-bibuly-to-prawdziwy-swiateczny-hit-przygotujesz-ja-w-kilka-chwil-zobacz-jak-zrobic-palme-z-bibuly-2496360-350x250.jpg\" class=\"img-fluid wp-post-image\" alt=\"\" loading=\"lazy\" \/><\/div><!-- .post-thumb --><div class=\"entry-title\"><h3><a href=\"https:\/\/www.zsk.olsztyn.pl\/przedszkole\/palmy-wielkanocne-4-latki\/\" class=\"post-title\">PALMY WIELKANOCNE- 4 LATKI<\/a><\/h3><\/div><!-- .entry-title --><div class=\"post-excerpt\"><p>[vc_row][vc_column][vc_column_text]30 marca z pomoc\u0105 rodzic\u00f3w zrobili\u015bmy kolorowe palmy, wykorzystuj\u0105c do tego ga\u0142\u0105zki, bazie i inne<\/p>\n ..<\/div><!-- .post-excerpt --><\/div><!-- .blog-inner --><\/div><!-- .cols --><div class=\"col-lg-4 col-md-4\"><div class=\"blog-inner\"><div class=\"post-thumb\"><img width=\"300\" height=\"250\" src=\"https:\/\/www.zsk.olsztyn.pl\/przedszkole\/wp-content\/uploads\/2023\/03\/R4b8a86be12c12267d331d5d24213eb91-300x300-1-300x250.jpg\" class=\"img-fluid wp-post-image\" alt=\"\" loading=\"lazy\" \/><\/div><!-- .post-thumb --><div class=\"entry-title\"><h3><a href=\"https:\/\/www.zsk.olsztyn.pl\/przedszkole\/pokaz-mody-wiosennej-4-latki\/\" class=\"post-title\">POKAZ MODY WIOSENNEJ- 4-5 LATKI<\/a><\/h3><\/div><!-- .entry-title --><div class=\"post-excerpt\"><p>[vc_row][vc_column][vc_column_text]21 marca z okazji powitania wiosny w naszym przedszkolu zorganizowany zosta\u0142 Pokaz Mody Wiosennej. Dzieci<\/p>\n ..<\/div><!-- .post-excerpt --><\/div><!-- .blog-inner --><\/div><!-- .cols --><\/div><!-- .row --><div class=\"row\"><div class=\"col-lg-4 col-md-4\"><div class=\"blog-inner\"><div class=\"post-thumb\"><img width=\"350\" height=\"250\" src=\"https:\/\/www.zsk.olsztyn.pl\/przedszkole\/wp-content\/uploads\/2023\/03\/istockphoto-1280278705-170667a-350x250.jpg\" class=\"img-fluid wp-post-image\" alt=\"\" loading=\"lazy\" \/><\/div><!-- .post-thumb --><div class=\"entry-title\"><h3><a href=\"https:\/\/www.zsk.olsztyn.pl\/przedszkole\/wycieczka-do-sklepu-4-latki\/\" class=\"post-title\">WYCIECZKA DO SKLEPU- 4 LATKI<\/a><\/h3><\/div><!-- .entry-title --><div class=\"post-excerpt\"><p>[vc_row][vc_column][vc_column_text]24 lutego dzieci z grupy 4-latk\u00f3w wybra\u0142y si\u0119 do Sklepu Spo\u017cywczego Spo\u0142em Gama oraz do<\/p>\n ..<\/div><!-- .post-excerpt --><\/div><!-- .blog-inner --><\/div><!-- .cols --><div class=\"col-lg-4 col-md-4\"><div class=\"blog-inner\"><div class=\"post-thumb\"><img width=\"264\" height=\"241\" src=\"https:\/\/www.zsk.olsztyn.pl\/przedszkole\/wp-content\/uploads\/2023\/03\/mata_sko_thumb.png\" class=\"img-fluid wp-post-image\" alt=\"\" loading=\"lazy\" \/><\/div><!-- .post-thumb --><div class=\"entry-title\"><h3><a href=\"https:\/\/www.zsk.olsztyn.pl\/przedszkole\/dzien-matematyki-4-latki-2\/\" class=\"post-title\">DZIE\u0143 MATEMATYKI- 4 LATKI<\/a><\/h3><\/div><!-- .entry-title --><div class=\"post-excerpt\"><p>[vc_row][vc_column][vc_column_text]Ciekaw\u0105 zabaw\u0105 dla ka\u017cdego smyka mo\u017ce by\u0107 Matematyka. Dowiedzia\u0142y si\u0119 o tym 4-latki obchodz\u0105c \u015awiatowy<\/p>\n ..<\/div><!-- .post-excerpt --><\/div><!-- .blog-inner --><\/div><!-- .cols --><div class=\"col-lg-4 col-md-4\"><div class=\"blog-inner\"><div class=\"post-thumb\"><img width=\"323\" height=\"250\" src=\"https:\/\/www.zsk.olsztyn.pl\/przedszkole\/wp-content\/uploads\/2023\/03\/poznaje-zawody-w-iext108028180-323x250.jpg\" class=\"img-fluid wp-post-image\" alt=\"\" loading=\"lazy\" \/><\/div><!-- .post-thumb --><div class=\"entry-title\"><h3><a href=\"https:\/\/www.zsk.olsztyn.pl\/przedszkole\/poznajemy-zawody\/\" class=\"post-title\">POZNAJEMY ZAWODY<\/a><\/h3><\/div><!-- .entry-title --><div class=\"post-excerpt\"><p>[vc_row][vc_column][vc_column_text]Od najm\u0142odszych lat przedszkolaki poznaj\u0105 r\u00f3\u017cne zawody wykonywane przez osoby doros\u0142e. W przedszkolu dzieci wiedz\u0105,<\/p>\n ..<\/div><!-- .post-excerpt --><\/div><!-- .blog-inner --><\/div><!-- .cols --><\/div><!-- .row --><div class=\"blog-pagination\"><div class=\"post-pagination-wrap\"><ul class=\"nav pagination post-pagination justify-content-center\"><li class=\"nav-item active\"><span class=\"active\">1<\/span><\/li><li class=\"nav-item\"><a href=\"https:\/\/www.zsk.olsztyn.pl\/przedszkole\/wp-json\/wp\/v2\/pages\/18511\/page\/2\/\">2<\/a><\/li><li class=\"nav-item\"><a href=\"https:\/\/www.zsk.olsztyn.pl\/przedszkole\/wp-json\/wp\/v2\/pages\/18511\/page\/3\/\">3<\/a><\/li><li class=\"nav-item nnext\"><a href=\"https:\/\/www.zsk.olsztyn.pl\/przedszkole\/wp-json\/wp\/v2\/pages\/18511\/page\/2\/\" class=\"next-page\" title=\"next\">&gt;<\/a><\/li><li class=\"nav-item next\"><a href=\"https:\/\/www.zsk.olsztyn.pl\/przedszkole\/wp-json\/wp\/v2\/pages\/18511\/page\/3\/\" title=\"Last\">&gt;&gt;<\/a><\/li><\/ul><\/div><\/div><!-- blog-pagination --><\/div><!-- .blog-wrapper -->[\/vc_column][\/vc_row]<\/p>\n","protected":false},"excerpt":{"rendered":"<p>[vc_row][vc_column][na_tytul tytul=&#8221;Aktualno\u015bci&#8221; tytuln=&#8221;Archiwum 2022\/2023&#8243;][vc_raw_html]JTNDZGl2JTIwY2xhc3MlM0QlMjJrYXRfbWVudSUyMiUzRSUwQSUyMCUzQ3VsJTNFJTBBJTIwJTIwJTNDbGklM0UlM0NhJTIwaHJlZiUzRCUyMiUyRnByemVkc3prb2xlJTJGYWt0dWFsbm9zY2ktMjAyMiUyRjMtbGF0a2klMkYlMjIlM0UzJTIwTGF0a2klM0MlMkZhJTNFJTNDJTJGbGklM0UlMEElMjAlMjAlM0NsaSUyMGNsYXNzJTNEJTIyY3VyJTIyJTNFJTNDYSUyMGhyZWYlM0QlMjIlMkZwcnplZHN6a29sZSUyRmFrdHVhbG5vc2NpLTIwMjIlMkY0LWxhdGtpJTJGJTIyJTNFNCUyMExhdGtpJTNDJTJGYSUzRSUzQyUyRmxpJTNFJTBBJTIwJTIwJTNDbGklM0UlM0NhJTIwaHJlZiUzRCUyMiUyRnByemVkc3prb2xlJTJGYWt0dWFsbm9zY2ktMjAyMiUyRjUtbGF0a2klMkYlMjIlM0U1JTIwTGF0a2klM0MlMkZhJTNFJTNDJTJGbGklM0UlMEElMjAlMjAlM0NsaSUzRSUzQ2ElMjBocmVmJTNEJTIyJTJGcHJ6ZWRzemtvbGUlMkZha3R1YWxub3NjaS0yMDIyJTJGNi1sYXRraSUyRiUyMiUzRTYlMjBMYXRraSUzQyUyRmElM0UlM0MlMkZsaSUzRSUwQSUyMCUzQyUyRnVsJTNFJTBBJTNDJTJGZGl2JTNF[\/vc_raw_html][\/vc_column][\/vc_row]<\/p>\n","protected":false},"author":2,"featured_media":0,"parent":18504,"menu_order":0,"comment_status":"closed","ping_status":"closed","template":"","meta":[],"yoast_head":"<!-- This site is optimized with the Yoast SEO plugin v18.2 - https:\/\/yoast.com\/wordpress\/plugins\/seo\/ -->\n<title>4 Latki - Katolicki Zesp\u00f3\u0142 Edukacyjny - Niepubliczne przedszkole<\/title>\n<meta name=\"description\" content=\"JTNDZGl2JTIwY2xhc3MlM0QlMjJrYXRfbWVudSUyMiUzRSUwQSUyMCUzQ3VsJTNFJTBBJTIwJTIwJTNDbGklM0UlM0NhJTIwaHJlZiUzRCUyMiUyRnByemVkc3prb2xlJTJGYWt0dWFsbm9zY2ktMjAyMiUy\" \/>\n<meta name=\"robots\" content=\"index, follow, max-snippet:-1, max-image-preview:large, max-video-preview:-1\" \/>\n<link rel=\"canonical\" href=\"https:\/\/www.zsk.olsztyn.pl\/przedszkole\/aktualnosci-2022\/4-latki\/\" \/>\n<meta name=\"twitter:label1\" content=\"Szacowany czas czytania\" \/>\n\t<meta name=\"twitter:data1\" content=\"1 minuta\" \/>\n<script type=\"application\/ld+json\" class=\"yoast-schema-graph\">{\"@context\":\"https:\/\/schema.org\",\"@graph\":[{\"@type\":\"WebSite\",\"@id\":\"https:\/\/www.zsk.olsztyn.pl\/przedszkole\/#website\",\"url\":\"https:\/\/www.zsk.olsztyn.pl\/przedszkole\/\",\"name\":\"Katolicki Zesp\u00f3\u0142 Edukacyjny - Niepubliczne przedszkole\",\"description\":\"Zapraszamy na stron\u0119 katolickiego niepublicznego przedszkola\",\"potentialAction\":[{\"@type\":\"SearchAction\",\"target\":{\"@type\":\"EntryPoint\",\"urlTemplate\":\"https:\/\/www.zsk.olsztyn.pl\/przedszkole\/?s={search_term_string}\"},\"query-input\":\"required name=search_term_string\"}],\"inLanguage\":\"pl-PL\"},{\"@type\":\"WebPage\",\"@id\":\"https:\/\/www.zsk.olsztyn.pl\/przedszkole\/aktualnosci-2022\/4-latki\/#webpage\",\"url\":\"https:\/\/www.zsk.olsztyn.pl\/przedszkole\/aktualnosci-2022\/4-latki\/\",\"name\":\"4 Latki - Katolicki Zesp\u00f3\u0142 Edukacyjny - Niepubliczne przedszkole\",\"isPartOf\":{\"@id\":\"https:\/\/www.zsk.olsztyn.pl\/przedszkole\/#website\"},\"datePublished\":\"2023-10-26T18:59:48+00:00\",\"dateModified\":\"2023-10-26T20:02:21+00:00\",\"description\":\"JTNDZGl2JTIwY2xhc3MlM0QlMjJrYXRfbWVudSUyMiUzRSUwQSUyMCUzQ3VsJTNFJTBBJTIwJTIwJTNDbGklM0UlM0NhJTIwaHJlZiUzRCUyMiUyRnByemVkc3prb2xlJTJGYWt0dWFsbm9zY2ktMjAyMiUy\",\"breadcrumb\":{\"@id\":\"https:\/\/www.zsk.olsztyn.pl\/przedszkole\/aktualnosci-2022\/4-latki\/#breadcrumb\"},\"inLanguage\":\"pl-PL\",\"potentialAction\":[{\"@type\":\"ReadAction\",\"target\":[\"https:\/\/www.zsk.olsztyn.pl\/przedszkole\/aktualnosci-2022\/4-latki\/\"]}]},{\"@type\":\"BreadcrumbList\",\"@id\":\"https:\/\/www.zsk.olsztyn.pl\/przedszkole\/aktualnosci-2022\/4-latki\/#breadcrumb\",\"itemListElement\":[{\"@type\":\"ListItem\",\"position\":1,\"name\":\"Strona g\u0142\u00f3wna\",\"item\":\"https:\/\/www.zsk.olsztyn.pl\/przedszkole\/\"},{\"@type\":\"ListItem\",\"position\":2,\"name\":\"Aktualno\u015bci 2022\/2023\",\"item\":\"https:\/\/www.zsk.olsztyn.pl\/przedszkole\/aktualnosci-2022\/\"},{\"@type\":\"ListItem\",\"position\":3,\"name\":\"4 Latki\"}]}]}<\/script>\n<!-- \/ Yoast SEO plugin. -->","yoast_head_json":{"title":"4 Latki - Katolicki Zesp\u00f3\u0142 Edukacyjny - Niepubliczne przedszkole","description":"JTNDZGl2JTIwY2xhc3MlM0QlMjJrYXRfbWVudSUyMiUzRSUwQSUyMCUzQ3VsJTNFJTBBJTIwJTIwJTNDbGklM0UlM0NhJTIwaHJlZiUzRCUyMiUyRnByemVkc3prb2xlJTJGYWt0dWFsbm9zY2ktMjAyMiUy","robots":{"index":"index","follow":"follow","max-snippet":"max-snippet:-1","max-image-preview":"max-image-preview:large","max-video-preview":"max-video-preview:-1"},"canonical":"https:\/\/www.zsk.olsztyn.pl\/przedszkole\/aktualnosci-2022\/4-latki\/","twitter_misc":{"Szacowany czas czytania":"1 minuta"},"schema":{"@context":"https:\/\/schema.org","@graph":[{"@type":"WebSite","@id":"https:\/\/www.zsk.olsztyn.pl\/przedszkole\/#website","url":"https:\/\/www.zsk.olsztyn.pl\/przedszkole\/","name":"Katolicki Zesp\u00f3\u0142 Edukacyjny - Niepubliczne przedszkole","description":"Zapraszamy na stron\u0119 katolickiego niepublicznego przedszkola","potentialAction":[{"@type":"SearchAction","target":{"@type":"EntryPoint","urlTemplate":"https:\/\/www.zsk.olsztyn.pl\/przedszkole\/?s={search_term_string}"},"query-input":"required name=search_term_string"}],"inLanguage":"pl-PL"},{"@type":"WebPage","@id":"https:\/\/www.zsk.olsztyn.pl\/przedszkole\/aktualnosci-2022\/4-latki\/#webpage","url":"https:\/\/www.zsk.olsztyn.pl\/przedszkole\/aktualnosci-2022\/4-latki\/","name":"4 Latki - Katolicki Zesp\u00f3\u0142 Edukacyjny - Niepubliczne przedszkole","isPartOf":{"@id":"https:\/\/www.zsk.olsztyn.pl\/przedszkole\/#website"},"datePublished":"2023-10-26T18:59:48+00:00","dateModified":"2023-10-26T20:02:21+00:00","description":"JTNDZGl2JTIwY2xhc3MlM0QlMjJrYXRfbWVudSUyMiUzRSUwQSUyMCUzQ3VsJTNFJTBBJTIwJTIwJTNDbGklM0UlM0NhJTIwaHJlZiUzRCUyMiUyRnByemVkc3prb2xlJTJGYWt0dWFsbm9zY2ktMjAyMiUy","breadcrumb":{"@id":"https:\/\/www.zsk.olsztyn.pl\/przedszkole\/aktualnosci-2022\/4-latki\/#breadcrumb"},"inLanguage":"pl-PL","potentialAction":[{"@type":"ReadAction","target":["https:\/\/www.zsk.olsztyn.pl\/przedszkole\/aktualnosci-2022\/4-latki\/"]}]},{"@type":"BreadcrumbList","@id":"https:\/\/www.zsk.olsztyn.pl\/przedszkole\/aktualnosci-2022\/4-latki\/#breadcrumb","itemListElement":[{"@type":"ListItem","position":1,"name":"Strona g\u0142\u00f3wna","item":"https:\/\/www.zsk.olsztyn.pl\/przedszkole\/"},{"@type":"ListItem","position":2,"name":"Aktualno\u015bci 2022\/2023","item":"https:\/\/www.zsk.olsztyn.pl\/przedszkole\/aktualnosci-2022\/"},{"@type":"ListItem","position":3,"name":"4 Latki"}]}]}},"_links":{"self":[{"href":"https:\/\/www.zsk.olsztyn.pl\/przedszkole\/wp-json\/wp\/v2\/pages\/18511"}],"collection":[{"href":"https:\/\/www.zsk.olsztyn.pl\/przedszkole\/wp-json\/wp\/v2\/pages"}],"about":[{"href":"https:\/\/www.zsk.olsztyn.pl\/przedszkole\/wp-json\/wp\/v2\/types\/page"}],"author":[{"embeddable":true,"href":"https:\/\/www.zsk.olsztyn.pl\/przedszkole\/wp-json\/wp\/v2\/users\/2"}],"replies":[{"embeddable":true,"href":"https:\/\/www.zsk.olsztyn.pl\/przedszkole\/wp-json\/wp\/v2\/comments?post=18511"}],"version-history":[{"count":6,"href":"https:\/\/www.zsk.olsztyn.pl\/przedszkole\/wp-json\/wp\/v2\/pages\/18511\/revisions"}],"predecessor-version":[{"id":18549,"href":"https:\/\/www.zsk.olsztyn.pl\/przedszkole\/wp-json\/wp\/v2\/pages\/18511\/revisions\/18549"}],"up":[{"embeddable":true,"href":"https:\/\/www.zsk.olsztyn.pl\/przedszkole\/wp-json\/wp\/v2\/pages\/18504"}],"wp:attachment":[{"href":"https:\/\/www.zsk.olsztyn.pl\/przedszkole\/wp-json\/wp\/v2\/media?parent=18511"}],"curies":[{"name":"wp","href":"https:\/\/api.w.org\/{rel}","templated":true}]}}