{"id":18509,"date":"2023-10-26T20:58:45","date_gmt":"2023-10-26T18:58:45","guid":{"rendered":"https:\/\/www.zsk.olsztyn.pl\/przedszkole\/?page_id=18509"},"modified":"2023-10-26T22:02:23","modified_gmt":"2023-10-26T20:02:23","slug":"3-latki","status":"publish","type":"page","link":"https:\/\/www.zsk.olsztyn.pl\/przedszkole\/aktualnosci-2022\/3-latki\/","title":{"rendered":"3 Latki"},"content":{"rendered":"<p>[vc_row][vc_column][na_tytul tytul=&#8221;Aktualno\u015bci&#8221; tytuln=&#8221;Archiwum 2022\/2023&#8243;][vc_raw_html]JTNDZGl2JTIwY2xhc3MlM0QlMjJrYXRfbWVudSUyMiUzRSUwQSUyMCUzQ3VsJTNFJTBBJTIwJTIwJTNDbGklMjBjbGFzcyUzRCUyMmN1ciUyMiUzRSUzQ2ElMjBocmVmJTNEJTIyJTJGcHJ6ZWRzemtvbGUlMkZha3R1YWxub3NjaS0yMDIyJTJGMy1sYXRraSUyRiUyMiUzRTMlMjBMYXRraSUzQyUyRmElM0UlM0MlMkZsaSUzRSUwQSUyMCUyMCUzQ2xpJTNFJTNDYSUyMGhyZWYlM0QlMjIlMkZwcnplZHN6a29sZSUyRmFrdHVhbG5vc2NpLTIwMjIlMkY0LWxhdGtpJTJGJTIyJTNFNCUyMExhdGtpJTNDJTJGYSUzRSUzQyUyRmxpJTNFJTBBJTIwJTIwJTNDbGklM0UlM0NhJTIwaHJlZiUzRCUyMiUyRnByemVkc3prb2xlJTJGYWt0dWFsbm9zY2ktMjAyMiUyRjUtbGF0a2klMkYlMjIlM0U1JTIwTGF0a2klM0MlMkZhJTNFJTNDJTJGbGklM0UlMEElMjAlMjAlM0NsaSUzRSUzQ2ElMjBocmVmJTNEJTIyJTJGcHJ6ZWRzemtvbGUlMkZha3R1YWxub3NjaS0yMDIyJTJGNi1sYXRraSUyRiUyMiUzRTYlMjBMYXRraSUzQyUyRmElM0UlM0MlMkZsaSUzRSUwQSUyMCUzQyUyRnVsJTNFJTBBJTNDJTJGZGl2JTNF[\/vc_raw_html]<div class=\"blog-wrapper blog-style-1 blog-light\" data-css=\"&quot;&quot;\"><div class=\"row\"><div class=\"col-lg-4 col-md-4\"><div class=\"blog-inner\"><div class=\"post-thumb\"><img width=\"350\" height=\"250\" src=\"https:\/\/www.zsk.olsztyn.pl\/przedszkole\/wp-content\/uploads\/2023\/07\/3-atrakcje-dla-dzieci-w-lublinie-350x250.jpg\" class=\"img-fluid wp-post-image\" alt=\"\" loading=\"lazy\" \/><\/div><!-- .post-thumb --><div class=\"entry-title\"><h3><a href=\"https:\/\/www.zsk.olsztyn.pl\/przedszkole\/sensoryczny-kogiel-mogiel-grupa-3-4-latkow\/\" class=\"post-title\">SENSORYCZNY KOGEL- MOGEL- grupa 3-4 latk\u00f3w<\/a><\/h3><\/div><!-- .entry-title --><div class=\"post-excerpt\"><p>[vc_row][vc_column][vc_column_text]Trzeci tydzie\u0144 wakacji w grupie 3 i 4-latk\u00f3w dotyczy\u0142 Sensorycznego Kogla-mogla. W czasie zaj\u0119\u0107 dostarczane<\/p>\n ..<\/div><!-- .post-excerpt --><\/div><!-- .blog-inner --><\/div><!-- .cols --><div class=\"col-lg-4 col-md-4\"><div class=\"blog-inner\"><div class=\"post-thumb\"><img width=\"350\" height=\"250\" src=\"https:\/\/www.zsk.olsztyn.pl\/przedszkole\/wp-content\/uploads\/2023\/07\/smaki-lata-b-iext108061288-350x250.jpg\" class=\"img-fluid wp-post-image\" alt=\"\" loading=\"lazy\" \/><\/div><!-- .post-thumb --><div class=\"entry-title\"><h3><a href=\"https:\/\/www.zsk.olsztyn.pl\/przedszkole\/smaki-lata-i-tydzien-wakacji-w-grupie-3-4-latkow\/\" class=\"post-title\">SMAKI LATA- I tydzie\u0144 wakacji w grupie 3-4 latk\u00f3w<\/a><\/h3><\/div><!-- .entry-title --><div class=\"post-excerpt\"><p>[vc_row][vc_column][vc_column_text]Lato sprzyja dobrej energii, zabawie na powietrzu oraz dowiadywaniu si\u0119 ciekawostek dotycz\u0105cych otaczaj\u0105cej nas przyrody.<\/p>\n ..<\/div><!-- .post-excerpt --><\/div><!-- .blog-inner --><\/div><!-- .cols --><div class=\"col-lg-4 col-md-4\"><div class=\"blog-inner\"><div class=\"post-thumb\"><img width=\"350\" height=\"250\" src=\"https:\/\/www.zsk.olsztyn.pl\/przedszkole\/wp-content\/uploads\/2023\/06\/20210330_101829-1024x768-1-350x250.jpg\" class=\"img-fluid wp-post-image\" alt=\"\" loading=\"lazy\" \/><\/div><!-- .post-thumb --><div class=\"entry-title\"><h3><a href=\"https:\/\/www.zsk.olsztyn.pl\/przedszkole\/teatrzyk-kamishibai-2\/\" class=\"post-title\">TEATRZYK KAMISHIBAI<\/a><\/h3><\/div><!-- .entry-title --><div class=\"post-excerpt\"><p>[vc_row][vc_column][vc_column_text]Kolejne spotkanie z Teatrzykiem Kamishibai za nami. Tym razem dzieci rozmawia\u0142y o emocjach, czyli o<\/p>\n ..<\/div><!-- .post-excerpt --><\/div><!-- .blog-inner --><\/div><!-- .cols --><\/div><!-- .row --><div class=\"row\"><div class=\"col-lg-4 col-md-4\"><div class=\"blog-inner\"><div class=\"post-thumb\"><img width=\"267\" height=\"189\" src=\"https:\/\/www.zsk.olsztyn.pl\/przedszkole\/wp-content\/uploads\/2023\/06\/cab879c0dab45dcccfbb2ef87b60eedf812b6410.jpg\" class=\"img-fluid wp-post-image\" alt=\"\" loading=\"lazy\" \/><\/div><!-- .post-thumb --><div class=\"entry-title\"><h3><a href=\"https:\/\/www.zsk.olsztyn.pl\/przedszkole\/3-latki-w-bibliotece\/\" class=\"post-title\">3 LATKI W BIBLIOTECE<\/a><\/h3><\/div><!-- .entry-title --><div class=\"post-excerpt\"><p>[vc_row][vc_column][vc_column_text]13 czerwca dzieci z grupy 3-latk\u00f3w wybra\u0142y si\u0119 na wycieczk\u0119 do naszej szkolnej biblioteki z<\/p>\n ..<\/div><!-- .post-excerpt --><\/div><!-- .blog-inner --><\/div><!-- .cols --><div class=\"col-lg-4 col-md-4\"><div class=\"blog-inner\"><div class=\"post-thumb\"><img width=\"253\" height=\"199\" src=\"https:\/\/www.zsk.olsztyn.pl\/przedszkole\/wp-content\/uploads\/2023\/06\/pobrane.jpg\" class=\"img-fluid wp-post-image\" alt=\"\" loading=\"lazy\" \/><\/div><!-- .post-thumb --><div class=\"entry-title\"><h3><a href=\"https:\/\/www.zsk.olsztyn.pl\/przedszkole\/dzien-dziecka-3-latki-3\/\" class=\"post-title\">DZIE\u0143 DZIECKA- 3 LATKI<\/a><\/h3><\/div><!-- .entry-title --><div class=\"post-excerpt\"><p>[vc_row][vc_column][vc_column_text]Dzie\u0144 Dziecka, to \u015bwi\u0119to, kt\u00f3re uwielbiaj\u0105 wszystkie dzieci, te ma\u0142e i te du\u017ce. Tego dnia<\/p>\n ..<\/div><!-- .post-excerpt --><\/div><!-- .blog-inner --><\/div><!-- .cols --><div class=\"col-lg-4 col-md-4\"><div class=\"blog-inner\"><div class=\"post-thumb\"><img width=\"350\" height=\"250\" src=\"https:\/\/www.zsk.olsztyn.pl\/przedszkole\/wp-content\/uploads\/2023\/04\/grafika-350x250.png\" class=\"img-fluid wp-post-image\" alt=\"\" loading=\"lazy\" \/><\/div><!-- .post-thumb --><div class=\"entry-title\"><h3><a href=\"https:\/\/www.zsk.olsztyn.pl\/przedszkole\/17875-2\/\" class=\"post-title\">AKCJA&#8221; JEDNO DZIECKO- JEDNO DRZEWO&#8221;<\/a><\/h3><\/div><!-- .entry-title --><div class=\"post-excerpt\"><p>[vc_row][vc_column][vc_column_text]Na terenie Nadle\u015bnictwa Kudypy 22 kwietnia zosta\u0142a zorganizowana akcja \u201eJedno dziecko, jedno drzewo\u201d. Udzia\u0142 wzi\u0119\u0142y<\/p>\n ..<\/div><!-- .post-excerpt --><\/div><!-- .blog-inner --><\/div><!-- .cols --><\/div><!-- .row --><div class=\"row\"><div class=\"col-lg-4 col-md-4\"><div class=\"blog-inner\"><div class=\"post-thumb\"><img width=\"275\" height=\"183\" src=\"https:\/\/www.zsk.olsztyn.pl\/przedszkole\/wp-content\/uploads\/2023\/04\/images.jpg\" class=\"img-fluid wp-post-image\" alt=\"\" loading=\"lazy\" \/><\/div><!-- .post-thumb --><div class=\"entry-title\"><h3><a href=\"https:\/\/www.zsk.olsztyn.pl\/przedszkole\/sniadanie-wielkanocne-3-latki\/\" class=\"post-title\">\u015aNIADANIE WIELKANOCNE- 3 LATKI<\/a><\/h3><\/div><!-- .entry-title --><div class=\"post-excerpt\"><p>[vc_row][vc_column][vc_column_text]5 kwietnia w grupie 3 &#8211; latk\u00f3w odby\u0142o si\u0119 \u015bniadanie wielkanocne. Na \u015bwi\u0105tecznym stole nie<\/p>\n ..<\/div><!-- .post-excerpt --><\/div><!-- .blog-inner --><\/div><!-- .cols --><div class=\"col-lg-4 col-md-4\"><div class=\"blog-inner\"><div class=\"post-thumb\"><img width=\"350\" height=\"250\" src=\"https:\/\/www.zsk.olsztyn.pl\/przedszkole\/wp-content\/uploads\/2023\/04\/ce4d405e666839d750cc7087fc299dcc0c61616b-350x250.jpg\" class=\"img-fluid wp-post-image\" alt=\"\" loading=\"lazy\" \/><\/div><!-- .post-thumb --><div class=\"entry-title\"><h3><a href=\"https:\/\/www.zsk.olsztyn.pl\/przedszkole\/dzien-czekolady-5-latki\/\" class=\"post-title\">DZIE\u0143 CZEKOLADY<\/a><\/h3><\/div><!-- .entry-title --><div class=\"post-excerpt\"><p>[vc_row][vc_column][vc_column_text]12 kwietnia obchodzili\u015bmy w naszej grupie Dzie\u0144 Czekolady. W tym dniu, nie mog\u0142o zabrakn\u0105\u0107 degustacji<\/p>\n ..<\/div><!-- .post-excerpt --><\/div><!-- .blog-inner --><\/div><!-- .cols --><div class=\"col-lg-4 col-md-4\"><div class=\"blog-inner\"><div class=\"post-thumb\"><img width=\"350\" height=\"250\" src=\"https:\/\/www.zsk.olsztyn.pl\/przedszkole\/wp-content\/uploads\/2023\/04\/2389-7199-1-350x250.jpg\" class=\"img-fluid wp-post-image\" alt=\"\" loading=\"lazy\" \/><\/div><!-- .post-thumb --><div class=\"entry-title\"><h3><a href=\"https:\/\/www.zsk.olsztyn.pl\/przedszkole\/wycieczka-do-muzeum-przyrody-2\/\" class=\"post-title\">WYCIECZKA DO MUZEUM PRZYRODY<\/a><\/h3><\/div><!-- .entry-title --><div class=\"post-excerpt\"><p>[vc_row][vc_column][vc_column_text]28 marca dzieci z grupy 3-latk\u00f3w mia\u0142y okazj\u0119 odby\u0107 wypraw\u0119 do Olszty\u0144skiego Muzeum Przyrody. Podczas<\/p>\n ..<\/div><!-- .post-excerpt --><\/div><!-- .blog-inner --><\/div><!-- .cols --><\/div><!-- .row --><div class=\"row\"><div class=\"col-lg-4 col-md-4\"><div class=\"blog-inner\"><div class=\"post-thumb\"><img width=\"350\" height=\"250\" src=\"https:\/\/www.zsk.olsztyn.pl\/przedszkole\/wp-content\/uploads\/2023\/04\/zajaczek-350x250.jpg\" class=\"img-fluid wp-post-image\" alt=\"\" loading=\"lazy\" \/><\/div><!-- .post-thumb --><div class=\"entry-title\"><h3><a href=\"https:\/\/www.zsk.olsztyn.pl\/przedszkole\/teatrzyk-kamishibai\/\" class=\"post-title\">TEATRZYK KAMISHIBAI<\/a><\/h3><\/div><!-- .entry-title --><div class=\"post-excerpt\"><p>[vc_row][vc_column][vc_column_text]W czwartek 30 marca dzieci z grupy 4-latk\u00f3w obejrza\u0142y teatrzyk kamishibai w wykonaniu pani Magdaleny<\/p>\n ..<\/div><!-- .post-excerpt --><\/div><!-- .blog-inner --><\/div><!-- .cols --><div class=\"col-lg-4 col-md-4\"><div class=\"blog-inner\"><div class=\"post-thumb\"><img width=\"350\" height=\"250\" src=\"https:\/\/www.zsk.olsztyn.pl\/przedszkole\/wp-content\/uploads\/2023\/03\/103-6572-350x250.jpg\" class=\"img-fluid wp-post-image\" alt=\"\" loading=\"lazy\" \/><\/div><!-- .post-thumb --><div class=\"entry-title\"><h3><a href=\"https:\/\/www.zsk.olsztyn.pl\/przedszkole\/powitanie-wiosny-3-latki\/\" class=\"post-title\">POWITANIE WIOSNY- 3 latki<\/a><\/h3><\/div><!-- .entry-title --><div class=\"post-excerpt\"><p>[vc_row][vc_column][vc_column_text]Z okazji pierwszego dnia wiosny 21 marca, dzieci przywita\u0142y now\u0105 por\u0119 roku wiosennym pokazem mody.<\/p>\n ..<\/div><!-- .post-excerpt --><\/div><!-- .blog-inner --><\/div><!-- .cols --><div class=\"col-lg-4 col-md-4\"><div class=\"blog-inner\"><div class=\"post-thumb\"><img width=\"235\" height=\"214\" src=\"https:\/\/www.zsk.olsztyn.pl\/przedszkole\/wp-content\/uploads\/2023\/03\/images.png\" class=\"img-fluid wp-post-image\" alt=\"\" loading=\"lazy\" \/><\/div><!-- .post-thumb --><div class=\"entry-title\"><h3><a href=\"https:\/\/www.zsk.olsztyn.pl\/przedszkole\/17389-2\/\" class=\"post-title\">DZIE\u0143 KOBIET<\/a><\/h3><\/div><!-- .entry-title --><div class=\"post-excerpt\"><p>[vc_row][vc_column][vc_column_text] 8 marca dzieci z grupy 3 &#8211; latk\u00f3w \u015bwi\u0119towa\u0142y Dzie\u0144 Kobiet. Ten wyj\u0105tkowy dzie\u0144<\/p>\n ..<\/div><!-- .post-excerpt --><\/div><!-- .blog-inner --><\/div><!-- .cols --><\/div><!-- .row --><div class=\"blog-pagination\"><div class=\"post-pagination-wrap\"><ul class=\"nav pagination post-pagination justify-content-center\"><li class=\"nav-item active\"><span class=\"active\">1<\/span><\/li><li class=\"nav-item\"><a href=\"https:\/\/www.zsk.olsztyn.pl\/przedszkole\/wp-json\/wp\/v2\/pages\/18509\/page\/2\/\">2<\/a><\/li><li class=\"nav-item\"><a href=\"https:\/\/www.zsk.olsztyn.pl\/przedszkole\/wp-json\/wp\/v2\/pages\/18509\/page\/3\/\">3<\/a><\/li><li class=\"nav-item nnext\"><a href=\"https:\/\/www.zsk.olsztyn.pl\/przedszkole\/wp-json\/wp\/v2\/pages\/18509\/page\/2\/\" class=\"next-page\" title=\"next\">&gt;<\/a><\/li><li class=\"nav-item next\"><a href=\"https:\/\/www.zsk.olsztyn.pl\/przedszkole\/wp-json\/wp\/v2\/pages\/18509\/page\/3\/\" title=\"Last\">&gt;&gt;<\/a><\/li><\/ul><\/div><\/div><!-- blog-pagination --><\/div><!-- .blog-wrapper -->[\/vc_column][\/vc_row]<\/p>\n","protected":false},"excerpt":{"rendered":"<p>[vc_row][vc_column][na_tytul tytul=&#8221;Aktualno\u015bci&#8221; tytuln=&#8221;Archiwum 2022\/2023&#8243;][vc_raw_html]JTNDZGl2JTIwY2xhc3MlM0QlMjJrYXRfbWVudSUyMiUzRSUwQSUyMCUzQ3VsJTNFJTBBJTIwJTIwJTNDbGklMjBjbGFzcyUzRCUyMmN1ciUyMiUzRSUzQ2ElMjBocmVmJTNEJTIyJTJGcHJ6ZWRzemtvbGUlMkZha3R1YWxub3NjaS0yMDIyJTJGMy1sYXRraSUyRiUyMiUzRTMlMjBMYXRraSUzQyUyRmElM0UlM0MlMkZsaSUzRSUwQSUyMCUyMCUzQ2xpJTNFJTNDYSUyMGhyZWYlM0QlMjIlMkZwcnplZHN6a29sZSUyRmFrdHVhbG5vc2NpLTIwMjIlMkY0LWxhdGtpJTJGJTIyJTNFNCUyMExhdGtpJTNDJTJGYSUzRSUzQyUyRmxpJTNFJTBBJTIwJTIwJTNDbGklM0UlM0NhJTIwaHJlZiUzRCUyMiUyRnByemVkc3prb2xlJTJGYWt0dWFsbm9zY2ktMjAyMiUyRjUtbGF0a2klMkYlMjIlM0U1JTIwTGF0a2klM0MlMkZhJTNFJTNDJTJGbGklM0UlMEElMjAlMjAlM0NsaSUzRSUzQ2ElMjBocmVmJTNEJTIyJTJGcHJ6ZWRzemtvbGUlMkZha3R1YWxub3NjaS0yMDIyJTJGNi1sYXRraSUyRiUyMiUzRTYlMjBMYXRraSUzQyUyRmElM0UlM0MlMkZsaSUzRSUwQSUyMCUzQyUyRnVsJTNFJTBBJTNDJTJGZGl2JTNF[\/vc_raw_html][\/vc_column][\/vc_row]<\/p>\n","protected":false},"author":2,"featured_media":0,"parent":18504,"menu_order":0,"comment_status":"closed","ping_status":"closed","template":"","meta":[],"yoast_head":"<!-- This site is optimized with the Yoast SEO plugin v18.2 - https:\/\/yoast.com\/wordpress\/plugins\/seo\/ -->\n<title>3 Latki - Katolicki Zesp\u00f3\u0142 Edukacyjny - Niepubliczne przedszkole<\/title>\n<meta name=\"description\" content=\"JTNDZGl2JTIwY2xhc3MlM0QlMjJrYXRfbWVudSUyMiUzRSUwQSUyMCUzQ3VsJTNFJTBBJTIwJTIwJTNDbGklMjBjbGFzcyUzRCUyMmN1ciUyMiUzRSUzQ2ElMjBocmVmJTNEJTIyJTJGcHJ6ZWRzemtvbGUl\" \/>\n<meta name=\"robots\" content=\"index, follow, max-snippet:-1, max-image-preview:large, max-video-preview:-1\" \/>\n<link rel=\"canonical\" href=\"https:\/\/www.zsk.olsztyn.pl\/przedszkole\/aktualnosci-2022\/3-latki\/\" \/>\n<meta name=\"twitter:label1\" content=\"Szacowany czas czytania\" \/>\n\t<meta name=\"twitter:data1\" content=\"1 minuta\" \/>\n<script type=\"application\/ld+json\" class=\"yoast-schema-graph\">{\"@context\":\"https:\/\/schema.org\",\"@graph\":[{\"@type\":\"WebSite\",\"@id\":\"https:\/\/www.zsk.olsztyn.pl\/przedszkole\/#website\",\"url\":\"https:\/\/www.zsk.olsztyn.pl\/przedszkole\/\",\"name\":\"Katolicki Zesp\u00f3\u0142 Edukacyjny - Niepubliczne przedszkole\",\"description\":\"Zapraszamy na stron\u0119 katolickiego niepublicznego przedszkola\",\"potentialAction\":[{\"@type\":\"SearchAction\",\"target\":{\"@type\":\"EntryPoint\",\"urlTemplate\":\"https:\/\/www.zsk.olsztyn.pl\/przedszkole\/?s={search_term_string}\"},\"query-input\":\"required name=search_term_string\"}],\"inLanguage\":\"pl-PL\"},{\"@type\":\"WebPage\",\"@id\":\"https:\/\/www.zsk.olsztyn.pl\/przedszkole\/aktualnosci-2022\/3-latki\/#webpage\",\"url\":\"https:\/\/www.zsk.olsztyn.pl\/przedszkole\/aktualnosci-2022\/3-latki\/\",\"name\":\"3 Latki - Katolicki Zesp\u00f3\u0142 Edukacyjny - Niepubliczne przedszkole\",\"isPartOf\":{\"@id\":\"https:\/\/www.zsk.olsztyn.pl\/przedszkole\/#website\"},\"datePublished\":\"2023-10-26T18:58:45+00:00\",\"dateModified\":\"2023-10-26T20:02:23+00:00\",\"description\":\"JTNDZGl2JTIwY2xhc3MlM0QlMjJrYXRfbWVudSUyMiUzRSUwQSUyMCUzQ3VsJTNFJTBBJTIwJTIwJTNDbGklMjBjbGFzcyUzRCUyMmN1ciUyMiUzRSUzQ2ElMjBocmVmJTNEJTIyJTJGcHJ6ZWRzemtvbGUl\",\"breadcrumb\":{\"@id\":\"https:\/\/www.zsk.olsztyn.pl\/przedszkole\/aktualnosci-2022\/3-latki\/#breadcrumb\"},\"inLanguage\":\"pl-PL\",\"potentialAction\":[{\"@type\":\"ReadAction\",\"target\":[\"https:\/\/www.zsk.olsztyn.pl\/przedszkole\/aktualnosci-2022\/3-latki\/\"]}]},{\"@type\":\"BreadcrumbList\",\"@id\":\"https:\/\/www.zsk.olsztyn.pl\/przedszkole\/aktualnosci-2022\/3-latki\/#breadcrumb\",\"itemListElement\":[{\"@type\":\"ListItem\",\"position\":1,\"name\":\"Strona g\u0142\u00f3wna\",\"item\":\"https:\/\/www.zsk.olsztyn.pl\/przedszkole\/\"},{\"@type\":\"ListItem\",\"position\":2,\"name\":\"Aktualno\u015bci 2022\/2023\",\"item\":\"https:\/\/www.zsk.olsztyn.pl\/przedszkole\/aktualnosci-2022\/\"},{\"@type\":\"ListItem\",\"position\":3,\"name\":\"3 Latki\"}]}]}<\/script>\n<!-- \/ Yoast SEO plugin. -->","yoast_head_json":{"title":"3 Latki - Katolicki Zesp\u00f3\u0142 Edukacyjny - Niepubliczne przedszkole","description":"JTNDZGl2JTIwY2xhc3MlM0QlMjJrYXRfbWVudSUyMiUzRSUwQSUyMCUzQ3VsJTNFJTBBJTIwJTIwJTNDbGklMjBjbGFzcyUzRCUyMmN1ciUyMiUzRSUzQ2ElMjBocmVmJTNEJTIyJTJGcHJ6ZWRzemtvbGUl","robots":{"index":"index","follow":"follow","max-snippet":"max-snippet:-1","max-image-preview":"max-image-preview:large","max-video-preview":"max-video-preview:-1"},"canonical":"https:\/\/www.zsk.olsztyn.pl\/przedszkole\/aktualnosci-2022\/3-latki\/","twitter_misc":{"Szacowany czas czytania":"1 minuta"},"schema":{"@context":"https:\/\/schema.org","@graph":[{"@type":"WebSite","@id":"https:\/\/www.zsk.olsztyn.pl\/przedszkole\/#website","url":"https:\/\/www.zsk.olsztyn.pl\/przedszkole\/","name":"Katolicki Zesp\u00f3\u0142 Edukacyjny - Niepubliczne przedszkole","description":"Zapraszamy na stron\u0119 katolickiego niepublicznego przedszkola","potentialAction":[{"@type":"SearchAction","target":{"@type":"EntryPoint","urlTemplate":"https:\/\/www.zsk.olsztyn.pl\/przedszkole\/?s={search_term_string}"},"query-input":"required name=search_term_string"}],"inLanguage":"pl-PL"},{"@type":"WebPage","@id":"https:\/\/www.zsk.olsztyn.pl\/przedszkole\/aktualnosci-2022\/3-latki\/#webpage","url":"https:\/\/www.zsk.olsztyn.pl\/przedszkole\/aktualnosci-2022\/3-latki\/","name":"3 Latki - Katolicki Zesp\u00f3\u0142 Edukacyjny - Niepubliczne przedszkole","isPartOf":{"@id":"https:\/\/www.zsk.olsztyn.pl\/przedszkole\/#website"},"datePublished":"2023-10-26T18:58:45+00:00","dateModified":"2023-10-26T20:02:23+00:00","description":"JTNDZGl2JTIwY2xhc3MlM0QlMjJrYXRfbWVudSUyMiUzRSUwQSUyMCUzQ3VsJTNFJTBBJTIwJTIwJTNDbGklMjBjbGFzcyUzRCUyMmN1ciUyMiUzRSUzQ2ElMjBocmVmJTNEJTIyJTJGcHJ6ZWRzemtvbGUl","breadcrumb":{"@id":"https:\/\/www.zsk.olsztyn.pl\/przedszkole\/aktualnosci-2022\/3-latki\/#breadcrumb"},"inLanguage":"pl-PL","potentialAction":[{"@type":"ReadAction","target":["https:\/\/www.zsk.olsztyn.pl\/przedszkole\/aktualnosci-2022\/3-latki\/"]}]},{"@type":"BreadcrumbList","@id":"https:\/\/www.zsk.olsztyn.pl\/przedszkole\/aktualnosci-2022\/3-latki\/#breadcrumb","itemListElement":[{"@type":"ListItem","position":1,"name":"Strona g\u0142\u00f3wna","item":"https:\/\/www.zsk.olsztyn.pl\/przedszkole\/"},{"@type":"ListItem","position":2,"name":"Aktualno\u015bci 2022\/2023","item":"https:\/\/www.zsk.olsztyn.pl\/przedszkole\/aktualnosci-2022\/"},{"@type":"ListItem","position":3,"name":"3 Latki"}]}]}},"_links":{"self":[{"href":"https:\/\/www.zsk.olsztyn.pl\/przedszkole\/wp-json\/wp\/v2\/pages\/18509"}],"collection":[{"href":"https:\/\/www.zsk.olsztyn.pl\/przedszkole\/wp-json\/wp\/v2\/pages"}],"about":[{"href":"https:\/\/www.zsk.olsztyn.pl\/przedszkole\/wp-json\/wp\/v2\/types\/page"}],"author":[{"embeddable":true,"href":"https:\/\/www.zsk.olsztyn.pl\/przedszkole\/wp-json\/wp\/v2\/users\/2"}],"replies":[{"embeddable":true,"href":"https:\/\/www.zsk.olsztyn.pl\/przedszkole\/wp-json\/wp\/v2\/comments?post=18509"}],"version-history":[{"count":6,"href":"https:\/\/www.zsk.olsztyn.pl\/przedszkole\/wp-json\/wp\/v2\/pages\/18509\/revisions"}],"predecessor-version":[{"id":18563,"href":"https:\/\/www.zsk.olsztyn.pl\/przedszkole\/wp-json\/wp\/v2\/pages\/18509\/revisions\/18563"}],"up":[{"embeddable":true,"href":"https:\/\/www.zsk.olsztyn.pl\/przedszkole\/wp-json\/wp\/v2\/pages\/18504"}],"wp:attachment":[{"href":"https:\/\/www.zsk.olsztyn.pl\/przedszkole\/wp-json\/wp\/v2\/media?parent=18509"}],"curies":[{"name":"wp","href":"https:\/\/api.w.org\/{rel}","templated":true}]}}