{"id":18506,"date":"2023-10-26T20:52:54","date_gmt":"2023-10-26T18:52:54","guid":{"rendered":"https:\/\/www.zsk.olsztyn.pl\/przedszkole\/?page_id=18506"},"modified":"2023-10-26T22:00:06","modified_gmt":"2023-10-26T20:00:06","slug":"aktualnosci-2021","status":"publish","type":"page","link":"https:\/\/www.zsk.olsztyn.pl\/przedszkole\/aktualnosci-2021\/","title":{"rendered":"Aktualno\u015bci 2021\/2022"},"content":{"rendered":"<p>[vc_row][vc_column][na_tytul tytul=&#8221;Aktualno\u015bci&#8221; tytuln=&#8221;Archiwum 2021\/2022&#8243;][vc_raw_html]JTNDZGl2JTIwY2xhc3MlM0QlMjJrYXRfbWVudSUyMiUzRSUwQSUyMCUzQ3VsJTNFJTBBJTIwJTIwJTNDbGklM0UlM0NhJTIwaHJlZiUzRCUyMiUyRnByemVkc3prb2xlJTJGYWt0dWFsbm9zY2ktMjAyMSUyRjMtbGF0a2klMkYlMjIlM0UzJTIwTGF0a2klM0MlMkZhJTNFJTNDJTJGbGklM0UlMEElMjAlMjAlM0NsaSUzRSUzQ2ElMjBocmVmJTNEJTIyJTJGcHJ6ZWRzemtvbGUlMkZha3R1YWxub3NjaS0yMDIxJTJGNC1sYXRraSUyRiUyMiUzRTQlMjBMYXRraSUzQyUyRmElM0UlM0MlMkZsaSUzRSUwQSUyMCUyMCUzQ2xpJTNFJTNDYSUyMGhyZWYlM0QlMjIlMkZwcnplZHN6a29sZSUyRmFrdHVhbG5vc2NpLTIwMjElMkY1LWxhdGtpJTJGJTIyJTNFNSUyMExhdGtpJTNDJTJGYSUzRSUzQyUyRmxpJTNFJTBBJTIwJTIwJTNDbGklM0UlM0NhJTIwaHJlZiUzRCUyMiUyRnByemVkc3prb2xlJTJGYWt0dWFsbm9zY2ktMjAyMSUyRjYtbGF0a2klMkYlMjIlM0U2JTIwTGF0a2klM0MlMkZhJTNFJTNDJTJGbGklM0UlMEElMjAlM0MlMkZ1bCUzRSUwQSUzQyUyRmRpdiUzRQ==[\/vc_raw_html]<div class=\"blog-wrapper blog-style-1 blog-light\" data-css=\"&quot;&quot;\"><div class=\"row\"><div class=\"col-lg-4 col-md-4\"><div class=\"blog-inner\"><div class=\"post-thumb\"><img width=\"350\" height=\"250\" src=\"https:\/\/www.zsk.olsztyn.pl\/przedszkole\/wp-content\/uploads\/2025\/09\/DZIEN-GLOSNEGO-CZYTANIA-obraz-350x250.jpg\" class=\"img-fluid wp-post-image\" alt=\"\" loading=\"lazy\" \/><\/div><!-- .post-thumb --><div class=\"entry-title\"><h3><a href=\"https:\/\/www.zsk.olsztyn.pl\/przedszkole\/dzien-glosnego-czytania\/\" class=\"post-title\">DZIE\u0143 G\u0141O\u015aNEGO CZYTANIA<\/a><\/h3><\/div><!-- .entry-title --><div class=\"post-excerpt\"><p>[vc_row][vc_column][vc_column_text]Niepubliczne Przedszkole im \u015awi\u0119tej Rodziny z plusowym mikrofonem odwiedzi\u0142a\u00a0 reporterka Kasia Sobotka.[\/vc_column_text][na_galerie_listing ids=&#8221;23862,23863,23864,23865,23866,23867&#8243;][\/vc_column][\/vc_row]<\/p>\n ..<\/div><!-- .post-excerpt --><\/div><!-- .blog-inner --><\/div><!-- .cols --><div class=\"col-lg-4 col-md-4\"><div class=\"blog-inner\"><div class=\"post-thumb\"><img width=\"350\" height=\"250\" src=\"https:\/\/www.zsk.olsztyn.pl\/przedszkole\/wp-content\/uploads\/2024\/10\/277806679-350x250.jpg\" class=\"img-fluid wp-post-image\" alt=\"\" loading=\"lazy\" \/><\/div><!-- .post-thumb --><div class=\"entry-title\"><h3><a href=\"https:\/\/www.zsk.olsztyn.pl\/przedszkole\/tajniki-tkactwa\/\" class=\"post-title\">TAJNIKI TKACTWA<\/a><\/h3><\/div><!-- .entry-title --><div class=\"post-excerpt\"><p>[vc_row][vc_column][vc_column_text]Na ostatnich zaj\u0119ciach r\u0119kodzie\u0142a 6-latki pozna\u0142y tajniki tkactwa. Dowiedzieli\u015bmy si\u0119, czym jest w\u0105tek, a czym<\/p>\n ..<\/div><!-- .post-excerpt --><\/div><!-- .blog-inner --><\/div><!-- .cols --><div class=\"col-lg-4 col-md-4\"><div class=\"blog-inner\"><div class=\"post-thumb\"><img width=\"296\" height=\"250\" src=\"https:\/\/www.zsk.olsztyn.pl\/przedszkole\/wp-content\/uploads\/2024\/07\/depositphotos_281456616-stock-illustration-landscape-background-explorer-kids.webp\" class=\"img-fluid wp-post-image\" alt=\"\" loading=\"lazy\" \/><\/div><!-- .post-thumb --><div class=\"entry-title\"><h3><a href=\"https:\/\/www.zsk.olsztyn.pl\/przedszkole\/odkrywcy-przyrody\/\" class=\"post-title\">ODKRYWCY PRZYRODY<\/a><\/h3><\/div><!-- .entry-title --><div class=\"post-excerpt\"><p>[vc_row][vc_column][vc_column_text]Grupa 5,6-latk\u00f3w w pierwszej po\u0142owie lipca odkrywa\u0142a tajniki przyrody. Wybrali\u015bmy si\u0119 na dwie wycieczki: do<\/p>\n ..<\/div><!-- .post-excerpt --><\/div><!-- .blog-inner --><\/div><!-- .cols --><\/div><!-- .row --><div class=\"row\"><div class=\"col-lg-4 col-md-4\"><div class=\"blog-inner\"><div class=\"post-thumb\"><img width=\"350\" height=\"250\" src=\"https:\/\/www.zsk.olsztyn.pl\/przedszkole\/wp-content\/uploads\/2024\/02\/333481461_3104763249816624_6021858134930734550_n-350x250.jpg\" class=\"img-fluid wp-post-image\" alt=\"\" loading=\"lazy\" \/><\/div><!-- .post-thumb --><div class=\"entry-title\"><h3><a href=\"https:\/\/www.zsk.olsztyn.pl\/przedszkole\/zdrowo-i-kolorowo\/\" class=\"post-title\">ZDROWO I KOLOROWO<\/a><\/h3><\/div><!-- .entry-title --><div class=\"post-excerpt\"><p>[vc_row][vc_column][vc_column_text]9 lutego dzieci z grupy 5,6-latk\u00f3w przypomnia\u0142y sobie zasady zdrowego od\u017cywiania. Od\u015bwie\u017cyli\u015bmy pami\u0119\u0107 o owocach<\/p>\n ..<\/div><!-- .post-excerpt --><\/div><!-- .blog-inner --><\/div><!-- .cols --><div class=\"col-lg-4 col-md-4\"><div class=\"blog-inner\"><div class=\"post-thumb\"><img width=\"350\" height=\"250\" src=\"https:\/\/www.zsk.olsztyn.pl\/przedszkole\/wp-content\/uploads\/2021\/06\/z17224630IBGOlsztynski-Teatr-Lalek-350x250.jpg\" class=\"img-fluid wp-post-image\" alt=\"\" loading=\"lazy\" \/><\/div><!-- .post-thumb --><div class=\"entry-title\"><h3><a href=\"https:\/\/www.zsk.olsztyn.pl\/przedszkole\/wycieczka-do-teatru-4-latki\/\" class=\"post-title\">WYCIECZKA DO TEATRU-  4 latki<\/a><\/h3><\/div><!-- .entry-title --><div class=\"post-excerpt\"><p>18 czerwca grupa 4 latk\u00f3w uda\u0142a si\u0119 do Teatru Lalek w Olsztynie na przestawienie pt.<\/p>\n ..<\/div><!-- .post-excerpt --><\/div><!-- .blog-inner --><\/div><!-- .cols --><div class=\"col-lg-4 col-md-4\"><div class=\"blog-inner\"><div class=\"post-thumb\"><img width=\"309\" height=\"207\" src=\"https:\/\/www.zsk.olsztyn.pl\/przedszkole\/wp-content\/uploads\/2021\/06\/slimaki-small-2.jpg\" class=\"img-fluid wp-post-image\" alt=\"\" loading=\"lazy\" srcset=\"https:\/\/www.zsk.olsztyn.pl\/przedszkole\/wp-content\/uploads\/2021\/06\/slimaki-small-2.jpg 309w, https:\/\/www.zsk.olsztyn.pl\/przedszkole\/wp-content\/uploads\/2021\/06\/slimaki-small-2-300x201.jpg 300w\" sizes=\"(max-width: 309px) 100vw, 309px\" \/><\/div><!-- .post-thumb --><div class=\"entry-title\"><h3><a href=\"https:\/\/www.zsk.olsztyn.pl\/przedszkole\/huta-szkla-6-latki\/\" class=\"post-title\">HUTA SZK\u0141A- 6 latki<\/a><\/h3><\/div><!-- .entry-title --><div class=\"post-excerpt\"><p>21 czerwca grupa 6-latk\u00f3w odby\u0142a wycieczk\u0119 do Huty Szk\u0142a Artystycznego w Olsztynku. Na pocz\u0105tku pani<\/p>\n ..<\/div><!-- .post-excerpt --><\/div><!-- .blog-inner --><\/div><!-- .cols --><\/div><!-- .row --><div class=\"row\"><div class=\"col-lg-4 col-md-4\"><div class=\"blog-inner\"><div class=\"post-thumb\"><img width=\"264\" height=\"191\" src=\"https:\/\/www.zsk.olsztyn.pl\/przedszkole\/wp-content\/uploads\/2021\/06\/images.jpg\" class=\"img-fluid wp-post-image\" alt=\"\" loading=\"lazy\" \/><\/div><!-- .post-thumb --><div class=\"entry-title\"><h3><a href=\"https:\/\/www.zsk.olsztyn.pl\/przedszkole\/12566\/\" class=\"post-title\">SPOTKANIE Z GO\u015aCIEM- 5 latki<\/a><\/h3><\/div><!-- .entry-title --><div class=\"post-excerpt\"><p>W czwartek, w grupie 5-latk\u00f3w, go\u015bcili\u015bmy tat\u0119 Ani \u2013 pana Leszka, kt\u00f3ry opowiedzia\u0142 nam o<\/p>\n ..<\/div><!-- .post-excerpt --><\/div><!-- .blog-inner --><\/div><!-- .cols --><div class=\"col-lg-4 col-md-4\"><div class=\"blog-inner\"><div class=\"post-thumb\"><img width=\"350\" height=\"250\" src=\"https:\/\/www.zsk.olsztyn.pl\/przedszkole\/wp-content\/uploads\/2021\/06\/AhojPrzygodoZbiorczy-520x410-350x250.jpg\" class=\"img-fluid wp-post-image\" alt=\"\" loading=\"lazy\" \/><\/div><!-- .post-thumb --><div class=\"entry-title\"><h3><a href=\"https:\/\/www.zsk.olsztyn.pl\/przedszkole\/dzien-oceanow-5-latki\/\" class=\"post-title\">DZIE\u0143 OCEAN\u00d3W- 5 latki<\/a><\/h3><\/div><!-- .entry-title --><div class=\"post-excerpt\"><p>11 czerwca obchodzili\u015bmy w grupie Dzie\u0144 Ocean\u00f3w. By\u0142 to dzie\u0144, w kt\u00f3rym poszerzali\u015bmy nasz\u0105 wiedz\u0119<\/p>\n ..<\/div><!-- .post-excerpt --><\/div><!-- .blog-inner --><\/div><!-- .cols --><div class=\"col-lg-4 col-md-4\"><div class=\"blog-inner\"><div class=\"post-thumb\"><img width=\"267\" height=\"189\" src=\"https:\/\/www.zsk.olsztyn.pl\/przedszkole\/wp-content\/uploads\/2021\/06\/7cdfec604ea8ae333da9da4b6de2.jpg\" class=\"img-fluid wp-post-image\" alt=\"\" loading=\"lazy\" \/><\/div><!-- .post-thumb --><div class=\"entry-title\"><h3><a href=\"https:\/\/www.zsk.olsztyn.pl\/przedszkole\/dzien-ksiazki-4-latki\/\" class=\"post-title\">DZIE\u0143 KSI\u0104\u017bKI- 4 latki<\/a><\/h3><\/div><!-- .entry-title --><div class=\"post-excerpt\"><p>W drugim tygodniu czerwca dzieci w grupie 4 latk\u00f3w rozmawia\u0142y na temat ksi\u0105\u017cek. Dowiedzia\u0142y si\u0119<\/p>\n ..<\/div><!-- .post-excerpt --><\/div><!-- .blog-inner --><\/div><!-- .cols --><\/div><!-- .row --><div class=\"row\"><div class=\"col-lg-4 col-md-4\"><div class=\"blog-inner\"><div class=\"post-thumb\"><img width=\"350\" height=\"228\" src=\"https:\/\/www.zsk.olsztyn.pl\/przedszkole\/wp-content\/uploads\/2021\/06\/unnamed2-350x228.jpg\" class=\"img-fluid wp-post-image\" alt=\"\" loading=\"lazy\" \/><\/div><!-- .post-thumb --><div class=\"entry-title\"><h3><a href=\"https:\/\/www.zsk.olsztyn.pl\/przedszkole\/konkurs-fotograficzny-3-latki\/\" class=\"post-title\">KONKURS FOTOGRAFICZNY- 3 latki<\/a><\/h3><\/div><!-- .entry-title --><div class=\"post-excerpt\"><p>W grupie 3- latk\u00f3w odby\u0142 si\u0119 konkurs fotograficzny &#8221; Moja Rodzina&#8221;. Dzieci bardzo si\u0119 cieszy\u0142y,<\/p>\n ..<\/div><!-- .post-excerpt --><\/div><!-- .blog-inner --><\/div><!-- .cols --><div class=\"col-lg-4 col-md-4\"><div class=\"blog-inner\"><div class=\"post-thumb\"><img width=\"350\" height=\"250\" src=\"https:\/\/www.zsk.olsztyn.pl\/przedszkole\/wp-content\/uploads\/2021\/06\/chess-5112895_1920-1024x580-350x250.jpg\" class=\"img-fluid wp-post-image\" alt=\"\" loading=\"lazy\" \/><\/div><!-- .post-thumb --><div class=\"entry-title\"><h3><a href=\"https:\/\/www.zsk.olsztyn.pl\/przedszkole\/turniej-szachowy-6-latki\/\" class=\"post-title\">TURNIEJ SZACHOWY- 6 latki<\/a><\/h3><\/div><!-- .entry-title --><div class=\"post-excerpt\"><p>Dzie\u0144 10 czerwca 2021 r. zostanie wyj\u0105tkowo zapisany w historii naszego przedszkola. To wydarzenie zostanie<\/p>\n ..<\/div><!-- .post-excerpt --><\/div><!-- .blog-inner --><\/div><!-- .cols --><div class=\"col-lg-4 col-md-4\"><div class=\"blog-inner\"><div class=\"post-thumb\"><img width=\"282\" height=\"179\" src=\"https:\/\/www.zsk.olsztyn.pl\/przedszkole\/wp-content\/uploads\/2021\/06\/pobrane.jpg\" class=\"img-fluid wp-post-image\" alt=\"\" loading=\"lazy\" \/><\/div><!-- .post-thumb --><div class=\"entry-title\"><h3><a href=\"https:\/\/www.zsk.olsztyn.pl\/przedszkole\/konkurs-plastyczny-6-latki\/\" class=\"post-title\">KONKURS PLASTYCZNY- 6 latki<\/a><\/h3><\/div><!-- .entry-title --><div class=\"post-excerpt\"><p>Dzieci z grupy 6-latk\u00f3w wzi\u0119\u0142y udzia\u0142 w konkursie plastycznym pt. &#8220;Moja przygoda na Marsie&#8221;, kt\u00f3rego<\/p>\n ..<\/div><!-- .post-excerpt --><\/div><!-- .blog-inner --><\/div><!-- .cols --><\/div><!-- .row --><div class=\"blog-pagination\"><div class=\"post-pagination-wrap\"><ul class=\"nav pagination post-pagination justify-content-center\"><li class=\"nav-item active\"><span class=\"active\">1<\/span><\/li><li class=\"nav-item\"><a href=\"https:\/\/www.zsk.olsztyn.pl\/przedszkole\/wp-json\/wp\/v2\/pages\/18506\/page\/2\/\">2<\/a><\/li><li class=\"nav-item\"><a href=\"https:\/\/www.zsk.olsztyn.pl\/przedszkole\/wp-json\/wp\/v2\/pages\/18506\/page\/3\/\">3<\/a><\/li><li class=\"nav-item\"><a href=\"https:\/\/www.zsk.olsztyn.pl\/przedszkole\/wp-json\/wp\/v2\/pages\/18506\/page\/4\/\">4<\/a><\/li><li class=\"nav-item nnext\"><a href=\"https:\/\/www.zsk.olsztyn.pl\/przedszkole\/wp-json\/wp\/v2\/pages\/18506\/page\/2\/\" class=\"next-page\" title=\"next\">&gt;<\/a><\/li><li class=\"nav-item next\"><a href=\"https:\/\/www.zsk.olsztyn.pl\/przedszkole\/wp-json\/wp\/v2\/pages\/18506\/page\/13\/\" title=\"Last\">&gt;&gt;<\/a><\/li><\/ul><\/div><\/div><!-- blog-pagination --><\/div><!-- .blog-wrapper -->[\/vc_column][\/vc_row]<\/p>\n","protected":false},"excerpt":{"rendered":"<p>[vc_row][vc_column][na_tytul tytul=&#8221;Aktualno\u015bci&#8221; tytuln=&#8221;Archiwum 2021\/2022&#8243;][vc_raw_html]JTNDZGl2JTIwY2xhc3MlM0QlMjJrYXRfbWVudSUyMiUzRSUwQSUyMCUzQ3VsJTNFJTBBJTIwJTIwJTNDbGklM0UlM0NhJTIwaHJlZiUzRCUyMiUyRnByemVkc3prb2xlJTJGYWt0dWFsbm9zY2ktMjAyMSUyRjMtbGF0a2klMkYlMjIlM0UzJTIwTGF0a2klM0MlMkZhJTNFJTNDJTJGbGklM0UlMEElMjAlMjAlM0NsaSUzRSUzQ2ElMjBocmVmJTNEJTIyJTJGcHJ6ZWRzemtvbGUlMkZha3R1YWxub3NjaS0yMDIxJTJGNC1sYXRraSUyRiUyMiUzRTQlMjBMYXRraSUzQyUyRmElM0UlM0MlMkZsaSUzRSUwQSUyMCUyMCUzQ2xpJTNFJTNDYSUyMGhyZWYlM0QlMjIlMkZwcnplZHN6a29sZSUyRmFrdHVhbG5vc2NpLTIwMjElMkY1LWxhdGtpJTJGJTIyJTNFNSUyMExhdGtpJTNDJTJGYSUzRSUzQyUyRmxpJTNFJTBBJTIwJTIwJTNDbGklM0UlM0NhJTIwaHJlZiUzRCUyMiUyRnByemVkc3prb2xlJTJGYWt0dWFsbm9zY2ktMjAyMSUyRjYtbGF0a2klMkYlMjIlM0U2JTIwTGF0a2klM0MlMkZhJTNFJTNDJTJGbGklM0UlMEElMjAlM0MlMkZ1bCUzRSUwQSUzQyUyRmRpdiUzRQ==[\/vc_raw_html][\/vc_column][\/vc_row]<\/p>\n","protected":false},"author":2,"featured_media":0,"parent":0,"menu_order":0,"comment_status":"closed","ping_status":"closed","template":"","meta":[],"yoast_head":"<!-- This site is optimized with the Yoast SEO plugin v18.2 - https:\/\/yoast.com\/wordpress\/plugins\/seo\/ -->\n<title>Aktualno\u015bci 2021\/2022 - Katolicki Zesp\u00f3\u0142 Edukacyjny - Niepubliczne przedszkole<\/title>\n<meta name=\"description\" content=\"JTNDZGl2JTIwY2xhc3MlM0QlMjJrYXRfbWVudSUyMiUzRSUwQSUyMCUzQ3VsJTNFJTBBJTIwJTIwJTNDbGklM0UlM0NhJTIwaHJlZiUzRCUyMiUyRnByemVkc3prb2xlJTJGYWt0dWFsbm9zY2ktMjAyMSUy\" \/>\n<meta name=\"robots\" content=\"index, follow, max-snippet:-1, max-image-preview:large, max-video-preview:-1\" \/>\n<link rel=\"canonical\" href=\"https:\/\/www.zsk.olsztyn.pl\/przedszkole\/aktualnosci-2021\/\" \/>\n<meta name=\"twitter:label1\" content=\"Szacowany czas czytania\" \/>\n\t<meta name=\"twitter:data1\" content=\"1 minuta\" \/>\n<script type=\"application\/ld+json\" class=\"yoast-schema-graph\">{\"@context\":\"https:\/\/schema.org\",\"@graph\":[{\"@type\":\"WebSite\",\"@id\":\"https:\/\/www.zsk.olsztyn.pl\/przedszkole\/#website\",\"url\":\"https:\/\/www.zsk.olsztyn.pl\/przedszkole\/\",\"name\":\"Katolicki Zesp\u00f3\u0142 Edukacyjny - Niepubliczne przedszkole\",\"description\":\"Zapraszamy na stron\u0119 katolickiego niepublicznego przedszkola\",\"potentialAction\":[{\"@type\":\"SearchAction\",\"target\":{\"@type\":\"EntryPoint\",\"urlTemplate\":\"https:\/\/www.zsk.olsztyn.pl\/przedszkole\/?s={search_term_string}\"},\"query-input\":\"required name=search_term_string\"}],\"inLanguage\":\"pl-PL\"},{\"@type\":\"WebPage\",\"@id\":\"https:\/\/www.zsk.olsztyn.pl\/przedszkole\/aktualnosci-2021\/#webpage\",\"url\":\"https:\/\/www.zsk.olsztyn.pl\/przedszkole\/aktualnosci-2021\/\",\"name\":\"Aktualno\u015bci 2021\/2022 - Katolicki Zesp\u00f3\u0142 Edukacyjny - Niepubliczne przedszkole\",\"isPartOf\":{\"@id\":\"https:\/\/www.zsk.olsztyn.pl\/przedszkole\/#website\"},\"datePublished\":\"2023-10-26T18:52:54+00:00\",\"dateModified\":\"2023-10-26T20:00:06+00:00\",\"description\":\"JTNDZGl2JTIwY2xhc3MlM0QlMjJrYXRfbWVudSUyMiUzRSUwQSUyMCUzQ3VsJTNFJTBBJTIwJTIwJTNDbGklM0UlM0NhJTIwaHJlZiUzRCUyMiUyRnByemVkc3prb2xlJTJGYWt0dWFsbm9zY2ktMjAyMSUy\",\"breadcrumb\":{\"@id\":\"https:\/\/www.zsk.olsztyn.pl\/przedszkole\/aktualnosci-2021\/#breadcrumb\"},\"inLanguage\":\"pl-PL\",\"potentialAction\":[{\"@type\":\"ReadAction\",\"target\":[\"https:\/\/www.zsk.olsztyn.pl\/przedszkole\/aktualnosci-2021\/\"]}]},{\"@type\":\"BreadcrumbList\",\"@id\":\"https:\/\/www.zsk.olsztyn.pl\/przedszkole\/aktualnosci-2021\/#breadcrumb\",\"itemListElement\":[{\"@type\":\"ListItem\",\"position\":1,\"name\":\"Strona g\u0142\u00f3wna\",\"item\":\"https:\/\/www.zsk.olsztyn.pl\/przedszkole\/\"},{\"@type\":\"ListItem\",\"position\":2,\"name\":\"Aktualno\u015bci 2021\/2022\"}]}]}<\/script>\n<!-- \/ Yoast SEO plugin. -->","yoast_head_json":{"title":"Aktualno\u015bci 2021\/2022 - Katolicki Zesp\u00f3\u0142 Edukacyjny - Niepubliczne przedszkole","description":"JTNDZGl2JTIwY2xhc3MlM0QlMjJrYXRfbWVudSUyMiUzRSUwQSUyMCUzQ3VsJTNFJTBBJTIwJTIwJTNDbGklM0UlM0NhJTIwaHJlZiUzRCUyMiUyRnByemVkc3prb2xlJTJGYWt0dWFsbm9zY2ktMjAyMSUy","robots":{"index":"index","follow":"follow","max-snippet":"max-snippet:-1","max-image-preview":"max-image-preview:large","max-video-preview":"max-video-preview:-1"},"canonical":"https:\/\/www.zsk.olsztyn.pl\/przedszkole\/aktualnosci-2021\/","twitter_misc":{"Szacowany czas czytania":"1 minuta"},"schema":{"@context":"https:\/\/schema.org","@graph":[{"@type":"WebSite","@id":"https:\/\/www.zsk.olsztyn.pl\/przedszkole\/#website","url":"https:\/\/www.zsk.olsztyn.pl\/przedszkole\/","name":"Katolicki Zesp\u00f3\u0142 Edukacyjny - Niepubliczne przedszkole","description":"Zapraszamy na stron\u0119 katolickiego niepublicznego przedszkola","potentialAction":[{"@type":"SearchAction","target":{"@type":"EntryPoint","urlTemplate":"https:\/\/www.zsk.olsztyn.pl\/przedszkole\/?s={search_term_string}"},"query-input":"required name=search_term_string"}],"inLanguage":"pl-PL"},{"@type":"WebPage","@id":"https:\/\/www.zsk.olsztyn.pl\/przedszkole\/aktualnosci-2021\/#webpage","url":"https:\/\/www.zsk.olsztyn.pl\/przedszkole\/aktualnosci-2021\/","name":"Aktualno\u015bci 2021\/2022 - Katolicki Zesp\u00f3\u0142 Edukacyjny - Niepubliczne przedszkole","isPartOf":{"@id":"https:\/\/www.zsk.olsztyn.pl\/przedszkole\/#website"},"datePublished":"2023-10-26T18:52:54+00:00","dateModified":"2023-10-26T20:00:06+00:00","description":"JTNDZGl2JTIwY2xhc3MlM0QlMjJrYXRfbWVudSUyMiUzRSUwQSUyMCUzQ3VsJTNFJTBBJTIwJTIwJTNDbGklM0UlM0NhJTIwaHJlZiUzRCUyMiUyRnByemVkc3prb2xlJTJGYWt0dWFsbm9zY2ktMjAyMSUy","breadcrumb":{"@id":"https:\/\/www.zsk.olsztyn.pl\/przedszkole\/aktualnosci-2021\/#breadcrumb"},"inLanguage":"pl-PL","potentialAction":[{"@type":"ReadAction","target":["https:\/\/www.zsk.olsztyn.pl\/przedszkole\/aktualnosci-2021\/"]}]},{"@type":"BreadcrumbList","@id":"https:\/\/www.zsk.olsztyn.pl\/przedszkole\/aktualnosci-2021\/#breadcrumb","itemListElement":[{"@type":"ListItem","position":1,"name":"Strona g\u0142\u00f3wna","item":"https:\/\/www.zsk.olsztyn.pl\/przedszkole\/"},{"@type":"ListItem","position":2,"name":"Aktualno\u015bci 2021\/2022"}]}]}},"_links":{"self":[{"href":"https:\/\/www.zsk.olsztyn.pl\/przedszkole\/wp-json\/wp\/v2\/pages\/18506"}],"collection":[{"href":"https:\/\/www.zsk.olsztyn.pl\/przedszkole\/wp-json\/wp\/v2\/pages"}],"about":[{"href":"https:\/\/www.zsk.olsztyn.pl\/przedszkole\/wp-json\/wp\/v2\/types\/page"}],"author":[{"embeddable":true,"href":"https:\/\/www.zsk.olsztyn.pl\/przedszkole\/wp-json\/wp\/v2\/users\/2"}],"replies":[{"embeddable":true,"href":"https:\/\/www.zsk.olsztyn.pl\/przedszkole\/wp-json\/wp\/v2\/comments?post=18506"}],"version-history":[{"count":5,"href":"https:\/\/www.zsk.olsztyn.pl\/przedszkole\/wp-json\/wp\/v2\/pages\/18506\/revisions"}],"predecessor-version":[{"id":18557,"href":"https:\/\/www.zsk.olsztyn.pl\/przedszkole\/wp-json\/wp\/v2\/pages\/18506\/revisions\/18557"}],"wp:attachment":[{"href":"https:\/\/www.zsk.olsztyn.pl\/przedszkole\/wp-json\/wp\/v2\/media?parent=18506"}],"curies":[{"name":"wp","href":"https:\/\/api.w.org\/{rel}","templated":true}]}}