{"id":15008,"date":"2022-04-26T01:44:47","date_gmt":"2022-04-25T23:44:47","guid":{"rendered":"http:\/\/www.zsk.olsztyn.pl\/przedszkole\/?page_id=15008"},"modified":"2022-04-26T01:45:59","modified_gmt":"2022-04-25T23:45:59","slug":"narodowy-program-rozwoju-czytelnictwa-2-0-na-lata-2021-2025","status":"publish","type":"page","link":"https:\/\/www.zsk.olsztyn.pl\/przedszkole\/narodowy-program-rozwoju-czytelnictwa-2-0-na-lata-2021-2025\/","title":{"rendered":"\u201eNARODOWY PROGRAM ROZWOJU CZYTELNICTWA 2.0 na lata 2021-2025\u201d"},"content":{"rendered":"<p>[vc_row][vc_column][na_tytul tytuln=&#8221;\u201eNARODOWY PROGRAM ROZWOJU CZYTELNICTWA 2.0 na lata 2021-2025\u201d&#8221;][vc_single_image image=&#8221;15009&#8243; img_size=&#8221;full&#8221; alignment=&#8221;center&#8221;][vc_column_text]Stowarzyszenie \u015awi\u0119tej Rodziny z siedzib\u0105 w Olsztynie uzyska\u0142o wsparcie finansowe ze \u015brodk\u00f3w bud\u017cetu pa\u0144stwa przypisanych do Priorytetu 3 <strong>\u201eNarodowego Programu Rozwoju Czytelnictwa 2.0 na lata 2021-2025\u201d<\/strong>,<\/p>\n<p>Umowa NR <strong>WKWO.531.22.76\/2021<\/strong>,<\/p>\n<p><strong>w kwocie 27 000,00 z\u0142<\/strong> z rozbiciem na nast\u0119puj\u0105ce plac\u00f3wki:<\/p>\n<ul>\n<li><strong>Niepubliczne Przedszkole im. \u015awi\u0119tej Rodziny w Olsztynie \u2013 3 000,00 z\u0142<\/strong> na zakup nowo\u015bci wydawniczych dla dzieci w wieku 3-6 lat i realizacj\u0119 dzia\u0142a\u0144 promuj\u0105cych czytelnictwo;<\/li>\n<li><strong>Katolicka Szko\u0142a Podstawowa im. \u015awi\u0119tej Rodziny w Olsztynie \u2013 12 000,00 z\u0142<\/strong> na zakup nowo\u015bci wydawniczych oraz element\u00f3w wyposa\u017cenia do bibliotek i realizacj\u0119 dzia\u0142a\u0144 promuj\u0105cych czytelnictwo;<\/li>\n<li><strong>XIII Liceum Og\u00f3lnokszta\u0142c\u0105ce im. \u015awi\u0119tej Rodziny w Olsztynie \u2013 12 000,00 z\u0142<\/strong> na zakup nowo\u015bci wydawniczych oraz element\u00f3w wyposa\u017cenia do bibliotek i realizacj\u0119 dzia\u0142a\u0144 promuj\u0105cych czytelnictwo.<\/li>\n<\/ul>\n<p>[\/vc_column_text][\/vc_column][\/vc_row]<\/p>\n","protected":false},"excerpt":{"rendered":"<p>[vc_row][vc_column][na_tytul tytuln=&#8221;\u201eNARODOWY PROGRAM ROZWOJU CZYTELNICTWA 2.0 na lata 2021-2025\u201d&#8221;][vc_single_image image=&#8221;15009&#8243; img_size=&#8221;full&#8221; alignment=&#8221;center&#8221;][vc_column_text]Stowarzyszenie \u015awi\u0119tej Rodziny z siedzib\u0105 w Olsztynie uzyska\u0142o wsparcie finansowe ze \u015brodk\u00f3w bud\u017cetu pa\u0144stwa przypisanych do Priorytetu 3 \u201eNarodowego Programu Rozwoju Czytelnictwa 2.0 na lata 2021-2025\u201d, Umowa NR WKWO.531.22.76\/2021, w kwocie 27 000,00 z\u0142 z rozbiciem na nast\u0119puj\u0105ce plac\u00f3wki: Niepubliczne Przedszkole im. \u015awi\u0119tej Rodziny<\/p>\n","protected":false},"author":2,"featured_media":0,"parent":0,"menu_order":0,"comment_status":"closed","ping_status":"closed","template":"","meta":[],"yoast_head":"<!-- This site is optimized with the Yoast SEO plugin v18.2 - https:\/\/yoast.com\/wordpress\/plugins\/seo\/ -->\n<title>\u201eNARODOWY PROGRAM ROZWOJU CZYTELNICTWA 2.0 na lata 2021-2025\u201d - Katolicki Zesp\u00f3\u0142 Edukacyjny - Niepubliczne przedszkole<\/title>\n<meta name=\"description\" content=\"Stowarzyszenie \u015awi\u0119tej Rodziny z siedzib\u0105 w Olsztynie uzyska\u0142o wsparcie finansowe ze \u015brodk\u00f3w bud\u017cetu pa\u0144stwa przypisanych do Priorytetu 3 \u201eNarodowego\" \/>\n<meta name=\"robots\" content=\"index, follow, max-snippet:-1, max-image-preview:large, max-video-preview:-1\" \/>\n<link rel=\"canonical\" href=\"https:\/\/www.zsk.olsztyn.pl\/przedszkole\/narodowy-program-rozwoju-czytelnictwa-2-0-na-lata-2021-2025\/\" \/>\n<meta name=\"twitter:label1\" content=\"Szacowany czas czytania\" \/>\n\t<meta name=\"twitter:data1\" content=\"1 minuta\" \/>\n<script type=\"application\/ld+json\" class=\"yoast-schema-graph\">{\"@context\":\"https:\/\/schema.org\",\"@graph\":[{\"@type\":\"WebSite\",\"@id\":\"https:\/\/www.zsk.olsztyn.pl\/przedszkole\/#website\",\"url\":\"https:\/\/www.zsk.olsztyn.pl\/przedszkole\/\",\"name\":\"Katolicki Zesp\u00f3\u0142 Edukacyjny - Niepubliczne przedszkole\",\"description\":\"Zapraszamy na stron\u0119 katolickiego niepublicznego przedszkola\",\"potentialAction\":[{\"@type\":\"SearchAction\",\"target\":{\"@type\":\"EntryPoint\",\"urlTemplate\":\"https:\/\/www.zsk.olsztyn.pl\/przedszkole\/?s={search_term_string}\"},\"query-input\":\"required name=search_term_string\"}],\"inLanguage\":\"pl-PL\"},{\"@type\":\"WebPage\",\"@id\":\"https:\/\/www.zsk.olsztyn.pl\/przedszkole\/narodowy-program-rozwoju-czytelnictwa-2-0-na-lata-2021-2025\/#webpage\",\"url\":\"https:\/\/www.zsk.olsztyn.pl\/przedszkole\/narodowy-program-rozwoju-czytelnictwa-2-0-na-lata-2021-2025\/\",\"name\":\"\u201eNARODOWY PROGRAM ROZWOJU CZYTELNICTWA 2.0 na lata 2021-2025\u201d - Katolicki Zesp\u00f3\u0142 Edukacyjny - Niepubliczne przedszkole\",\"isPartOf\":{\"@id\":\"https:\/\/www.zsk.olsztyn.pl\/przedszkole\/#website\"},\"datePublished\":\"2022-04-25T23:44:47+00:00\",\"dateModified\":\"2022-04-25T23:45:59+00:00\",\"description\":\"Stowarzyszenie \u015awi\u0119tej Rodziny z siedzib\u0105 w Olsztynie uzyska\u0142o wsparcie finansowe ze \u015brodk\u00f3w bud\u017cetu pa\u0144stwa przypisanych do Priorytetu 3 \u201eNarodowego\",\"breadcrumb\":{\"@id\":\"https:\/\/www.zsk.olsztyn.pl\/przedszkole\/narodowy-program-rozwoju-czytelnictwa-2-0-na-lata-2021-2025\/#breadcrumb\"},\"inLanguage\":\"pl-PL\",\"potentialAction\":[{\"@type\":\"ReadAction\",\"target\":[\"https:\/\/www.zsk.olsztyn.pl\/przedszkole\/narodowy-program-rozwoju-czytelnictwa-2-0-na-lata-2021-2025\/\"]}]},{\"@type\":\"BreadcrumbList\",\"@id\":\"https:\/\/www.zsk.olsztyn.pl\/przedszkole\/narodowy-program-rozwoju-czytelnictwa-2-0-na-lata-2021-2025\/#breadcrumb\",\"itemListElement\":[{\"@type\":\"ListItem\",\"position\":1,\"name\":\"Strona g\u0142\u00f3wna\",\"item\":\"https:\/\/www.zsk.olsztyn.pl\/przedszkole\/\"},{\"@type\":\"ListItem\",\"position\":2,\"name\":\"\u201eNARODOWY PROGRAM ROZWOJU CZYTELNICTWA 2.0 na lata 2021-2025\u201d\"}]}]}<\/script>\n<!-- \/ Yoast SEO plugin. -->","yoast_head_json":{"title":"\u201eNARODOWY PROGRAM ROZWOJU CZYTELNICTWA 2.0 na lata 2021-2025\u201d - Katolicki Zesp\u00f3\u0142 Edukacyjny - Niepubliczne przedszkole","description":"Stowarzyszenie \u015awi\u0119tej Rodziny z siedzib\u0105 w Olsztynie uzyska\u0142o wsparcie finansowe ze \u015brodk\u00f3w bud\u017cetu pa\u0144stwa przypisanych do Priorytetu 3 \u201eNarodowego","robots":{"index":"index","follow":"follow","max-snippet":"max-snippet:-1","max-image-preview":"max-image-preview:large","max-video-preview":"max-video-preview:-1"},"canonical":"https:\/\/www.zsk.olsztyn.pl\/przedszkole\/narodowy-program-rozwoju-czytelnictwa-2-0-na-lata-2021-2025\/","twitter_misc":{"Szacowany czas czytania":"1 minuta"},"schema":{"@context":"https:\/\/schema.org","@graph":[{"@type":"WebSite","@id":"https:\/\/www.zsk.olsztyn.pl\/przedszkole\/#website","url":"https:\/\/www.zsk.olsztyn.pl\/przedszkole\/","name":"Katolicki Zesp\u00f3\u0142 Edukacyjny - Niepubliczne przedszkole","description":"Zapraszamy na stron\u0119 katolickiego niepublicznego przedszkola","potentialAction":[{"@type":"SearchAction","target":{"@type":"EntryPoint","urlTemplate":"https:\/\/www.zsk.olsztyn.pl\/przedszkole\/?s={search_term_string}"},"query-input":"required name=search_term_string"}],"inLanguage":"pl-PL"},{"@type":"WebPage","@id":"https:\/\/www.zsk.olsztyn.pl\/przedszkole\/narodowy-program-rozwoju-czytelnictwa-2-0-na-lata-2021-2025\/#webpage","url":"https:\/\/www.zsk.olsztyn.pl\/przedszkole\/narodowy-program-rozwoju-czytelnictwa-2-0-na-lata-2021-2025\/","name":"\u201eNARODOWY PROGRAM ROZWOJU CZYTELNICTWA 2.0 na lata 2021-2025\u201d - Katolicki Zesp\u00f3\u0142 Edukacyjny - Niepubliczne przedszkole","isPartOf":{"@id":"https:\/\/www.zsk.olsztyn.pl\/przedszkole\/#website"},"datePublished":"2022-04-25T23:44:47+00:00","dateModified":"2022-04-25T23:45:59+00:00","description":"Stowarzyszenie \u015awi\u0119tej Rodziny z siedzib\u0105 w Olsztynie uzyska\u0142o wsparcie finansowe ze \u015brodk\u00f3w bud\u017cetu pa\u0144stwa przypisanych do Priorytetu 3 \u201eNarodowego","breadcrumb":{"@id":"https:\/\/www.zsk.olsztyn.pl\/przedszkole\/narodowy-program-rozwoju-czytelnictwa-2-0-na-lata-2021-2025\/#breadcrumb"},"inLanguage":"pl-PL","potentialAction":[{"@type":"ReadAction","target":["https:\/\/www.zsk.olsztyn.pl\/przedszkole\/narodowy-program-rozwoju-czytelnictwa-2-0-na-lata-2021-2025\/"]}]},{"@type":"BreadcrumbList","@id":"https:\/\/www.zsk.olsztyn.pl\/przedszkole\/narodowy-program-rozwoju-czytelnictwa-2-0-na-lata-2021-2025\/#breadcrumb","itemListElement":[{"@type":"ListItem","position":1,"name":"Strona g\u0142\u00f3wna","item":"https:\/\/www.zsk.olsztyn.pl\/przedszkole\/"},{"@type":"ListItem","position":2,"name":"\u201eNARODOWY PROGRAM ROZWOJU CZYTELNICTWA 2.0 na lata 2021-2025\u201d"}]}]}},"_links":{"self":[{"href":"https:\/\/www.zsk.olsztyn.pl\/przedszkole\/wp-json\/wp\/v2\/pages\/15008"}],"collection":[{"href":"https:\/\/www.zsk.olsztyn.pl\/przedszkole\/wp-json\/wp\/v2\/pages"}],"about":[{"href":"https:\/\/www.zsk.olsztyn.pl\/przedszkole\/wp-json\/wp\/v2\/types\/page"}],"author":[{"embeddable":true,"href":"https:\/\/www.zsk.olsztyn.pl\/przedszkole\/wp-json\/wp\/v2\/users\/2"}],"replies":[{"embeddable":true,"href":"https:\/\/www.zsk.olsztyn.pl\/przedszkole\/wp-json\/wp\/v2\/comments?post=15008"}],"version-history":[{"count":3,"href":"https:\/\/www.zsk.olsztyn.pl\/przedszkole\/wp-json\/wp\/v2\/pages\/15008\/revisions"}],"predecessor-version":[{"id":15012,"href":"https:\/\/www.zsk.olsztyn.pl\/przedszkole\/wp-json\/wp\/v2\/pages\/15008\/revisions\/15012"}],"wp:attachment":[{"href":"https:\/\/www.zsk.olsztyn.pl\/przedszkole\/wp-json\/wp\/v2\/media?parent=15008"}],"curies":[{"name":"wp","href":"https:\/\/api.w.org\/{rel}","templated":true}]}}