{"id":14282,"date":"2023-01-25T09:44:55","date_gmt":"2023-01-25T07:44:55","guid":{"rendered":"https:\/\/www.zsk.olsztyn.pl\/przedszkole\/?page_id=14282"},"modified":"2023-01-25T09:44:55","modified_gmt":"2023-01-25T07:44:55","slug":"dzien-babci-i-dziadka-6-latki","status":"publish","type":"page","link":"https:\/\/www.zsk.olsztyn.pl\/przedszkole\/dzien-babci-i-dziadka-6-latki\/","title":{"rendered":"DZIE\u0143 BABCI I DZIADKA- 6 LATKI"},"content":{"rendered":"<p>[vc_row][vc_column][vc_column_text]<\/p>\n<p style=\"text-align: right;\"><em><strong>&#8220;Babciu, Dziadku<\/strong><\/em><br \/>\n<em><strong>Nie b\u00f3jcie si\u0119 marzy\u0107, spe\u0142nia\u0107 swe pragnienia, my jeste\u015bmy z Wami i to si\u0119 nie zmienia. Niech rado\u015b\u0107 przynosz\u0105 Wam ma\u0142e rzeczy, a wszystkie smutki czas szybko zaleczy&#8221;<\/strong><\/em><\/p>\n<p>Dzie\u0144 babci i dziadka grupa 6-latk\u00f3w uczci\u0142a kr\u00f3tkim nagraniem z piosenkami i wierszami dla naszych &#8220;kochanych Skarb\u00f3w&#8221;. Dzieci wykona\u0142y r\u00f3wnie\u017c przepi\u0119kne kartki i portrety swoich bab\u0107 i dziadk\u00f3w, w kt\u00f3re w\u0142o\u017cy\u0142y du\u017co wysi\u0142ku, serca i zaanga\u017cowania. Z opowie\u015bci dzieci wniosek p\u0142ynie jeden: dobrze \u017ce jeste\u015b Droga Babciu i Drogi Dziadku.[\/vc_column_text][na_galerie_listing ids=&#8221;17059,17060,17061,17062,17063&#8243;][\/vc_column][\/vc_row]<\/p>\n","protected":false},"excerpt":{"rendered":"<p>[vc_row][vc_column][vc_column_text] &#8220;Babciu, Dziadku Nie b\u00f3jcie si\u0119 marzy\u0107, spe\u0142nia\u0107 swe pragnienia, my jeste\u015bmy z Wami i to si\u0119 nie zmienia. Niech rado\u015b\u0107 przynosz\u0105 Wam ma\u0142e rzeczy, a wszystkie smutki czas szybko zaleczy&#8221; Dzie\u0144 babci i dziadka grupa 6-latk\u00f3w uczci\u0142a kr\u00f3tkim nagraniem z piosenkami i wierszami dla naszych &#8220;kochanych Skarb\u00f3w&#8221;. Dzieci wykona\u0142y r\u00f3wnie\u017c przepi\u0119kne kartki i portrety<\/p>\n","protected":false},"author":1,"featured_media":17064,"parent":0,"menu_order":0,"comment_status":"closed","ping_status":"closed","template":"","meta":[],"yoast_head":"<!-- This site is optimized with the Yoast SEO plugin v18.2 - https:\/\/yoast.com\/wordpress\/plugins\/seo\/ -->\n<title>DZIE\u0143 BABCI I DZIADKA- 6 LATKI - Katolicki Zesp\u00f3\u0142 Edukacyjny - Niepubliczne przedszkole<\/title>\n<meta name=\"description\" content=\"&quot;Babciu, Dziadku Nie b\u00f3jcie si\u0119 marzy\u0107, spe\u0142nia\u0107 swe pragnienia, my jeste\u015bmy z Wami i to si\u0119 nie zmienia. Niech rado\u015b\u0107 przynosz\u0105 Wam ma\u0142e rzeczy, a\" \/>\n<meta name=\"robots\" content=\"index, follow, max-snippet:-1, max-image-preview:large, max-video-preview:-1\" \/>\n<link rel=\"canonical\" href=\"https:\/\/www.zsk.olsztyn.pl\/przedszkole\/dzien-babci-i-dziadka-6-latki\/\" \/>\n<meta name=\"twitter:label1\" content=\"Szacowany czas czytania\" \/>\n\t<meta name=\"twitter:data1\" content=\"1 minuta\" \/>\n<script type=\"application\/ld+json\" class=\"yoast-schema-graph\">{\"@context\":\"https:\/\/schema.org\",\"@graph\":[{\"@type\":\"WebSite\",\"@id\":\"https:\/\/www.zsk.olsztyn.pl\/przedszkole\/#website\",\"url\":\"https:\/\/www.zsk.olsztyn.pl\/przedszkole\/\",\"name\":\"Katolicki Zesp\u00f3\u0142 Edukacyjny - Niepubliczne przedszkole\",\"description\":\"Zapraszamy na stron\u0119 katolickiego niepublicznego przedszkola\",\"potentialAction\":[{\"@type\":\"SearchAction\",\"target\":{\"@type\":\"EntryPoint\",\"urlTemplate\":\"https:\/\/www.zsk.olsztyn.pl\/przedszkole\/?s={search_term_string}\"},\"query-input\":\"required name=search_term_string\"}],\"inLanguage\":\"pl-PL\"},{\"@type\":\"ImageObject\",\"@id\":\"https:\/\/www.zsk.olsztyn.pl\/przedszkole\/dzien-babci-i-dziadka-6-latki\/#primaryimage\",\"inLanguage\":\"pl-PL\",\"url\":\"https:\/\/www.zsk.olsztyn.pl\/przedszkole\/wp-content\/uploads\/2023\/01\/Dzien-Babci-i-Dziadka-kwiatki.png\",\"contentUrl\":\"https:\/\/www.zsk.olsztyn.pl\/przedszkole\/wp-content\/uploads\/2023\/01\/Dzien-Babci-i-Dziadka-kwiatki.png\",\"width\":300,\"height\":239},{\"@type\":\"WebPage\",\"@id\":\"https:\/\/www.zsk.olsztyn.pl\/przedszkole\/dzien-babci-i-dziadka-6-latki\/#webpage\",\"url\":\"https:\/\/www.zsk.olsztyn.pl\/przedszkole\/dzien-babci-i-dziadka-6-latki\/\",\"name\":\"DZIE\u0143 BABCI I DZIADKA- 6 LATKI - Katolicki Zesp\u00f3\u0142 Edukacyjny - Niepubliczne przedszkole\",\"isPartOf\":{\"@id\":\"https:\/\/www.zsk.olsztyn.pl\/przedszkole\/#website\"},\"primaryImageOfPage\":{\"@id\":\"https:\/\/www.zsk.olsztyn.pl\/przedszkole\/dzien-babci-i-dziadka-6-latki\/#primaryimage\"},\"datePublished\":\"2023-01-25T07:44:55+00:00\",\"dateModified\":\"2023-01-25T07:44:55+00:00\",\"description\":\"\\\"Babciu, Dziadku Nie b\u00f3jcie si\u0119 marzy\u0107, spe\u0142nia\u0107 swe pragnienia, my jeste\u015bmy z Wami i to si\u0119 nie zmienia. Niech rado\u015b\u0107 przynosz\u0105 Wam ma\u0142e rzeczy, a\",\"breadcrumb\":{\"@id\":\"https:\/\/www.zsk.olsztyn.pl\/przedszkole\/dzien-babci-i-dziadka-6-latki\/#breadcrumb\"},\"inLanguage\":\"pl-PL\",\"potentialAction\":[{\"@type\":\"ReadAction\",\"target\":[\"https:\/\/www.zsk.olsztyn.pl\/przedszkole\/dzien-babci-i-dziadka-6-latki\/\"]}]},{\"@type\":\"BreadcrumbList\",\"@id\":\"https:\/\/www.zsk.olsztyn.pl\/przedszkole\/dzien-babci-i-dziadka-6-latki\/#breadcrumb\",\"itemListElement\":[{\"@type\":\"ListItem\",\"position\":1,\"name\":\"Strona g\u0142\u00f3wna\",\"item\":\"https:\/\/www.zsk.olsztyn.pl\/przedszkole\/\"},{\"@type\":\"ListItem\",\"position\":2,\"name\":\"DZIE\u0143 BABCI I DZIADKA- 6 LATKI\"}]}]}<\/script>\n<!-- \/ Yoast SEO plugin. -->","yoast_head_json":{"title":"DZIE\u0143 BABCI I DZIADKA- 6 LATKI - Katolicki Zesp\u00f3\u0142 Edukacyjny - Niepubliczne przedszkole","description":"\"Babciu, Dziadku Nie b\u00f3jcie si\u0119 marzy\u0107, spe\u0142nia\u0107 swe pragnienia, my jeste\u015bmy z Wami i to si\u0119 nie zmienia. Niech rado\u015b\u0107 przynosz\u0105 Wam ma\u0142e rzeczy, a","robots":{"index":"index","follow":"follow","max-snippet":"max-snippet:-1","max-image-preview":"max-image-preview:large","max-video-preview":"max-video-preview:-1"},"canonical":"https:\/\/www.zsk.olsztyn.pl\/przedszkole\/dzien-babci-i-dziadka-6-latki\/","twitter_misc":{"Szacowany czas czytania":"1 minuta"},"schema":{"@context":"https:\/\/schema.org","@graph":[{"@type":"WebSite","@id":"https:\/\/www.zsk.olsztyn.pl\/przedszkole\/#website","url":"https:\/\/www.zsk.olsztyn.pl\/przedszkole\/","name":"Katolicki Zesp\u00f3\u0142 Edukacyjny - Niepubliczne przedszkole","description":"Zapraszamy na stron\u0119 katolickiego niepublicznego przedszkola","potentialAction":[{"@type":"SearchAction","target":{"@type":"EntryPoint","urlTemplate":"https:\/\/www.zsk.olsztyn.pl\/przedszkole\/?s={search_term_string}"},"query-input":"required name=search_term_string"}],"inLanguage":"pl-PL"},{"@type":"ImageObject","@id":"https:\/\/www.zsk.olsztyn.pl\/przedszkole\/dzien-babci-i-dziadka-6-latki\/#primaryimage","inLanguage":"pl-PL","url":"https:\/\/www.zsk.olsztyn.pl\/przedszkole\/wp-content\/uploads\/2023\/01\/Dzien-Babci-i-Dziadka-kwiatki.png","contentUrl":"https:\/\/www.zsk.olsztyn.pl\/przedszkole\/wp-content\/uploads\/2023\/01\/Dzien-Babci-i-Dziadka-kwiatki.png","width":300,"height":239},{"@type":"WebPage","@id":"https:\/\/www.zsk.olsztyn.pl\/przedszkole\/dzien-babci-i-dziadka-6-latki\/#webpage","url":"https:\/\/www.zsk.olsztyn.pl\/przedszkole\/dzien-babci-i-dziadka-6-latki\/","name":"DZIE\u0143 BABCI I DZIADKA- 6 LATKI - Katolicki Zesp\u00f3\u0142 Edukacyjny - Niepubliczne przedszkole","isPartOf":{"@id":"https:\/\/www.zsk.olsztyn.pl\/przedszkole\/#website"},"primaryImageOfPage":{"@id":"https:\/\/www.zsk.olsztyn.pl\/przedszkole\/dzien-babci-i-dziadka-6-latki\/#primaryimage"},"datePublished":"2023-01-25T07:44:55+00:00","dateModified":"2023-01-25T07:44:55+00:00","description":"\"Babciu, Dziadku Nie b\u00f3jcie si\u0119 marzy\u0107, spe\u0142nia\u0107 swe pragnienia, my jeste\u015bmy z Wami i to si\u0119 nie zmienia. Niech rado\u015b\u0107 przynosz\u0105 Wam ma\u0142e rzeczy, a","breadcrumb":{"@id":"https:\/\/www.zsk.olsztyn.pl\/przedszkole\/dzien-babci-i-dziadka-6-latki\/#breadcrumb"},"inLanguage":"pl-PL","potentialAction":[{"@type":"ReadAction","target":["https:\/\/www.zsk.olsztyn.pl\/przedszkole\/dzien-babci-i-dziadka-6-latki\/"]}]},{"@type":"BreadcrumbList","@id":"https:\/\/www.zsk.olsztyn.pl\/przedszkole\/dzien-babci-i-dziadka-6-latki\/#breadcrumb","itemListElement":[{"@type":"ListItem","position":1,"name":"Strona g\u0142\u00f3wna","item":"https:\/\/www.zsk.olsztyn.pl\/przedszkole\/"},{"@type":"ListItem","position":2,"name":"DZIE\u0143 BABCI I DZIADKA- 6 LATKI"}]}]}},"_links":{"self":[{"href":"https:\/\/www.zsk.olsztyn.pl\/przedszkole\/wp-json\/wp\/v2\/pages\/14282"}],"collection":[{"href":"https:\/\/www.zsk.olsztyn.pl\/przedszkole\/wp-json\/wp\/v2\/pages"}],"about":[{"href":"https:\/\/www.zsk.olsztyn.pl\/przedszkole\/wp-json\/wp\/v2\/types\/page"}],"author":[{"embeddable":true,"href":"https:\/\/www.zsk.olsztyn.pl\/przedszkole\/wp-json\/wp\/v2\/users\/1"}],"replies":[{"embeddable":true,"href":"https:\/\/www.zsk.olsztyn.pl\/przedszkole\/wp-json\/wp\/v2\/comments?post=14282"}],"version-history":[{"count":2,"href":"https:\/\/www.zsk.olsztyn.pl\/przedszkole\/wp-json\/wp\/v2\/pages\/14282\/revisions"}],"predecessor-version":[{"id":17065,"href":"https:\/\/www.zsk.olsztyn.pl\/przedszkole\/wp-json\/wp\/v2\/pages\/14282\/revisions\/17065"}],"wp:featuredmedia":[{"embeddable":true,"href":"https:\/\/www.zsk.olsztyn.pl\/przedszkole\/wp-json\/wp\/v2\/media\/17064"}],"wp:attachment":[{"href":"https:\/\/www.zsk.olsztyn.pl\/przedszkole\/wp-json\/wp\/v2\/media?parent=14282"}],"curies":[{"name":"wp","href":"https:\/\/api.w.org\/{rel}","templated":true}]}}