{"id":14213,"date":"2022-03-02T03:02:36","date_gmt":"2022-03-02T01:02:36","guid":{"rendered":"http:\/\/www.zsk.olsztyn.pl\/przedszkole\/?page_id=14213"},"modified":"2022-03-02T03:07:29","modified_gmt":"2022-03-02T01:07:29","slug":"posilki","status":"publish","type":"page","link":"https:\/\/www.zsk.olsztyn.pl\/przedszkole\/organizacja\/posilki\/","title":{"rendered":"Posi\u0142ki"},"content":{"rendered":"<p>[vc_row][vc_column][na_tytul tytuln=&#8221;Posi\u0142ki&#8221;][vc_column_text]Nasze Przedszkole posiada w\u0142asn\u0105 kuchnie, w kt\u00f3rej przygotowujemy \u015bniadania i podwieczorki, natomiast obiady przygotowuje firma cateringowa pod nadzorem przedszkola.<\/p>\n<p>Dbamy o to, aby przygotowywane posi\u0142ki dostarcza\u0142y dzieciom wszystkich niezb\u0119dnych sk\u0142adnik\u00f3w od\u017cywczych i energetycznych. Posi\u0142ki\u00a0 planujemy tak, aby zawiera\u0142y produkty z r\u00f3\u017cnych grup \u017cywno\u015bciowych i sporz\u0105dzane z nich potrawy by\u0142y jak najmniej przetworzone. Produkty \u017cywno\u015bciowe dostarczane do naszej kuchni s\u0105 zawsze \u015bwie\u017ce, ze znanych \u017ar\u00f3de\u0142 i od sprawdzonych dostawc\u00f3w.<\/p>\n<p>Do naszego przedszkola ucz\u0119szczaj\u0105 dzieci wymagaj\u0105ce stosowania r\u00f3\u017cnych diet. Posi\u0142ki przygotowywane s\u0105\u00a0 przez p. kucharki oraz intendenta \u017cywieniowego, uwzgl\u0119dniaj\u0105 zalecenia lekarskie w tym zakresie.<\/p>\n<p><strong>Przygotowujemy diety: bezmleczne, hipoalergiczne, bezglutenowe<\/strong>.<\/p>\n<ul>\n<li>Dzie\u0144 zaczynamy od \u015bniadania &#8211; godz.8.30 &#8211; zawsze zupa mleczna z dodatkiem p\u0142atk\u00f3w zb\u00f3\u017c r\u00f3\u017cnorodnych (orkisz, \u017cyto, owies, amarantus) wzbogacana przez dodatek bakalii lub owoc\u00f3w a nast\u0119pnie pyszne kanapki z w\u0119dlina lub ro\u017cnymi pastami z porcj\u0105 warzyw do tego herbatka.<\/li>\n<li>II \u015bniadanie \u2013 godz. ok.10.00 &#8211; zawsze owoc\u00f3w i warzyw.<\/li>\n<li>Obiad jest zawsze dwudaniowy \u2013 godz. 12.00 &#8211; zupy sporz\u0105dzane s\u0105 na wywarach warzywnych, drugie danie z\u00a0 warzywami podanymi w postaci sur\u00f3wek i warzyw gotowanych .<\/li>\n<li>Podwieczorek \u2013 godz. 14.30 &#8211; to te\u017c porcja zdrowej energii: owoce, warzywa, ciastka zbo\u017cowe, soki- t\u0142oczone lub 100%\u00a0 bez dodatku cukru, w\u0142asne jogurty naturalne \u0142\u0105czone z sezonowymi\u00a0 owocami, pyszne desery i ciasto niskos\u0142odzone przygotowane w naszej kuchni<\/li>\n<\/ul>\n<p>W\u0119dliny i mi\u0119so przeznaczone do spo\u017cycia przez dzieci staramy si\u0119 kupowa\u0107 wysokiej jako\u015bci, zawsze \u015bwie\u017ce i poparte Handlowym Dokumentem Identyfikacyjnym dla tych\u017ce produkt\u00f3w.<\/p>\n<p><strong style=\"color: red;\"><em>NIE U\u017bYWAMY \u017bYWNO\u015aCI PRZETWORZONEJ:\u00a0KONSERW MI\u0118SNYCH, MIELONEK, GOTOWYCH POSI\u0141K\u00d3W MI\u0118SNYCH I RYBNYCH.<\/em><\/strong><\/p>\n<p>Ka\u017cdego dnia jemy owoce i warzywa jako dodatki do \u015bniada\u0144, obiad\u00f3w i podwieczork\u00f3w \u2013 nasze polskie sezonowe i te z ciep\u0142ych kraj\u00f3w w zale\u017cno\u015bci od pory roku.<\/p>\n<p><strong>Nie u\u017cywamy wzmacniaczy smaku i zapachu:<\/strong>\u00a0typu kostki roso\u0142owe, Vegeta, Jarzynka. W celu podniesienia walor\u00f3w smakowych potraw i r\u00f3wnie\u017c ograniczaj\u0105c do minimum spo\u017cycie soli stosujemy naturalne\u00a0 przypraw takie jak majeranek, czosnek, bazylia, cz\u0105ber, tymianek, papryka, i tym podobne zio\u0142a.<\/p>\n<p><strong>Nasze dzieci maj\u0105 sta\u0142y dost\u0119p do wody niegazowanej.<\/strong><\/p>\n<p>Herbat\u0119 dos\u0142adzamy niewielk\u0105 ilo\u015bci\u0105 miodu naturalnego.<\/p>\n<p><strong>Koszt ca\u0142odziennego wy\u017cywienia- 11 z\u0142, z mo\u017cliwo\u015bci\u0105 codziennego odpisu.<\/strong>[\/vc_column_text][\/vc_column][\/vc_row]<\/p>\n","protected":false},"excerpt":{"rendered":"<p>[vc_row][vc_column][na_tytul tytuln=&#8221;Posi\u0142ki&#8221;][vc_column_text]Nasze Przedszkole posiada w\u0142asn\u0105 kuchnie, w kt\u00f3rej przygotowujemy \u015bniadania i podwieczorki, natomiast obiady przygotowuje firma cateringowa pod nadzorem przedszkola. Dbamy o to, aby przygotowywane posi\u0142ki dostarcza\u0142y dzieciom wszystkich niezb\u0119dnych sk\u0142adnik\u00f3w od\u017cywczych i energetycznych. Posi\u0142ki\u00a0 planujemy tak, aby zawiera\u0142y produkty z r\u00f3\u017cnych grup \u017cywno\u015bciowych i sporz\u0105dzane z nich potrawy by\u0142y jak najmniej przetworzone. Produkty \u017cywno\u015bciowe<\/p>\n","protected":false},"author":2,"featured_media":0,"parent":2080,"menu_order":0,"comment_status":"closed","ping_status":"closed","template":"","meta":[],"yoast_head":"<!-- This site is optimized with the Yoast SEO plugin v18.2 - https:\/\/yoast.com\/wordpress\/plugins\/seo\/ -->\n<title>Posi\u0142ki - Katolicki Zesp\u00f3\u0142 Edukacyjny - Niepubliczne przedszkole<\/title>\n<meta name=\"description\" content=\"Nasze Przedszkole posiada w\u0142asn\u0105 kuchnie, w kt\u00f3rej przygotowujemy \u015bniadania i podwieczorki, natomiast obiady przygotowuje firma cateringowa pod nadzorem\" \/>\n<meta name=\"robots\" content=\"index, follow, max-snippet:-1, max-image-preview:large, max-video-preview:-1\" \/>\n<link rel=\"canonical\" href=\"https:\/\/www.zsk.olsztyn.pl\/przedszkole\/organizacja\/posilki\/\" \/>\n<meta name=\"twitter:label1\" content=\"Szacowany czas czytania\" \/>\n\t<meta name=\"twitter:data1\" content=\"2 minuty\" \/>\n<script type=\"application\/ld+json\" class=\"yoast-schema-graph\">{\"@context\":\"https:\/\/schema.org\",\"@graph\":[{\"@type\":\"WebSite\",\"@id\":\"https:\/\/www.zsk.olsztyn.pl\/przedszkole\/#website\",\"url\":\"https:\/\/www.zsk.olsztyn.pl\/przedszkole\/\",\"name\":\"Katolicki Zesp\u00f3\u0142 Edukacyjny - Niepubliczne przedszkole\",\"description\":\"Zapraszamy na stron\u0119 katolickiego niepublicznego przedszkola\",\"potentialAction\":[{\"@type\":\"SearchAction\",\"target\":{\"@type\":\"EntryPoint\",\"urlTemplate\":\"https:\/\/www.zsk.olsztyn.pl\/przedszkole\/?s={search_term_string}\"},\"query-input\":\"required name=search_term_string\"}],\"inLanguage\":\"pl-PL\"},{\"@type\":\"WebPage\",\"@id\":\"https:\/\/www.zsk.olsztyn.pl\/przedszkole\/organizacja\/posilki\/#webpage\",\"url\":\"https:\/\/www.zsk.olsztyn.pl\/przedszkole\/organizacja\/posilki\/\",\"name\":\"Posi\u0142ki - Katolicki Zesp\u00f3\u0142 Edukacyjny - Niepubliczne przedszkole\",\"isPartOf\":{\"@id\":\"https:\/\/www.zsk.olsztyn.pl\/przedszkole\/#website\"},\"datePublished\":\"2022-03-02T01:02:36+00:00\",\"dateModified\":\"2022-03-02T01:07:29+00:00\",\"description\":\"Nasze Przedszkole posiada w\u0142asn\u0105 kuchnie, w kt\u00f3rej przygotowujemy \u015bniadania i podwieczorki, natomiast obiady przygotowuje firma cateringowa pod nadzorem\",\"breadcrumb\":{\"@id\":\"https:\/\/www.zsk.olsztyn.pl\/przedszkole\/organizacja\/posilki\/#breadcrumb\"},\"inLanguage\":\"pl-PL\",\"potentialAction\":[{\"@type\":\"ReadAction\",\"target\":[\"https:\/\/www.zsk.olsztyn.pl\/przedszkole\/organizacja\/posilki\/\"]}]},{\"@type\":\"BreadcrumbList\",\"@id\":\"https:\/\/www.zsk.olsztyn.pl\/przedszkole\/organizacja\/posilki\/#breadcrumb\",\"itemListElement\":[{\"@type\":\"ListItem\",\"position\":1,\"name\":\"Strona g\u0142\u00f3wna\",\"item\":\"https:\/\/www.zsk.olsztyn.pl\/przedszkole\/\"},{\"@type\":\"ListItem\",\"position\":2,\"name\":\"Organizacja\",\"item\":\"https:\/\/www.zsk.olsztyn.pl\/przedszkole\/organizacja\/\"},{\"@type\":\"ListItem\",\"position\":3,\"name\":\"Posi\u0142ki\"}]}]}<\/script>\n<!-- \/ Yoast SEO plugin. -->","yoast_head_json":{"title":"Posi\u0142ki - Katolicki Zesp\u00f3\u0142 Edukacyjny - Niepubliczne przedszkole","description":"Nasze Przedszkole posiada w\u0142asn\u0105 kuchnie, w kt\u00f3rej przygotowujemy \u015bniadania i podwieczorki, natomiast obiady przygotowuje firma cateringowa pod nadzorem","robots":{"index":"index","follow":"follow","max-snippet":"max-snippet:-1","max-image-preview":"max-image-preview:large","max-video-preview":"max-video-preview:-1"},"canonical":"https:\/\/www.zsk.olsztyn.pl\/przedszkole\/organizacja\/posilki\/","twitter_misc":{"Szacowany czas czytania":"2 minuty"},"schema":{"@context":"https:\/\/schema.org","@graph":[{"@type":"WebSite","@id":"https:\/\/www.zsk.olsztyn.pl\/przedszkole\/#website","url":"https:\/\/www.zsk.olsztyn.pl\/przedszkole\/","name":"Katolicki Zesp\u00f3\u0142 Edukacyjny - Niepubliczne przedszkole","description":"Zapraszamy na stron\u0119 katolickiego niepublicznego przedszkola","potentialAction":[{"@type":"SearchAction","target":{"@type":"EntryPoint","urlTemplate":"https:\/\/www.zsk.olsztyn.pl\/przedszkole\/?s={search_term_string}"},"query-input":"required name=search_term_string"}],"inLanguage":"pl-PL"},{"@type":"WebPage","@id":"https:\/\/www.zsk.olsztyn.pl\/przedszkole\/organizacja\/posilki\/#webpage","url":"https:\/\/www.zsk.olsztyn.pl\/przedszkole\/organizacja\/posilki\/","name":"Posi\u0142ki - Katolicki Zesp\u00f3\u0142 Edukacyjny - Niepubliczne przedszkole","isPartOf":{"@id":"https:\/\/www.zsk.olsztyn.pl\/przedszkole\/#website"},"datePublished":"2022-03-02T01:02:36+00:00","dateModified":"2022-03-02T01:07:29+00:00","description":"Nasze Przedszkole posiada w\u0142asn\u0105 kuchnie, w kt\u00f3rej przygotowujemy \u015bniadania i podwieczorki, natomiast obiady przygotowuje firma cateringowa pod nadzorem","breadcrumb":{"@id":"https:\/\/www.zsk.olsztyn.pl\/przedszkole\/organizacja\/posilki\/#breadcrumb"},"inLanguage":"pl-PL","potentialAction":[{"@type":"ReadAction","target":["https:\/\/www.zsk.olsztyn.pl\/przedszkole\/organizacja\/posilki\/"]}]},{"@type":"BreadcrumbList","@id":"https:\/\/www.zsk.olsztyn.pl\/przedszkole\/organizacja\/posilki\/#breadcrumb","itemListElement":[{"@type":"ListItem","position":1,"name":"Strona g\u0142\u00f3wna","item":"https:\/\/www.zsk.olsztyn.pl\/przedszkole\/"},{"@type":"ListItem","position":2,"name":"Organizacja","item":"https:\/\/www.zsk.olsztyn.pl\/przedszkole\/organizacja\/"},{"@type":"ListItem","position":3,"name":"Posi\u0142ki"}]}]}},"_links":{"self":[{"href":"https:\/\/www.zsk.olsztyn.pl\/przedszkole\/wp-json\/wp\/v2\/pages\/14213"}],"collection":[{"href":"https:\/\/www.zsk.olsztyn.pl\/przedszkole\/wp-json\/wp\/v2\/pages"}],"about":[{"href":"https:\/\/www.zsk.olsztyn.pl\/przedszkole\/wp-json\/wp\/v2\/types\/page"}],"author":[{"embeddable":true,"href":"https:\/\/www.zsk.olsztyn.pl\/przedszkole\/wp-json\/wp\/v2\/users\/2"}],"replies":[{"embeddable":true,"href":"https:\/\/www.zsk.olsztyn.pl\/przedszkole\/wp-json\/wp\/v2\/comments?post=14213"}],"version-history":[{"count":3,"href":"https:\/\/www.zsk.olsztyn.pl\/przedszkole\/wp-json\/wp\/v2\/pages\/14213\/revisions"}],"predecessor-version":[{"id":14217,"href":"https:\/\/www.zsk.olsztyn.pl\/przedszkole\/wp-json\/wp\/v2\/pages\/14213\/revisions\/14217"}],"up":[{"embeddable":true,"href":"https:\/\/www.zsk.olsztyn.pl\/przedszkole\/wp-json\/wp\/v2\/pages\/2080"}],"wp:attachment":[{"href":"https:\/\/www.zsk.olsztyn.pl\/przedszkole\/wp-json\/wp\/v2\/media?parent=14213"}],"curies":[{"name":"wp","href":"https:\/\/api.w.org\/{rel}","templated":true}]}}