{"id":14080,"date":"2022-02-25T22:56:39","date_gmt":"2022-02-25T20:56:39","guid":{"rendered":"http:\/\/www.zsk.olsztyn.pl\/przedszkole\/?page_id=14080"},"modified":"2025-09-03T01:39:57","modified_gmt":"2025-09-02T23:39:57","slug":"kalendarium-5latki","status":"publish","type":"page","link":"https:\/\/www.zsk.olsztyn.pl\/przedszkole\/kalendarium-5latki\/","title":{"rendered":"Kalendarium 5 Latki"},"content":{"rendered":"<p>[vc_row][vc_column][na_tytul tytul=&#8221;KALENDARIUM&#8221; tytuln=&#8221;Kalendarium&#8221;][vc_column_text]<strong>Kalendarium w grupie 5-latk\u00f3w na rok szkolny 2025\/2026<\/strong><\/p>\n<p><strong>\u00a0<\/strong><\/p>\n<table class=\"trekr all_ul_strz\">\n<tbody>\n<tr>\n<td class=\"ttop\"><strong>MIESI\u0104C<\/strong><\/td>\n<td class=\"ttop\"><strong>WYDARZENIA<\/strong><\/td>\n<\/tr>\n<tr>\n<td><strong>WRZESIE\u0143<\/strong><\/td>\n<td>\n<ul>\n<li>19.09 Dzie\u0144 Przedszkolaka<\/li>\n<li>Zabawy z Autochodzikiem<\/li>\n<li>Quiz o bezpiecze\u0144stwie<\/li>\n<\/ul>\n<\/td>\n<\/tr>\n<tr>\n<td><strong>PA\u0179DZIERNIK<\/strong><\/td>\n<td>\n<ul>\n<li>02.10 Dzie\u0144 Anio\u0142a Str\u00f3\u017ca<\/li>\n<li>14.10 Dzie\u0144 Edukacji Narodowej<\/li>\n<li>24.10 Teatrzyk w przedszkolu<\/li>\n<li>27.10 Auditorium Maximum w Olsztynie &#8211; teatrzyk<\/li>\n<li>Bal Wszystkich \u015awi\u0119tych<\/li>\n<li>Wykonanie sa\u0142atki jarzynowej<\/li>\n<\/ul>\n<\/td>\n<\/tr>\n<tr>\n<td><strong>LISTOPAD<\/strong><\/td>\n<td>\n<ul>\n<li>Przedstawienie z okazji 11 listopada<\/li>\n<li>Rozpocz\u0119cie konkursu plastycznego \u201eOzdoba \u015bwi\u0105teczna\u201d<\/li>\n<li>26.11 Dzie\u0144 Pluszowego Misia<\/li>\n<li>Pieczenie piernik\u00f3w<\/li>\n<\/ul>\n<\/td>\n<\/tr>\n<tr>\n<td><strong>GRUDZIE\u0143<\/strong><\/td>\n<td>\n<ul>\n<li>06.12 Miko\u0142ajki<\/li>\n<li>10.12 teatrzyk w przedszkolu<\/li>\n<li>Koncert kol\u0119d<\/li>\n<li>Rozstrzygni\u0119cie konkursu plastycznego \u201eOzdoba \u015bwi\u0105teczna\u201d<\/li>\n<\/ul>\n<\/td>\n<\/tr>\n<tr>\n<td><strong>STYCZE\u0143<\/strong><\/td>\n<td>\n<ul>\n<li>16.01 \u015awi\u0119to Szko\u0142y<\/li>\n<li>Rozpocz\u0119cie akcji \u201eHerbatka dla Babci i Dziadka\u201d<\/li>\n<\/ul>\n<\/td>\n<\/tr>\n<tr>\n<td><strong>LUTY<\/strong><\/td>\n<td>\n<ul>\n<li>Dzie\u0144 Babci i Dziadka<\/li>\n<li>Bal karnawa\u0142owy<\/li>\n<li>Zako\u0144czenie akcji \u201eHerbatka dla Babci i Dziadka\u201d<\/li>\n<li>13.02 Dzie\u0144 Przyja\u017ani<\/li>\n<\/ul>\n<\/td>\n<\/tr>\n<tr>\n<td><strong>MARZEC<\/strong><\/td>\n<td>\n<ul>\n<li>06.03 Dzie\u0144 Dziewczynek<\/li>\n<li>13.03 Dzie\u0144 Matematyki \u2013 konkurs grupowy<\/li>\n<li>20.03 Powitanie wiosny<\/li>\n<li>Przedstawienie wielkanocne<\/li>\n<li>Teatr Lalek w Olsztynie<\/li>\n<\/ul>\n<\/td>\n<\/tr>\n<tr>\n<td><strong>KWIECIE\u0143<\/strong><\/td>\n<td>\n<ul>\n<li>Muzeum Przyrody w Olsztynie \u2013 wycieczka<\/li>\n<li>04.04 Dzie\u0144 marchewki<\/li>\n<li>22.04 Dzie\u0144 Ziemi<\/li>\n<li>\u015aniadanie wielkanocne<\/li>\n<\/ul>\n<p>&nbsp;<\/td>\n<\/tr>\n<tr>\n<td><strong>MAJ<\/strong><\/td>\n<td>\n<ul>\n<li>Dzie\u0144 Rodzinki<\/li>\n<li>Biblioteka ABC w Olsztynie\u2013 wycieczka<\/li>\n<li>Sala edukacyjna \u201eOgnik\u201d w Olsztynie &#8211; wycieczka<\/li>\n<\/ul>\n<\/td>\n<\/tr>\n<tr>\n<td><strong>CZERWIEC<\/strong><\/td>\n<td>\n<ul>\n<li>Dzie\u0144 Dziecka<\/li>\n<li>Po\u017cegnanie 6latk\u00f3w<\/li>\n<li>Le\u015bne Arboretum Warmii i Mazur w Kudypach\u2013 wycieczka<\/li>\n<li>10.06 Truskawkowy dzie\u0144<\/li>\n<\/ul>\n<\/td>\n<\/tr>\n<\/tbody>\n<\/table>\n<p><strong>\u00a0<\/strong>[\/vc_column_text][\/vc_column][\/vc_row]<\/p>\n","protected":false},"excerpt":{"rendered":"<p>[vc_row][vc_column][na_tytul tytul=&#8221;KALENDARIUM&#8221; tytuln=&#8221;Kalendarium&#8221;][vc_column_text]Kalendarium w grupie 5-latk\u00f3w na rok szkolny 2025\/2026 \u00a0 MIESI\u0104C WYDARZENIA WRZESIE\u0143 19.09 Dzie\u0144 Przedszkolaka Zabawy z Autochodzikiem Quiz o bezpiecze\u0144stwie PA\u0179DZIERNIK 02.10 Dzie\u0144 Anio\u0142a Str\u00f3\u017ca 14.10 Dzie\u0144 Edukacji Narodowej 24.10 Teatrzyk w przedszkolu 27.10 Auditorium Maximum w Olsztynie &#8211; teatrzyk Bal Wszystkich \u015awi\u0119tych Wykonanie sa\u0142atki jarzynowej LISTOPAD Przedstawienie z okazji 11 listopada<\/p>\n","protected":false},"author":2,"featured_media":0,"parent":0,"menu_order":0,"comment_status":"closed","ping_status":"closed","template":"","meta":[],"yoast_head":"<!-- This site is optimized with the Yoast SEO plugin v18.2 - https:\/\/yoast.com\/wordpress\/plugins\/seo\/ -->\n<title>Kalendarium 5 Latki - Katolicki Zesp\u00f3\u0142 Edukacyjny - Niepubliczne przedszkole<\/title>\n<meta name=\"description\" content=\"Kalendarium w grupie 5-latk\u00f3w na rok szkolny 2025\/2026 \u00a0 MIESI\u0104C WYDARZENIA WRZESIE\u0143 19.09 Dzie\u0144 Przedszkolaka Zabawy z Autochodzikiem Quiz o\" \/>\n<meta name=\"robots\" content=\"index, follow, max-snippet:-1, max-image-preview:large, max-video-preview:-1\" \/>\n<link rel=\"canonical\" href=\"https:\/\/www.zsk.olsztyn.pl\/przedszkole\/kalendarium-5latki\/\" \/>\n<meta name=\"twitter:label1\" content=\"Szacowany czas czytania\" \/>\n\t<meta name=\"twitter:data1\" content=\"2 minuty\" \/>\n<script type=\"application\/ld+json\" class=\"yoast-schema-graph\">{\"@context\":\"https:\/\/schema.org\",\"@graph\":[{\"@type\":\"WebSite\",\"@id\":\"https:\/\/www.zsk.olsztyn.pl\/przedszkole\/#website\",\"url\":\"https:\/\/www.zsk.olsztyn.pl\/przedszkole\/\",\"name\":\"Katolicki Zesp\u00f3\u0142 Edukacyjny - Niepubliczne przedszkole\",\"description\":\"Zapraszamy na stron\u0119 katolickiego niepublicznego przedszkola\",\"potentialAction\":[{\"@type\":\"SearchAction\",\"target\":{\"@type\":\"EntryPoint\",\"urlTemplate\":\"https:\/\/www.zsk.olsztyn.pl\/przedszkole\/?s={search_term_string}\"},\"query-input\":\"required name=search_term_string\"}],\"inLanguage\":\"pl-PL\"},{\"@type\":\"WebPage\",\"@id\":\"https:\/\/www.zsk.olsztyn.pl\/przedszkole\/kalendarium-5latki\/#webpage\",\"url\":\"https:\/\/www.zsk.olsztyn.pl\/przedszkole\/kalendarium-5latki\/\",\"name\":\"Kalendarium 5 Latki - Katolicki Zesp\u00f3\u0142 Edukacyjny - Niepubliczne przedszkole\",\"isPartOf\":{\"@id\":\"https:\/\/www.zsk.olsztyn.pl\/przedszkole\/#website\"},\"datePublished\":\"2022-02-25T20:56:39+00:00\",\"dateModified\":\"2025-09-02T23:39:57+00:00\",\"description\":\"Kalendarium w grupie 5-latk\u00f3w na rok szkolny 2025\/2026 \u00a0 MIESI\u0104C WYDARZENIA WRZESIE\u0143 19.09 Dzie\u0144 Przedszkolaka Zabawy z Autochodzikiem Quiz o\",\"breadcrumb\":{\"@id\":\"https:\/\/www.zsk.olsztyn.pl\/przedszkole\/kalendarium-5latki\/#breadcrumb\"},\"inLanguage\":\"pl-PL\",\"potentialAction\":[{\"@type\":\"ReadAction\",\"target\":[\"https:\/\/www.zsk.olsztyn.pl\/przedszkole\/kalendarium-5latki\/\"]}]},{\"@type\":\"BreadcrumbList\",\"@id\":\"https:\/\/www.zsk.olsztyn.pl\/przedszkole\/kalendarium-5latki\/#breadcrumb\",\"itemListElement\":[{\"@type\":\"ListItem\",\"position\":1,\"name\":\"Strona g\u0142\u00f3wna\",\"item\":\"https:\/\/www.zsk.olsztyn.pl\/przedszkole\/\"},{\"@type\":\"ListItem\",\"position\":2,\"name\":\"Kalendarium 5 Latki\"}]}]}<\/script>\n<!-- \/ Yoast SEO plugin. -->","yoast_head_json":{"title":"Kalendarium 5 Latki - Katolicki Zesp\u00f3\u0142 Edukacyjny - Niepubliczne przedszkole","description":"Kalendarium w grupie 5-latk\u00f3w na rok szkolny 2025\/2026 \u00a0 MIESI\u0104C WYDARZENIA WRZESIE\u0143 19.09 Dzie\u0144 Przedszkolaka Zabawy z Autochodzikiem Quiz o","robots":{"index":"index","follow":"follow","max-snippet":"max-snippet:-1","max-image-preview":"max-image-preview:large","max-video-preview":"max-video-preview:-1"},"canonical":"https:\/\/www.zsk.olsztyn.pl\/przedszkole\/kalendarium-5latki\/","twitter_misc":{"Szacowany czas czytania":"2 minuty"},"schema":{"@context":"https:\/\/schema.org","@graph":[{"@type":"WebSite","@id":"https:\/\/www.zsk.olsztyn.pl\/przedszkole\/#website","url":"https:\/\/www.zsk.olsztyn.pl\/przedszkole\/","name":"Katolicki Zesp\u00f3\u0142 Edukacyjny - Niepubliczne przedszkole","description":"Zapraszamy na stron\u0119 katolickiego niepublicznego przedszkola","potentialAction":[{"@type":"SearchAction","target":{"@type":"EntryPoint","urlTemplate":"https:\/\/www.zsk.olsztyn.pl\/przedszkole\/?s={search_term_string}"},"query-input":"required name=search_term_string"}],"inLanguage":"pl-PL"},{"@type":"WebPage","@id":"https:\/\/www.zsk.olsztyn.pl\/przedszkole\/kalendarium-5latki\/#webpage","url":"https:\/\/www.zsk.olsztyn.pl\/przedszkole\/kalendarium-5latki\/","name":"Kalendarium 5 Latki - Katolicki Zesp\u00f3\u0142 Edukacyjny - Niepubliczne przedszkole","isPartOf":{"@id":"https:\/\/www.zsk.olsztyn.pl\/przedszkole\/#website"},"datePublished":"2022-02-25T20:56:39+00:00","dateModified":"2025-09-02T23:39:57+00:00","description":"Kalendarium w grupie 5-latk\u00f3w na rok szkolny 2025\/2026 \u00a0 MIESI\u0104C WYDARZENIA WRZESIE\u0143 19.09 Dzie\u0144 Przedszkolaka Zabawy z Autochodzikiem Quiz o","breadcrumb":{"@id":"https:\/\/www.zsk.olsztyn.pl\/przedszkole\/kalendarium-5latki\/#breadcrumb"},"inLanguage":"pl-PL","potentialAction":[{"@type":"ReadAction","target":["https:\/\/www.zsk.olsztyn.pl\/przedszkole\/kalendarium-5latki\/"]}]},{"@type":"BreadcrumbList","@id":"https:\/\/www.zsk.olsztyn.pl\/przedszkole\/kalendarium-5latki\/#breadcrumb","itemListElement":[{"@type":"ListItem","position":1,"name":"Strona g\u0142\u00f3wna","item":"https:\/\/www.zsk.olsztyn.pl\/przedszkole\/"},{"@type":"ListItem","position":2,"name":"Kalendarium 5 Latki"}]}]}},"_links":{"self":[{"href":"https:\/\/www.zsk.olsztyn.pl\/przedszkole\/wp-json\/wp\/v2\/pages\/14080"}],"collection":[{"href":"https:\/\/www.zsk.olsztyn.pl\/przedszkole\/wp-json\/wp\/v2\/pages"}],"about":[{"href":"https:\/\/www.zsk.olsztyn.pl\/przedszkole\/wp-json\/wp\/v2\/types\/page"}],"author":[{"embeddable":true,"href":"https:\/\/www.zsk.olsztyn.pl\/przedszkole\/wp-json\/wp\/v2\/users\/2"}],"replies":[{"embeddable":true,"href":"https:\/\/www.zsk.olsztyn.pl\/przedszkole\/wp-json\/wp\/v2\/comments?post=14080"}],"version-history":[{"count":14,"href":"https:\/\/www.zsk.olsztyn.pl\/przedszkole\/wp-json\/wp\/v2\/pages\/14080\/revisions"}],"predecessor-version":[{"id":23785,"href":"https:\/\/www.zsk.olsztyn.pl\/przedszkole\/wp-json\/wp\/v2\/pages\/14080\/revisions\/23785"}],"wp:attachment":[{"href":"https:\/\/www.zsk.olsztyn.pl\/przedszkole\/wp-json\/wp\/v2\/media?parent=14080"}],"curies":[{"name":"wp","href":"https:\/\/api.w.org\/{rel}","templated":true}]}}