{"id":14055,"date":"2022-02-25T16:32:42","date_gmt":"2022-02-25T14:32:42","guid":{"rendered":"http:\/\/www.zsk.olsztyn.pl\/przedszkole\/?page_id=14055"},"modified":"2022-02-25T16:32:42","modified_gmt":"2022-02-25T14:32:42","slug":"plan-dnia-6-latki","status":"publish","type":"page","link":"https:\/\/www.zsk.olsztyn.pl\/przedszkole\/organizacja\/plan-dnia\/plan-dnia-6-latki\/","title":{"rendered":"Plan dnia &#8211; 6 Latki"},"content":{"rendered":"<p>[vc_row][vc_column][na_tytul tytuln=&#8221;PLAN DNIA &#8211; 6 Latki&#8221;][vc_column_text]<strong>8.00 \u2013 13.00 Realizacja Podstawy Programowej<\/strong><\/p>\n<table class=\"pland\" width=\"100%\">\n<tbody>\n<tr>\n<td class=\"ttop\"><strong>Godziny<\/strong><\/td>\n<td class=\"ttop\"><strong>Plan zaj\u0119\u0107 dzieci\u0119cych<\/strong><\/td>\n<\/tr>\n<tr>\n<td><strong>6.30 &#8211; 7.30<\/strong><\/td>\n<td>Schodzenie si\u0119 dzieci. Zaj\u0119cia opieku\u0144cze<\/td>\n<\/tr>\n<tr>\n<td><strong>7.30 \u2013 8.00<\/strong><\/td>\n<td>Schodzenie si\u0119 dzieci. Zaj\u0119cia wspomagaj\u0105ce prowadzone przez nauczyciela. <strong>Praca indywidualna<\/strong> .Przygotowywanie pomocy do zaj\u0119\u0107 i zabaw wsp\u00f3lnie z dzie\u0107mi.<\/td>\n<\/tr>\n<tr>\n<td><strong>8:00 &#8211; 8:30<\/strong><\/td>\n<td><strong>Stwarzanie atmosfery sprzyjaj\u0105cej podejmowaniu przez dzieci r\u00f3\u017cnorodnych form aktywno\u015bci.. <\/strong><br \/>\n\u0106wiczenia poranne.<\/td>\n<\/tr>\n<tr>\n<td><strong>8:30 &#8211; 9:00<\/strong><\/td>\n<td>Przygotowanie do \u015bniadania. Kszta\u0142towanie i utrwalanie nawyk\u00f3w higienicznych i zachowa\u0144 prozdrowotnych. \u015aniadanie<\/td>\n<\/tr>\n<tr>\n<td><strong>9:00 &#8211; 10.30<\/strong><\/td>\n<td>Zaj\u0119cia dydaktyczne wynikaj\u0105ce z Programu Wychowania Przedszkolnego zaplanowane przez nauczycielki w ramach Planu Miesi\u0119cznego, w tym zaj\u0119cia umuzykalniaj\u0105c z akompaniamentem.<\/td>\n<\/tr>\n<tr>\n<td><strong>10.30 \u2013 10.45<\/strong><\/td>\n<td>II \u015bniadanie<\/td>\n<\/tr>\n<tr>\n<td><strong>10.45 \u2013 11.50<\/strong><\/td>\n<td>Pobyt w ogrodzie w tym zabawy ruchowe. Czynno\u015bci samoobs\u0142ugowe w szatni (ubieranie si\u0119 i rozbieranie). Spacery i wycieczki (lub zabawy ruchowe w sali je\u017celi warunki atmosferyczne nie pozwalaj\u0105 na pobyt na powietrzu).<\/td>\n<\/tr>\n<tr>\n<td><strong>12:00 \u2013 12:30<\/strong><\/td>\n<td>Przygotowanie do obiadu. Obiad. Czynno\u015bci samoobs\u0142ugowe.<\/td>\n<\/tr>\n<tr>\n<td><strong>12:30 \u2013 13:00<\/strong><\/td>\n<td>Zabawy dowolne podejmowane przez dzieci.<\/td>\n<\/tr>\n<tr>\n<td><strong>13:00 \u2013 14:20<\/strong><\/td>\n<td>\n<p>S\u0142uchanie bajek czytanych przez nauczyciela. Zabawy w k\u0105cikach zainteresowa\u0144. Rozwijanie zainteresowa\u0144 i uzdolnie\u0144 dzieci. Indywidualna praca wyr\u00f3wnawcza.<\/p>\n<p>Swobodne zabawy dzieci\u0119ce w sali lub w ogrodzie przedszkolnym (w zale\u017cno\u015bci od warunk\u00f3w atmosferycznych). Zaj\u0119cia dodatkowe.<\/td>\n<\/tr>\n<tr>\n<td><strong>14:15 \u2013 14:30<\/strong><\/td>\n<td>Przygotowania do podwieczorku. Podwieczorek<\/td>\n<\/tr>\n<tr>\n<td><strong>14:30 \u2013 15:00<\/strong><\/td>\n<td>Dzieci\u0119ce zabawy dowolne. Indywidualna praca wyr\u00f3wnawcza. Utrwalanie wcze\u015bniej poznanych tre\u015bci dydaktycznych. Zaj\u0119cia dodatkowe.<\/td>\n<\/tr>\n<tr>\n<td>15:00 &#8211; 16:00<\/td>\n<td>\u0141\u0105czenie grup 5-6 latk\u00f3w. Zabawy dowolne s\u0142u\u017c\u0105ce realizacji pomys\u0142\u00f3w dzieci.-sala nr 11<\/td>\n<\/tr>\n<tr>\n<td>16.00 &#8211; 17.00<\/td>\n<td>Zabawy wszystkich przedszkolak\u00f3w w sali nr 6<\/td>\n<\/tr>\n<\/tbody>\n<\/table>\n<p>[\/vc_column_text][\/vc_column][\/vc_row]<\/p>\n","protected":false},"excerpt":{"rendered":"<p>[vc_row][vc_column][na_tytul tytuln=&#8221;PLAN DNIA &#8211; 6 Latki&#8221;][vc_column_text]8.00 \u2013 13.00 Realizacja Podstawy Programowej Godziny Plan zaj\u0119\u0107 dzieci\u0119cych 6.30 &#8211; 7.30 Schodzenie si\u0119 dzieci. Zaj\u0119cia opieku\u0144cze 7.30 \u2013 8.00 Schodzenie si\u0119 dzieci. Zaj\u0119cia wspomagaj\u0105ce prowadzone przez nauczyciela. Praca indywidualna .Przygotowywanie pomocy do zaj\u0119\u0107 i zabaw wsp\u00f3lnie z dzie\u0107mi. 8:00 &#8211; 8:30 Stwarzanie atmosfery sprzyjaj\u0105cej podejmowaniu przez dzieci r\u00f3\u017cnorodnych<\/p>\n","protected":false},"author":2,"featured_media":0,"parent":2084,"menu_order":0,"comment_status":"closed","ping_status":"closed","template":"","meta":[],"yoast_head":"<!-- This site is optimized with the Yoast SEO plugin v18.2 - https:\/\/yoast.com\/wordpress\/plugins\/seo\/ -->\n<title>Plan dnia - 6 Latki - Katolicki Zesp\u00f3\u0142 Edukacyjny - Niepubliczne przedszkole<\/title>\n<meta name=\"description\" content=\"8.00 \u2013 13.00 Realizacja Podstawy Programowej Godziny Plan zaj\u0119\u0107 dzieci\u0119cych 6.30 - 7.30 Schodzenie si\u0119 dzieci. Zaj\u0119cia opieku\u0144cze 7.30 \u2013 8.00 Schodzenie\" \/>\n<meta name=\"robots\" content=\"index, follow, max-snippet:-1, max-image-preview:large, max-video-preview:-1\" \/>\n<link rel=\"canonical\" href=\"https:\/\/www.zsk.olsztyn.pl\/przedszkole\/organizacja\/plan-dnia\/plan-dnia-6-latki\/\" \/>\n<meta name=\"twitter:label1\" content=\"Szacowany czas czytania\" \/>\n\t<meta name=\"twitter:data1\" content=\"1 minuta\" \/>\n<script type=\"application\/ld+json\" class=\"yoast-schema-graph\">{\"@context\":\"https:\/\/schema.org\",\"@graph\":[{\"@type\":\"WebSite\",\"@id\":\"https:\/\/www.zsk.olsztyn.pl\/przedszkole\/#website\",\"url\":\"https:\/\/www.zsk.olsztyn.pl\/przedszkole\/\",\"name\":\"Katolicki Zesp\u00f3\u0142 Edukacyjny - Niepubliczne przedszkole\",\"description\":\"Zapraszamy na stron\u0119 katolickiego niepublicznego przedszkola\",\"potentialAction\":[{\"@type\":\"SearchAction\",\"target\":{\"@type\":\"EntryPoint\",\"urlTemplate\":\"https:\/\/www.zsk.olsztyn.pl\/przedszkole\/?s={search_term_string}\"},\"query-input\":\"required name=search_term_string\"}],\"inLanguage\":\"pl-PL\"},{\"@type\":\"WebPage\",\"@id\":\"https:\/\/www.zsk.olsztyn.pl\/przedszkole\/organizacja\/plan-dnia\/plan-dnia-6-latki\/#webpage\",\"url\":\"https:\/\/www.zsk.olsztyn.pl\/przedszkole\/organizacja\/plan-dnia\/plan-dnia-6-latki\/\",\"name\":\"Plan dnia - 6 Latki - Katolicki Zesp\u00f3\u0142 Edukacyjny - Niepubliczne przedszkole\",\"isPartOf\":{\"@id\":\"https:\/\/www.zsk.olsztyn.pl\/przedszkole\/#website\"},\"datePublished\":\"2022-02-25T14:32:42+00:00\",\"dateModified\":\"2022-02-25T14:32:42+00:00\",\"description\":\"8.00 \u2013 13.00 Realizacja Podstawy Programowej Godziny Plan zaj\u0119\u0107 dzieci\u0119cych 6.30 - 7.30 Schodzenie si\u0119 dzieci. Zaj\u0119cia opieku\u0144cze 7.30 \u2013 8.00 Schodzenie\",\"breadcrumb\":{\"@id\":\"https:\/\/www.zsk.olsztyn.pl\/przedszkole\/organizacja\/plan-dnia\/plan-dnia-6-latki\/#breadcrumb\"},\"inLanguage\":\"pl-PL\",\"potentialAction\":[{\"@type\":\"ReadAction\",\"target\":[\"https:\/\/www.zsk.olsztyn.pl\/przedszkole\/organizacja\/plan-dnia\/plan-dnia-6-latki\/\"]}]},{\"@type\":\"BreadcrumbList\",\"@id\":\"https:\/\/www.zsk.olsztyn.pl\/przedszkole\/organizacja\/plan-dnia\/plan-dnia-6-latki\/#breadcrumb\",\"itemListElement\":[{\"@type\":\"ListItem\",\"position\":1,\"name\":\"Strona g\u0142\u00f3wna\",\"item\":\"https:\/\/www.zsk.olsztyn.pl\/przedszkole\/\"},{\"@type\":\"ListItem\",\"position\":2,\"name\":\"Organizacja\",\"item\":\"https:\/\/www.zsk.olsztyn.pl\/przedszkole\/organizacja\/\"},{\"@type\":\"ListItem\",\"position\":3,\"name\":\"Plan dnia\",\"item\":\"https:\/\/www.zsk.olsztyn.pl\/przedszkole\/organizacja\/plan-dnia\/\"},{\"@type\":\"ListItem\",\"position\":4,\"name\":\"Plan dnia &#8211; 6 Latki\"}]}]}<\/script>\n<!-- \/ Yoast SEO plugin. -->","yoast_head_json":{"title":"Plan dnia - 6 Latki - Katolicki Zesp\u00f3\u0142 Edukacyjny - Niepubliczne przedszkole","description":"8.00 \u2013 13.00 Realizacja Podstawy Programowej Godziny Plan zaj\u0119\u0107 dzieci\u0119cych 6.30 - 7.30 Schodzenie si\u0119 dzieci. Zaj\u0119cia opieku\u0144cze 7.30 \u2013 8.00 Schodzenie","robots":{"index":"index","follow":"follow","max-snippet":"max-snippet:-1","max-image-preview":"max-image-preview:large","max-video-preview":"max-video-preview:-1"},"canonical":"https:\/\/www.zsk.olsztyn.pl\/przedszkole\/organizacja\/plan-dnia\/plan-dnia-6-latki\/","twitter_misc":{"Szacowany czas czytania":"1 minuta"},"schema":{"@context":"https:\/\/schema.org","@graph":[{"@type":"WebSite","@id":"https:\/\/www.zsk.olsztyn.pl\/przedszkole\/#website","url":"https:\/\/www.zsk.olsztyn.pl\/przedszkole\/","name":"Katolicki Zesp\u00f3\u0142 Edukacyjny - Niepubliczne przedszkole","description":"Zapraszamy na stron\u0119 katolickiego niepublicznego przedszkola","potentialAction":[{"@type":"SearchAction","target":{"@type":"EntryPoint","urlTemplate":"https:\/\/www.zsk.olsztyn.pl\/przedszkole\/?s={search_term_string}"},"query-input":"required name=search_term_string"}],"inLanguage":"pl-PL"},{"@type":"WebPage","@id":"https:\/\/www.zsk.olsztyn.pl\/przedszkole\/organizacja\/plan-dnia\/plan-dnia-6-latki\/#webpage","url":"https:\/\/www.zsk.olsztyn.pl\/przedszkole\/organizacja\/plan-dnia\/plan-dnia-6-latki\/","name":"Plan dnia - 6 Latki - Katolicki Zesp\u00f3\u0142 Edukacyjny - Niepubliczne przedszkole","isPartOf":{"@id":"https:\/\/www.zsk.olsztyn.pl\/przedszkole\/#website"},"datePublished":"2022-02-25T14:32:42+00:00","dateModified":"2022-02-25T14:32:42+00:00","description":"8.00 \u2013 13.00 Realizacja Podstawy Programowej Godziny Plan zaj\u0119\u0107 dzieci\u0119cych 6.30 - 7.30 Schodzenie si\u0119 dzieci. Zaj\u0119cia opieku\u0144cze 7.30 \u2013 8.00 Schodzenie","breadcrumb":{"@id":"https:\/\/www.zsk.olsztyn.pl\/przedszkole\/organizacja\/plan-dnia\/plan-dnia-6-latki\/#breadcrumb"},"inLanguage":"pl-PL","potentialAction":[{"@type":"ReadAction","target":["https:\/\/www.zsk.olsztyn.pl\/przedszkole\/organizacja\/plan-dnia\/plan-dnia-6-latki\/"]}]},{"@type":"BreadcrumbList","@id":"https:\/\/www.zsk.olsztyn.pl\/przedszkole\/organizacja\/plan-dnia\/plan-dnia-6-latki\/#breadcrumb","itemListElement":[{"@type":"ListItem","position":1,"name":"Strona g\u0142\u00f3wna","item":"https:\/\/www.zsk.olsztyn.pl\/przedszkole\/"},{"@type":"ListItem","position":2,"name":"Organizacja","item":"https:\/\/www.zsk.olsztyn.pl\/przedszkole\/organizacja\/"},{"@type":"ListItem","position":3,"name":"Plan dnia","item":"https:\/\/www.zsk.olsztyn.pl\/przedszkole\/organizacja\/plan-dnia\/"},{"@type":"ListItem","position":4,"name":"Plan dnia &#8211; 6 Latki"}]}]}},"_links":{"self":[{"href":"https:\/\/www.zsk.olsztyn.pl\/przedszkole\/wp-json\/wp\/v2\/pages\/14055"}],"collection":[{"href":"https:\/\/www.zsk.olsztyn.pl\/przedszkole\/wp-json\/wp\/v2\/pages"}],"about":[{"href":"https:\/\/www.zsk.olsztyn.pl\/przedszkole\/wp-json\/wp\/v2\/types\/page"}],"author":[{"embeddable":true,"href":"https:\/\/www.zsk.olsztyn.pl\/przedszkole\/wp-json\/wp\/v2\/users\/2"}],"replies":[{"embeddable":true,"href":"https:\/\/www.zsk.olsztyn.pl\/przedszkole\/wp-json\/wp\/v2\/comments?post=14055"}],"version-history":[{"count":1,"href":"https:\/\/www.zsk.olsztyn.pl\/przedszkole\/wp-json\/wp\/v2\/pages\/14055\/revisions"}],"predecessor-version":[{"id":14056,"href":"https:\/\/www.zsk.olsztyn.pl\/przedszkole\/wp-json\/wp\/v2\/pages\/14055\/revisions\/14056"}],"up":[{"embeddable":true,"href":"https:\/\/www.zsk.olsztyn.pl\/przedszkole\/wp-json\/wp\/v2\/pages\/2084"}],"wp:attachment":[{"href":"https:\/\/www.zsk.olsztyn.pl\/przedszkole\/wp-json\/wp\/v2\/media?parent=14055"}],"curies":[{"name":"wp","href":"https:\/\/api.w.org\/{rel}","templated":true}]}}