{"id":14051,"date":"2022-02-25T16:28:38","date_gmt":"2022-02-25T14:28:38","guid":{"rendered":"http:\/\/www.zsk.olsztyn.pl\/przedszkole\/?page_id=14051"},"modified":"2022-02-25T16:28:38","modified_gmt":"2022-02-25T14:28:38","slug":"plan-dnia-4-latki","status":"publish","type":"page","link":"https:\/\/www.zsk.olsztyn.pl\/przedszkole\/organizacja\/plan-dnia\/plan-dnia-4-latki\/","title":{"rendered":"Plan dnia &#8211; 4 Latki"},"content":{"rendered":"<p>[vc_row][vc_column][na_tytul tytuln=&#8221;PLAN DNIA &#8211; 4 Latki&#8221;][vc_column_text]<strong>8.00 \u2013 13.00 Realizacja Podstawy Programowej<\/strong><\/p>\n<table class=\"pland\" width=\"100%\">\n<tbody>\n<tr>\n<td class=\"ttop\"><strong>Godziny<\/strong><\/td>\n<td class=\"ttop\"><strong>Plan zaj\u0119\u0107 dzieci\u0119cych<\/strong><\/td>\n<\/tr>\n<tr>\n<td><strong>6.30 &#8211; 7.30<\/strong><\/td>\n<td>Schodzenie si\u0119 dzieci. Zaj\u0119cia opieku\u0144cze<\/td>\n<\/tr>\n<tr>\n<td><strong>7:30 \u2013 8:00<\/strong><\/td>\n<td>Zaj\u0119cia wspomagaj\u0105ce prowadzone przez nauczyciela.<br \/>\nPrzygotowywanie pomocy do zaj\u0119\u0107 i zabaw wsp\u00f3lnie z dzie\u0107mi.<br \/>\nZabawy dowolne podejmowane przez dzieci.<\/td>\n<\/tr>\n<tr>\n<td><strong>8:00 &#8211; 8:30<\/strong><\/td>\n<td>\u0106wiczenia poranne, zabawy ruchowe i tematyczne<\/td>\n<\/tr>\n<tr>\n<td><strong>8:30 &#8211; 9:00<\/strong><\/td>\n<td>Przygotowanie do \u015bniadania. Kszta\u0142towanie i utrwalanie nawyk\u00f3w higienicznych i zachowa\u0144 prozdrowotnych. \u015aniadanie &#8211; Usprawnianie umiej\u0119tno\u015bci samodzielnego jedzenia<\/td>\n<\/tr>\n<tr>\n<td><strong>9:00 \u2013 9:20<\/strong><\/td>\n<td>Zaj\u0119cia dydaktyczne wynikaj\u0105ce z Programu Wychowania Przedszkolnego zaplanowane przez nauczycielki w ramach Planu Miesi\u0119cznego<\/td>\n<\/tr>\n<tr>\n<td><strong>9:20 \u2013 10.00<\/strong><\/td>\n<td>Zabawy dowolne podejmowane przez dzieci.<\/td>\n<\/tr>\n<tr>\n<td><strong>10.00 \u2013 10.15<\/strong><\/td>\n<td>II \u015bniadanie<\/td>\n<\/tr>\n<tr>\n<td><strong>10.20 \u2013 11.50<\/strong><\/td>\n<td>Pobyt w ogrodzie. Czynno\u015bci samoobs\u0142ugowe w szatni (ubieranie si\u0119 i rozbieranie). Spacery i wycieczki (lub zabawy ruchowe w Sali je\u017celi warunki atmosferyczne nie pozwalaj\u0105 na pobyt na powietrzu).<\/td>\n<\/tr>\n<tr>\n<td><strong>11:50 \u2013 12:30<\/strong><\/td>\n<td>Przygotowanie do obiadu. Obiad. Czynno\u015bci samoobs\u0142ugowe.<\/td>\n<\/tr>\n<tr>\n<td><strong>12:30 \u2013 13:00<\/strong><\/td>\n<td>S\u0142uchanie bajek czytanych przez nauczyciela<\/td>\n<\/tr>\n<tr>\n<td><strong>13:00 \u2013 14:15<\/strong><\/td>\n<td>Odpoczynek poobiedni \u2013 s\u0142uchanie muzyki lub bajek. Czynno\u015bci samoobs\u0142ugowe (rozbieranie si\u0119 i ubieranie, toaleta).<\/td>\n<\/tr>\n<tr>\n<td><strong>14:15 \u2013 14:40<\/strong><\/td>\n<td>Podwieczorek<\/td>\n<\/tr>\n<tr>\n<td><strong>14:45 \u2013 16:00<\/strong><\/td>\n<td>Dzieci\u0119ce zabawy dowolne. Indywidualna praca wyr\u00f3wnawcza. Utrwalanie wcze\u015bniej poznanych tre\u015bci dydaktycznych.<\/td>\n<\/tr>\n<tr>\n<td><strong>16:00 \u2013 17:00<\/strong><\/td>\n<td>Schodzenie si\u0119 dzieci z wszystkich grup. pobyt na \u015bwie\u017cym powietrzu, rozchodzenie si\u0119 dzieci do domu<\/td>\n<\/tr>\n<\/tbody>\n<\/table>\n<p>[\/vc_column_text][\/vc_column][\/vc_row]<\/p>\n","protected":false},"excerpt":{"rendered":"<p>[vc_row][vc_column][na_tytul tytuln=&#8221;PLAN DNIA &#8211; 4 Latki&#8221;][vc_column_text]8.00 \u2013 13.00 Realizacja Podstawy Programowej Godziny Plan zaj\u0119\u0107 dzieci\u0119cych 6.30 &#8211; 7.30 Schodzenie si\u0119 dzieci. Zaj\u0119cia opieku\u0144cze 7:30 \u2013 8:00 Zaj\u0119cia wspomagaj\u0105ce prowadzone przez nauczyciela. Przygotowywanie pomocy do zaj\u0119\u0107 i zabaw wsp\u00f3lnie z dzie\u0107mi. Zabawy dowolne podejmowane przez dzieci. 8:00 &#8211; 8:30 \u0106wiczenia poranne, zabawy ruchowe i tematyczne 8:30<\/p>\n","protected":false},"author":2,"featured_media":0,"parent":2084,"menu_order":0,"comment_status":"closed","ping_status":"closed","template":"","meta":[],"yoast_head":"<!-- This site is optimized with the Yoast SEO plugin v18.2 - https:\/\/yoast.com\/wordpress\/plugins\/seo\/ -->\n<title>Plan dnia - 4 Latki - Katolicki Zesp\u00f3\u0142 Edukacyjny - Niepubliczne przedszkole<\/title>\n<meta name=\"description\" content=\"8.00 \u2013 13.00 Realizacja Podstawy Programowej Godziny Plan zaj\u0119\u0107 dzieci\u0119cych 6.30 - 7.30 Schodzenie si\u0119 dzieci. Zaj\u0119cia opieku\u0144cze 7:30 \u2013 8:00 Zaj\u0119cia\" \/>\n<meta name=\"robots\" content=\"index, follow, max-snippet:-1, max-image-preview:large, max-video-preview:-1\" \/>\n<link rel=\"canonical\" href=\"https:\/\/www.zsk.olsztyn.pl\/przedszkole\/organizacja\/plan-dnia\/plan-dnia-4-latki\/\" \/>\n<meta name=\"twitter:label1\" content=\"Szacowany czas czytania\" \/>\n\t<meta name=\"twitter:data1\" content=\"1 minuta\" \/>\n<script type=\"application\/ld+json\" class=\"yoast-schema-graph\">{\"@context\":\"https:\/\/schema.org\",\"@graph\":[{\"@type\":\"WebSite\",\"@id\":\"https:\/\/www.zsk.olsztyn.pl\/przedszkole\/#website\",\"url\":\"https:\/\/www.zsk.olsztyn.pl\/przedszkole\/\",\"name\":\"Katolicki Zesp\u00f3\u0142 Edukacyjny - Niepubliczne przedszkole\",\"description\":\"Zapraszamy na stron\u0119 katolickiego niepublicznego przedszkola\",\"potentialAction\":[{\"@type\":\"SearchAction\",\"target\":{\"@type\":\"EntryPoint\",\"urlTemplate\":\"https:\/\/www.zsk.olsztyn.pl\/przedszkole\/?s={search_term_string}\"},\"query-input\":\"required name=search_term_string\"}],\"inLanguage\":\"pl-PL\"},{\"@type\":\"WebPage\",\"@id\":\"https:\/\/www.zsk.olsztyn.pl\/przedszkole\/organizacja\/plan-dnia\/plan-dnia-4-latki\/#webpage\",\"url\":\"https:\/\/www.zsk.olsztyn.pl\/przedszkole\/organizacja\/plan-dnia\/plan-dnia-4-latki\/\",\"name\":\"Plan dnia - 4 Latki - Katolicki Zesp\u00f3\u0142 Edukacyjny - Niepubliczne przedszkole\",\"isPartOf\":{\"@id\":\"https:\/\/www.zsk.olsztyn.pl\/przedszkole\/#website\"},\"datePublished\":\"2022-02-25T14:28:38+00:00\",\"dateModified\":\"2022-02-25T14:28:38+00:00\",\"description\":\"8.00 \u2013 13.00 Realizacja Podstawy Programowej Godziny Plan zaj\u0119\u0107 dzieci\u0119cych 6.30 - 7.30 Schodzenie si\u0119 dzieci. Zaj\u0119cia opieku\u0144cze 7:30 \u2013 8:00 Zaj\u0119cia\",\"breadcrumb\":{\"@id\":\"https:\/\/www.zsk.olsztyn.pl\/przedszkole\/organizacja\/plan-dnia\/plan-dnia-4-latki\/#breadcrumb\"},\"inLanguage\":\"pl-PL\",\"potentialAction\":[{\"@type\":\"ReadAction\",\"target\":[\"https:\/\/www.zsk.olsztyn.pl\/przedszkole\/organizacja\/plan-dnia\/plan-dnia-4-latki\/\"]}]},{\"@type\":\"BreadcrumbList\",\"@id\":\"https:\/\/www.zsk.olsztyn.pl\/przedszkole\/organizacja\/plan-dnia\/plan-dnia-4-latki\/#breadcrumb\",\"itemListElement\":[{\"@type\":\"ListItem\",\"position\":1,\"name\":\"Strona g\u0142\u00f3wna\",\"item\":\"https:\/\/www.zsk.olsztyn.pl\/przedszkole\/\"},{\"@type\":\"ListItem\",\"position\":2,\"name\":\"Organizacja\",\"item\":\"https:\/\/www.zsk.olsztyn.pl\/przedszkole\/organizacja\/\"},{\"@type\":\"ListItem\",\"position\":3,\"name\":\"Plan dnia\",\"item\":\"https:\/\/www.zsk.olsztyn.pl\/przedszkole\/organizacja\/plan-dnia\/\"},{\"@type\":\"ListItem\",\"position\":4,\"name\":\"Plan dnia &#8211; 4 Latki\"}]}]}<\/script>\n<!-- \/ Yoast SEO plugin. -->","yoast_head_json":{"title":"Plan dnia - 4 Latki - Katolicki Zesp\u00f3\u0142 Edukacyjny - Niepubliczne przedszkole","description":"8.00 \u2013 13.00 Realizacja Podstawy Programowej Godziny Plan zaj\u0119\u0107 dzieci\u0119cych 6.30 - 7.30 Schodzenie si\u0119 dzieci. Zaj\u0119cia opieku\u0144cze 7:30 \u2013 8:00 Zaj\u0119cia","robots":{"index":"index","follow":"follow","max-snippet":"max-snippet:-1","max-image-preview":"max-image-preview:large","max-video-preview":"max-video-preview:-1"},"canonical":"https:\/\/www.zsk.olsztyn.pl\/przedszkole\/organizacja\/plan-dnia\/plan-dnia-4-latki\/","twitter_misc":{"Szacowany czas czytania":"1 minuta"},"schema":{"@context":"https:\/\/schema.org","@graph":[{"@type":"WebSite","@id":"https:\/\/www.zsk.olsztyn.pl\/przedszkole\/#website","url":"https:\/\/www.zsk.olsztyn.pl\/przedszkole\/","name":"Katolicki Zesp\u00f3\u0142 Edukacyjny - Niepubliczne przedszkole","description":"Zapraszamy na stron\u0119 katolickiego niepublicznego przedszkola","potentialAction":[{"@type":"SearchAction","target":{"@type":"EntryPoint","urlTemplate":"https:\/\/www.zsk.olsztyn.pl\/przedszkole\/?s={search_term_string}"},"query-input":"required name=search_term_string"}],"inLanguage":"pl-PL"},{"@type":"WebPage","@id":"https:\/\/www.zsk.olsztyn.pl\/przedszkole\/organizacja\/plan-dnia\/plan-dnia-4-latki\/#webpage","url":"https:\/\/www.zsk.olsztyn.pl\/przedszkole\/organizacja\/plan-dnia\/plan-dnia-4-latki\/","name":"Plan dnia - 4 Latki - Katolicki Zesp\u00f3\u0142 Edukacyjny - Niepubliczne przedszkole","isPartOf":{"@id":"https:\/\/www.zsk.olsztyn.pl\/przedszkole\/#website"},"datePublished":"2022-02-25T14:28:38+00:00","dateModified":"2022-02-25T14:28:38+00:00","description":"8.00 \u2013 13.00 Realizacja Podstawy Programowej Godziny Plan zaj\u0119\u0107 dzieci\u0119cych 6.30 - 7.30 Schodzenie si\u0119 dzieci. Zaj\u0119cia opieku\u0144cze 7:30 \u2013 8:00 Zaj\u0119cia","breadcrumb":{"@id":"https:\/\/www.zsk.olsztyn.pl\/przedszkole\/organizacja\/plan-dnia\/plan-dnia-4-latki\/#breadcrumb"},"inLanguage":"pl-PL","potentialAction":[{"@type":"ReadAction","target":["https:\/\/www.zsk.olsztyn.pl\/przedszkole\/organizacja\/plan-dnia\/plan-dnia-4-latki\/"]}]},{"@type":"BreadcrumbList","@id":"https:\/\/www.zsk.olsztyn.pl\/przedszkole\/organizacja\/plan-dnia\/plan-dnia-4-latki\/#breadcrumb","itemListElement":[{"@type":"ListItem","position":1,"name":"Strona g\u0142\u00f3wna","item":"https:\/\/www.zsk.olsztyn.pl\/przedszkole\/"},{"@type":"ListItem","position":2,"name":"Organizacja","item":"https:\/\/www.zsk.olsztyn.pl\/przedszkole\/organizacja\/"},{"@type":"ListItem","position":3,"name":"Plan dnia","item":"https:\/\/www.zsk.olsztyn.pl\/przedszkole\/organizacja\/plan-dnia\/"},{"@type":"ListItem","position":4,"name":"Plan dnia &#8211; 4 Latki"}]}]}},"_links":{"self":[{"href":"https:\/\/www.zsk.olsztyn.pl\/przedszkole\/wp-json\/wp\/v2\/pages\/14051"}],"collection":[{"href":"https:\/\/www.zsk.olsztyn.pl\/przedszkole\/wp-json\/wp\/v2\/pages"}],"about":[{"href":"https:\/\/www.zsk.olsztyn.pl\/przedszkole\/wp-json\/wp\/v2\/types\/page"}],"author":[{"embeddable":true,"href":"https:\/\/www.zsk.olsztyn.pl\/przedszkole\/wp-json\/wp\/v2\/users\/2"}],"replies":[{"embeddable":true,"href":"https:\/\/www.zsk.olsztyn.pl\/przedszkole\/wp-json\/wp\/v2\/comments?post=14051"}],"version-history":[{"count":1,"href":"https:\/\/www.zsk.olsztyn.pl\/przedszkole\/wp-json\/wp\/v2\/pages\/14051\/revisions"}],"predecessor-version":[{"id":14052,"href":"https:\/\/www.zsk.olsztyn.pl\/przedszkole\/wp-json\/wp\/v2\/pages\/14051\/revisions\/14052"}],"up":[{"embeddable":true,"href":"https:\/\/www.zsk.olsztyn.pl\/przedszkole\/wp-json\/wp\/v2\/pages\/2084"}],"wp:attachment":[{"href":"https:\/\/www.zsk.olsztyn.pl\/przedszkole\/wp-json\/wp\/v2\/media?parent=14051"}],"curies":[{"name":"wp","href":"https:\/\/api.w.org\/{rel}","templated":true}]}}