{"id":14004,"date":"2022-02-23T01:22:57","date_gmt":"2022-02-22T23:22:57","guid":{"rendered":"http:\/\/www.zsk.olsztyn.pl\/przedszkole\/?page_id=14004"},"modified":"2026-02-23T00:24:57","modified_gmt":"2026-02-22T22:24:57","slug":"pomoc-psychologiczno-pedagogiczna","status":"publish","type":"page","link":"https:\/\/www.zsk.olsztyn.pl\/przedszkole\/oferta\/pomoc-psychologiczno-pedagogiczna\/","title":{"rendered":"POMOC PSYCHOLOGICZNO-PEDAGOGICZNA"},"content":{"rendered":"<p>[vc_row][vc_column][na_tytul tytuln=&#8221;POMOC PSYCHOLOGICZNO &#8211; PEDAGOGICZNA&#8221;][vc_tta_tabs active_section=&#8221;100&#8243; css_animation=&#8221;none&#8221; el_class=&#8221;zaj_dodatkowe&#8221;][vc_tta_section title=&#8221;ZAJ\u0118CIA LOGOPEDYCZNE&#8221; tab_id=&#8221;zajecialogopedyczne&#8221; el_class=&#8221;aaaaaaaa&#8221;][vc_column_text]<\/p>\n<h3>ZAJ\u0118CIA LOGOPEDYCZNE<\/h3>\n<p>Na prze\u0142omie wrze\u015bnia i pa\u017adziernika w przedszkolu przeprowadzane jest przesiewowe badanie mowy. W efekcie tego badania na zaj\u0119cia logopedyczne na terenie naszego przedszkola zostaj\u0105 zakwalifikowane dzieci ,kt\u00f3re maja k\u0142opoty w komunikacji werbalnej. Te dzieci uczestnicz\u0105 w indywidualnej terapii.<\/p>\n<p><strong>Na zaj\u0119ciach prowadzone s\u0105 \u0107wiczenia, kt\u00f3re maj\u0105 na celu:<\/strong><\/p>\n<ul>\n<li>usprawnianie motoryki aparatu artykulacyjnego (m.in. j\u0119zyka, warg, \u017cuchwy)<\/li>\n<li>kszta\u0142towanie prawid\u0142owego toru oddechowego, wyd\u0142u\u017canie fazy wydechowej<\/li>\n<li>kszta\u0142towanie prawid\u0142owych czynno\u015bci fizjologicznych w obr\u0119bie aparatu mowy (tj. po\u0142ykanie, \u017cucie, odgryzanie)<\/li>\n<li>rozwijanie s\u0142uchu fonematycznego<\/li>\n<li>wzbogacanie s\u0142ownictwa, rozwijanie mowy opowie\u015bciowej<\/li>\n<li>rozwijanie umiej\u0119tno\u015bci budowania d\u0142u\u017cszych wypowiedzi<\/li>\n<li>rozwijanie umiej\u0119tno\u015bci rozumienia wypowiedzi s\u0142ownych<\/li>\n<li>uzyskanie prawid\u0142owej artykulacji poszczeg\u00f3lnych g\u0142osek<\/li>\n<\/ul>\n<p>[\/vc_column_text][\/vc_tta_section][vc_tta_section title=&#8221;ZAJ\u0118CIA INTEGRACJI SENSORYCZNEJ&#8221; tab_id=&#8221;zajeciaintegracjisensorycznej&#8221;][vc_column_text]<\/p>\n<h3>ZAJ\u0118CIA INTEGRACJI SENSORYCZNEJ<\/h3>\n<p>Zaj\u0119cia integracji sensorycznej maj\u0105 na celu popraw\u0119 funkcjonowania o\u015brodkowego uk\u0142adu nerwowego odpowiedzialnego za odbi\u00f3r, rejestrowanie i przetwarzanie bod\u017ac\u00f3w zmys\u0142owych (sensorycznych). Prowadzenie terapii poprzedzone jest szczeg\u00f3\u0142ow\u0105 diagnoz\u0105, kt\u00f3ra decyduje o przebiegu zaj\u0119\u0107 i rodzajach \u0107wicze\u0144 jakie dziecko powinno wykonywa\u0107.<\/p>\n<p>Zaj\u0119cia terapii SI trwaj\u0105 30 minut. Cz\u0119stotliwo\u015b\u0107 zaj\u0119\u0107 uzale\u017cniona jest od indywidualnych potrzeb oraz mo\u017cliwo\u015bci rodzic\u00f3w i waha si\u0119 od jednego do dw\u00f3ch spotka\u0144 w tygodniu.<\/p>\n<p>W naszym dobrze i nowocze\u015bnie wyposa\u017conym gabinecie terapii SI znajdziecie Pa\u0144stwo wykwalifikowanych, certyfikowanych terapeut\u00f3w, kt\u00f3rzy na podstawie wywiadu, test\u00f3w oraz obserwacji zachowa\u0144 dziecka u\u0142o\u017c\u0105 indywidualne plany terapii.[\/vc_column_text][\/vc_tta_section][vc_tta_section title=&#8221;TERAPIA PEDAGOGICZNA&#8221; tab_id=&#8221;terapiapedagogiczna&#8221;][vc_column_text]<\/p>\n<h3>TERAPIA PEDAGOGICZNA<\/h3>\n<p>Terapia pedagogiczna to specjalistyczne dzia\u0142ania maj\u0105ce na celu niesienie pomocy dzieciom ujawniaj\u0105cym r\u00f3\u017cnego rodzaju nieprawid\u0142owo\u015bci rozwoju i zachowania. Ukierunkowana jest ona na korygowanie i kompensowanie zaburze\u0144 psychoruchowego rozwoju dziecka jako jednej z przyczyn niepowodze\u0144 szkolnych.<\/p>\n<p>Terapi\u0119 pedagogiczn\u0105 na terenie naszego przedszkola prowadzimy w formie indywidualnej. Liczba uczestnik\u00f3w zaj\u0119\u0107 wynosi od 2 do 5 dzieci. Staramy si\u0119 stworzy\u0107 dzieciom z utrudnieniami rozwojowymi mo\u017cliwo\u015b\u0107 wszechstronnego rozwoju umys\u0142owego, psychicznego i spo\u0142ecznego na miar\u0119 ich mo\u017cliwo\u015bci. Bawi\u0105c si\u0119 z dzie\u0107mi szczeg\u00f3ln\u0105 uwag\u0119 zwracamy na usprawnianie funkcji s\u0142uchowych, wzrokowych, ruchowych i ich w\u0142a\u015bciwej koordynacji. Stymulujemy i wspieramy, inicjujemy rozw\u00f3j potrzeb i oczekiwa\u0144 dzieci zwi\u0105zanych z poznawaniem \u015bwiata, potrzeb\u0105 aktywno\u015bci.[\/vc_column_text][\/vc_tta_section][vc_tta_section title=&#8221;TERAPIA PSYCHOLOGICZNA&#8221; tab_id=&#8221;terapiapsychologiczna&#8221;][vc_column_text]<\/p>\n<h3>TERAPIA PSYCHOLOGICZNA<\/h3>\n<p>W ramach terapii psychologicznej w przedszkolu prowadzone s\u0105 zaj\u0119cia indywidualne z psychologiem, oraz zaj\u0119cia wczesnego wspomagania rozwoju.<\/p>\n<p>Podczas pracy indywidualnej z dzieckiem dostosowujemy wymagania do indywidualnych mo\u017cliwo\u015bci dziecka, zach\u0119camy je do podejmowania wysi\u0142ku, do na\u015bladowania. Wiara we w\u0142asne mo\u017cliwo\u015bci, poczucie kompetencji, sprawstwa daje motywacj\u0119 do dalszej pracy. Praca z dzieckiem przybiera zazwyczaj posta\u0107 zabawy, wykorzystywane s\u0105 zabawki edukacyjne \u2013 puzzle, uk\u0142adanki, gry, pacynki, ksi\u0105\u017ceczki, etc.[\/vc_column_text][\/vc_tta_section][vc_tta_section title=&#8221;TRENING UMIEJ\u0118TNO\u015aCI`{`br`}`SPO\u0141ECZNYCH (TUS)&#8221; tab_id=&#8221;tus&#8221;][vc_column_text]<\/p>\n<h3>TRENING UMIEJ\u0118TNO\u015aCI SPO\u0141ECZNYCH (TUS)<\/h3>\n<p>Trening umiej\u0119tno\u015bci spo\u0142ecznych przeznaczony dla dzieci w wieku 3-6. Zaj\u0119cia grupowe skierowane s\u0105 do dzieci maj\u0105cych trudno\u015bci w nawi\u0105zywaniu i utrzymywaniu relacji z r\u00f3wie\u015bnikami i doros\u0142ymi, przestrzeganiem norm spo\u0142ecznych, adaptacj\u0105 do nowych sytuacji. Zaj\u0119cia maj\u0105 na celu popraw\u0119 funkcjonowania w sytuacjach spo\u0142ecznych poprzez zmian\u0119 zachowa\u0144 nieakceptowanych na po\u017c\u0105dane i spo\u0142ecznie akceptowane.<\/p>\n<p><strong>Celem zaj\u0119\u0107 jest:<\/strong><\/p>\n<ul>\n<li>trening umiej\u0119tno\u015bci spo\u0142ecznych i komunikacyjnych<\/li>\n<li>trening modyfikowania zachowa\u0144 na bardziej aprobowane spo\u0142ecznie<\/li>\n<li>umiej\u0119tno\u015b\u0107 wsp\u00f3\u0142pracy w grupie<\/li>\n<li>metody radzenia sobie z emocjami<\/li>\n<li>praca nad przestrzeganiem zasad<\/li>\n<li>uczenie si\u0119 rozpoznawania emocji i potrzeb<\/li>\n<li>odreagowanie napi\u0119\u0107 emocjonalnych<\/li>\n<li>kszta\u0142towanie umiej\u0119tno\u015bci rozwi\u0105zywania konflikt\u00f3w<\/li>\n<\/ul>\n<p>[\/vc_column_text][\/vc_tta_section][vc_tta_section title=&#8221;TERAPIA R\u0118KI&#8221; tab_id=&#8221;terapiareki&#8221;][vc_column_text]<\/p>\n<h3>TERAPIA R\u0118KI<\/h3>\n<p>Terapia r\u0119ki to przede wszystkim usprawnianie ma\u0142ej motoryki czyli precyzyjnych ruch\u00f3w d\u0142oni i palc\u00f3w. To r\u00f3wnie\u017c dostarczanie wra\u017ce\u0144 dotykowych, umo\u017cliwiaj\u0105cych poznanie r\u00f3\u017cnych kszta\u0142t\u00f3w, struktur materia\u0142\u00f3w oraz nabywanie umiej\u0119tno\u015bci ich rozr\u00f3\u017cniania. G\u0142\u00f3wnym celem terapii r\u0119ki jest osi\u0105gni\u0119cie samodzielno\u015bci w zakresie podstawowych czynno\u015bci \u017cycia codziennego. Do innych cel\u00f3w zalicza si\u0119 tak\u017ce: popraw\u0119 umiej\u0119tno\u015bci chwytu, wypracowanie zdolno\u015bci skupienia uwagi i patrzenia, wzmacnianie koncentracji, popraw\u0119 koordynacji wzrokowo-ruchowej oraz przekraczanie linii \u015brodka. Wszystkie dzia\u0142ania wykorzystywane w terapii s\u0105 precyzyjnie dobrane do funkcjonalnego i intelektualnego poziomu dziecka, stwarzaj\u0105c mo\u017cliwo\u015b\u0107 dalszego rozwoju w przyjazny i interesuj\u0105cy spos\u00f3b.[\/vc_column_text][\/vc_tta_section][vc_tta_section title=&#8221;WCZESNE WSPOMAGANIE ROZWOJU&#8221; tab_id=&#8221;wczesnewspomaganierozwoju&#8221;][vc_column_text]<\/p>\n<h3>WCZESNE WSPOMAGANIE ROZWOJU<\/h3>\n<p>Wczesne wspomaganie rozwoju to bezp\u0142atne zaj\u0119cia, maj\u0105ce na celu pobudzanie i stymulowanie ruchowego, poznawczego, emocjonalnego i spo\u0142ecznego rozwoju dzieci z okre\u015blon\u0105 niepe\u0142nosprawno\u015bci\u0105<\/p>\n<p>Organizowane jest dla dziecka z okre\u015blon\u0105 niepe\u0142nosprawno\u015bci\u0105 posiadaj\u0105cego opini\u0119 o potrzebie tego wspomagania wydan\u0105 przez publiczn\u0105 poradni\u0119 psychologiczno-pedagogiczn\u0105. W ramach wczesnego wspomagania organizowane s\u0105 zaj\u0119cia, kt\u00f3re dopasowuje si\u0119 do indywidualnych potrzeb dziecka.<\/p>\n<p><strong>Dost\u0119pne terapie w ramach Wczesnego Wspomagania Rozwoju w naszym przedszkolu:<\/strong><\/p>\n<ul>\n<li>integracja sensoryczna<\/li>\n<li>pedagogiczna,<\/li>\n<li>logopedyczna,<\/li>\n<li>neurologopedyczna,<\/li>\n<li>terapia r\u0119ki,<\/li>\n<li>rehabilitacja<\/li>\n<li>psychologiczna<\/li>\n<\/ul>\n<p>[\/vc_column_text][\/vc_tta_section][vc_tta_section title=&#8221;REWALIDACJA&#8221; tab_id=&#8221;rewalidacja&#8221;][vc_column_text]<\/p>\n<h3>REWALIDACJA<\/h3>\n<p>W naszym przedszkolu organizowane s\u0105 zaj\u0119cia rewalidacyjne dla dzieci posiadaj\u0105cych orzeczenie o potrzebie kszta\u0142cenia specjalnego wydanego przez Poradni\u0119 Psychologiczno-Pedagogiczn\u0105. Rewalidacja to dzia\u0142ania, kt\u00f3re przy zastosowaniu specjalnych metod i \u015brodk\u00f3w umo\u017cliwiaj\u0105 dziecku z orzeczeniem jak najlepszy rozw\u00f3j fizyczny, psychiczny oraz spo\u0142eczny. Celem oddzia\u0142ywa\u0144 rewalidacyjnych jest rozw\u00f3j i aktywizowanie tych wszystkich w\u0142a\u015bciwo\u015bci intelektualnych i osobowo\u015bciowych dziecka, kt\u00f3re umo\u017cliwiaj\u0105 mu pe\u0142ne uczestnictwo w \u017cyciu.<\/p>\n<p><strong>Dost\u0119pne terapie w ramach zaj\u0119\u0107 rewalidacji w naszym przedszkolu:<\/strong><\/p>\n<ul>\n<li>integracja sensoryczna<\/li>\n<li>pedagogiczna,<\/li>\n<li>logopedyczna,<\/li>\n<li>neurologopedyczna,<\/li>\n<li>terapia r\u0119ki,<\/li>\n<li>rehabilitacja<\/li>\n<li>psychologiczna<\/li>\n<li>trening umiej\u0119tno\u015bci spo\u0142ecznych<\/li>\n<\/ul>\n<p>[\/vc_column_text][\/vc_tta_section][vc_tta_section title=&#8221;GIMNASTYKA KOREKCYJNA&#8221; tab_id=&#8221;gimnastykakorekcyjna&#8221;][vc_column_text]<\/p>\n<h3>GIMNASTYKA KOREKCYJNA<\/h3>\n<p>Celem g\u0142\u00f3wnym zaj\u0119\u0107 jest wyrobienie u dzieci nawyku prawid\u0142owej postawy cia\u0142a w sytuacji dnia codziennego. Wytworzenie silnej i wytrzyma\u0142ej stabilizacji mi\u0119\u015bniowo \u2013 wi\u0119zad\u0142owej. Wzmocnienie mi\u0119\u015bni rozci\u0105gni\u0119tych i rozci\u0105gni\u0119cie mi\u0119\u015bni przykurczonych.<\/p>\n<p>Zaj\u0119cia uwzgl\u0119dniaj\u0105 elementy profilaktyki i korekcji zaburze\u0144 zagra\u017caj\u0105cych, lub ju\u017c istniej\u0105cych u dzieci<\/p>\n<ul>\n<li>z wadami st\u00f3p,<\/li>\n<li>z ko\u015blawo\u015bci\u0105 kolan i st\u00f3p,<\/li>\n<li>z wadami kr\u0119gos\u0142upa,<\/li>\n<li>z nadwag\u0105.<\/li>\n<\/ul>\n<p>[\/vc_column_text][\/vc_tta_section][vc_tta_section title=&#8221;ZAJ\u0118CIA WED\u0141UG METODY`{`br`}`WERONIKI SHERBORNE&#8221; tab_id=&#8221;sherborne&#8221;][vc_column_text]<\/p>\n<h3>ZAJ\u0118CIA WED\u0141UG METODY WERONIKI SHERBORNE<\/h3>\n<p><strong>Metoda Ruchu Rozwijaj\u0105cego<\/strong>\u00a0bazuj\u0105cego na pracy Weroniki Sherborne to system r\u00f3\u017cnorodnych do\u015bwiadcze\u0144 ruchowych nastawionych na stymulowanie rozwoju dziecka, szczeg\u00f3lnie sfery emocjonalnej i spo\u0142ecznej.<\/p>\n<p>Zaj\u0119cia wed\u0142ug metody Weroniki Sherborne prowadzone s\u0105 w grupach, w kt\u00f3rych uczestnicz\u0105 od kilku do kilkunastu dzieci oraz ich rodzice.<\/p>\n<p>Udzia\u0142 w \u0107wiczeniach MRR Weroniki Sherborne ma na celu, stworzy\u0107 dziecku okazj\u0119 do poznania w\u0142asnego cia\u0142a, usprawnienia motoryki, poczucia w\u0142asnej si\u0142y i sprawno\u015bci. Podczas \u0107wicze\u0144 dziecko poznaje przestrze\u0144, w kt\u00f3rej si\u0119 znajduje, czuje si\u0119 w niej bezpieczne, staje si\u0119 aktywne i tw\u00f3rcze. Podczas ruchu, wywodz\u0105cego si\u0119 z naturalnej potrzeby dziecka, pokonujemy wiele barier, l\u0119k\u00f3w, u\u0142atwiamy komunikacj\u0119, funkcjonowanie motoryczne i dajemy poczucie sprawno\u015bci ruchowej.[\/vc_column_text][\/vc_tta_section][vc_tta_section title=&#8221;REHABILITACJA&#8221; tab_id=&#8221;REHABILITACJA&#8221;][vc_column_text]Zaj\u0119cia fizjoterapii w przedszkolu maj\u0105 na celu wspieranie prawid\u0142owego rozwoju ruchowego dzieci oraz zapobieganie i korygowanie wad postawy. Terapia koncentruje si\u0119 na usprawnianiu motoryki du\u017cej i ma\u0142ej, poprawie koordynacji ruchowej, r\u00f3wnowagi, si\u0142y mi\u0119\u015bniowej oraz og\u00f3lnej sprawno\u015bci fizycznej dziecka, a tak\u017ce na profilaktyce i korekcji wad st\u00f3p. Regularne \u0107wiczenia pomagaj\u0105 r\u00f3wnie\u017c w budowaniu prawid\u0142owych nawyk\u00f3w ruchowych oraz zwi\u0119kszaj\u0105 \u015bwiadomo\u015b\u0107 w\u0142asnego cia\u0142a.<br \/>\nZaj\u0119cia s\u0105 dopasowane do potrzeb oraz mo\u017cliwo\u015bci ka\u017cdego dziecka.<\/p>\n<p>Zaj\u0119cia fizjoterapii trwaj\u0105 30 minut i odbywaj\u0105 si\u0119 indywidualnie. Cz\u0119stotliwo\u015b\u0107 spotka\u0144 ustalana jest w zale\u017cno\u015bci od potrzeb dziecka oraz zalece\u0144 specjalisty \u2013 zazwyczaj od jednego do dw\u00f3ch razy w tygodniu.<\/p>\n<p>W naszej odpowiednio wyposa\u017conej sali do \u0107wicze\u0144, dzieci pracuj\u0105 pod opiek\u0105 wykwalifikowanego fizjoterapeuty, kt\u00f3ry w przyjaznej i bezpiecznej atmosferze wspiera ich rozw\u00f3j ruchowy, dbaj\u0105c o prawid\u0142ow\u0105 postaw\u0119 cia\u0142a i harmonijny rozw\u00f3j ca\u0142ego organizmu.[\/vc_column_text][vc_gallery type=&#8221;image_grid&#8221; images=&#8221;24290,24291,24292,24293&#8243;][\/vc_tta_section][\/vc_tta_tabs][\/vc_column][\/vc_row]<\/p>\n","protected":false},"excerpt":{"rendered":"<p>[vc_row][vc_column][na_tytul tytuln=&#8221;POMOC PSYCHOLOGICZNO &#8211; PEDAGOGICZNA&#8221;][vc_tta_tabs active_section=&#8221;100&#8243; css_animation=&#8221;none&#8221; el_class=&#8221;zaj_dodatkowe&#8221;][vc_tta_section title=&#8221;ZAJ\u0118CIA LOGOPEDYCZNE&#8221; tab_id=&#8221;zajecialogopedyczne&#8221; el_class=&#8221;aaaaaaaa&#8221;][vc_column_text] ZAJ\u0118CIA LOGOPEDYCZNE Na prze\u0142omie wrze\u015bnia i pa\u017adziernika w przedszkolu przeprowadzane jest przesiewowe badanie mowy. W efekcie tego badania na zaj\u0119cia logopedyczne na terenie naszego przedszkola zostaj\u0105 zakwalifikowane dzieci ,kt\u00f3re maja k\u0142opoty w komunikacji werbalnej. Te dzieci uczestnicz\u0105 w indywidualnej terapii. Na zaj\u0119ciach prowadzone<\/p>\n","protected":false},"author":2,"featured_media":0,"parent":13572,"menu_order":0,"comment_status":"closed","ping_status":"closed","template":"","meta":[],"yoast_head":"<!-- This site is optimized with the Yoast SEO plugin v18.2 - https:\/\/yoast.com\/wordpress\/plugins\/seo\/ -->\n<title>POMOC PSYCHOLOGICZNO-PEDAGOGICZNA - Katolicki Zesp\u00f3\u0142 Edukacyjny - Niepubliczne przedszkole<\/title>\n<meta name=\"description\" content=\"ZAJ\u0118CIA LOGOPEDYCZNE Na prze\u0142omie wrze\u015bnia i pa\u017adziernika w przedszkolu przeprowadzane jest przesiewowe badanie mowy. W efekcie tego badania na zaj\u0119cia\" \/>\n<meta name=\"robots\" content=\"index, follow, max-snippet:-1, max-image-preview:large, max-video-preview:-1\" \/>\n<link rel=\"canonical\" href=\"https:\/\/www.zsk.olsztyn.pl\/przedszkole\/oferta\/pomoc-psychologiczno-pedagogiczna\/\" \/>\n<meta name=\"twitter:label1\" content=\"Szacowany czas czytania\" \/>\n\t<meta name=\"twitter:data1\" content=\"9 minut\" \/>\n<script type=\"application\/ld+json\" class=\"yoast-schema-graph\">{\"@context\":\"https:\/\/schema.org\",\"@graph\":[{\"@type\":\"WebSite\",\"@id\":\"https:\/\/www.zsk.olsztyn.pl\/przedszkole\/#website\",\"url\":\"https:\/\/www.zsk.olsztyn.pl\/przedszkole\/\",\"name\":\"Katolicki Zesp\u00f3\u0142 Edukacyjny - Niepubliczne przedszkole\",\"description\":\"Zapraszamy na stron\u0119 katolickiego niepublicznego przedszkola\",\"potentialAction\":[{\"@type\":\"SearchAction\",\"target\":{\"@type\":\"EntryPoint\",\"urlTemplate\":\"https:\/\/www.zsk.olsztyn.pl\/przedszkole\/?s={search_term_string}\"},\"query-input\":\"required name=search_term_string\"}],\"inLanguage\":\"pl-PL\"},{\"@type\":\"WebPage\",\"@id\":\"https:\/\/www.zsk.olsztyn.pl\/przedszkole\/oferta\/pomoc-psychologiczno-pedagogiczna\/#webpage\",\"url\":\"https:\/\/www.zsk.olsztyn.pl\/przedszkole\/oferta\/pomoc-psychologiczno-pedagogiczna\/\",\"name\":\"POMOC PSYCHOLOGICZNO-PEDAGOGICZNA - Katolicki Zesp\u00f3\u0142 Edukacyjny - Niepubliczne przedszkole\",\"isPartOf\":{\"@id\":\"https:\/\/www.zsk.olsztyn.pl\/przedszkole\/#website\"},\"datePublished\":\"2022-02-22T23:22:57+00:00\",\"dateModified\":\"2026-02-22T22:24:57+00:00\",\"description\":\"ZAJ\u0118CIA LOGOPEDYCZNE Na prze\u0142omie wrze\u015bnia i pa\u017adziernika w przedszkolu przeprowadzane jest przesiewowe badanie mowy. W efekcie tego badania na zaj\u0119cia\",\"breadcrumb\":{\"@id\":\"https:\/\/www.zsk.olsztyn.pl\/przedszkole\/oferta\/pomoc-psychologiczno-pedagogiczna\/#breadcrumb\"},\"inLanguage\":\"pl-PL\",\"potentialAction\":[{\"@type\":\"ReadAction\",\"target\":[\"https:\/\/www.zsk.olsztyn.pl\/przedszkole\/oferta\/pomoc-psychologiczno-pedagogiczna\/\"]}]},{\"@type\":\"BreadcrumbList\",\"@id\":\"https:\/\/www.zsk.olsztyn.pl\/przedszkole\/oferta\/pomoc-psychologiczno-pedagogiczna\/#breadcrumb\",\"itemListElement\":[{\"@type\":\"ListItem\",\"position\":1,\"name\":\"Strona g\u0142\u00f3wna\",\"item\":\"https:\/\/www.zsk.olsztyn.pl\/przedszkole\/\"},{\"@type\":\"ListItem\",\"position\":2,\"name\":\"Oferta\",\"item\":\"https:\/\/www.zsk.olsztyn.pl\/przedszkole\/oferta\/\"},{\"@type\":\"ListItem\",\"position\":3,\"name\":\"POMOC PSYCHOLOGICZNO-PEDAGOGICZNA\"}]}]}<\/script>\n<!-- \/ Yoast SEO plugin. -->","yoast_head_json":{"title":"POMOC PSYCHOLOGICZNO-PEDAGOGICZNA - Katolicki Zesp\u00f3\u0142 Edukacyjny - Niepubliczne przedszkole","description":"ZAJ\u0118CIA LOGOPEDYCZNE Na prze\u0142omie wrze\u015bnia i pa\u017adziernika w przedszkolu przeprowadzane jest przesiewowe badanie mowy. W efekcie tego badania na zaj\u0119cia","robots":{"index":"index","follow":"follow","max-snippet":"max-snippet:-1","max-image-preview":"max-image-preview:large","max-video-preview":"max-video-preview:-1"},"canonical":"https:\/\/www.zsk.olsztyn.pl\/przedszkole\/oferta\/pomoc-psychologiczno-pedagogiczna\/","twitter_misc":{"Szacowany czas czytania":"9 minut"},"schema":{"@context":"https:\/\/schema.org","@graph":[{"@type":"WebSite","@id":"https:\/\/www.zsk.olsztyn.pl\/przedszkole\/#website","url":"https:\/\/www.zsk.olsztyn.pl\/przedszkole\/","name":"Katolicki Zesp\u00f3\u0142 Edukacyjny - Niepubliczne przedszkole","description":"Zapraszamy na stron\u0119 katolickiego niepublicznego przedszkola","potentialAction":[{"@type":"SearchAction","target":{"@type":"EntryPoint","urlTemplate":"https:\/\/www.zsk.olsztyn.pl\/przedszkole\/?s={search_term_string}"},"query-input":"required name=search_term_string"}],"inLanguage":"pl-PL"},{"@type":"WebPage","@id":"https:\/\/www.zsk.olsztyn.pl\/przedszkole\/oferta\/pomoc-psychologiczno-pedagogiczna\/#webpage","url":"https:\/\/www.zsk.olsztyn.pl\/przedszkole\/oferta\/pomoc-psychologiczno-pedagogiczna\/","name":"POMOC PSYCHOLOGICZNO-PEDAGOGICZNA - Katolicki Zesp\u00f3\u0142 Edukacyjny - Niepubliczne przedszkole","isPartOf":{"@id":"https:\/\/www.zsk.olsztyn.pl\/przedszkole\/#website"},"datePublished":"2022-02-22T23:22:57+00:00","dateModified":"2026-02-22T22:24:57+00:00","description":"ZAJ\u0118CIA LOGOPEDYCZNE Na prze\u0142omie wrze\u015bnia i pa\u017adziernika w przedszkolu przeprowadzane jest przesiewowe badanie mowy. W efekcie tego badania na zaj\u0119cia","breadcrumb":{"@id":"https:\/\/www.zsk.olsztyn.pl\/przedszkole\/oferta\/pomoc-psychologiczno-pedagogiczna\/#breadcrumb"},"inLanguage":"pl-PL","potentialAction":[{"@type":"ReadAction","target":["https:\/\/www.zsk.olsztyn.pl\/przedszkole\/oferta\/pomoc-psychologiczno-pedagogiczna\/"]}]},{"@type":"BreadcrumbList","@id":"https:\/\/www.zsk.olsztyn.pl\/przedszkole\/oferta\/pomoc-psychologiczno-pedagogiczna\/#breadcrumb","itemListElement":[{"@type":"ListItem","position":1,"name":"Strona g\u0142\u00f3wna","item":"https:\/\/www.zsk.olsztyn.pl\/przedszkole\/"},{"@type":"ListItem","position":2,"name":"Oferta","item":"https:\/\/www.zsk.olsztyn.pl\/przedszkole\/oferta\/"},{"@type":"ListItem","position":3,"name":"POMOC PSYCHOLOGICZNO-PEDAGOGICZNA"}]}]}},"_links":{"self":[{"href":"https:\/\/www.zsk.olsztyn.pl\/przedszkole\/wp-json\/wp\/v2\/pages\/14004"}],"collection":[{"href":"https:\/\/www.zsk.olsztyn.pl\/przedszkole\/wp-json\/wp\/v2\/pages"}],"about":[{"href":"https:\/\/www.zsk.olsztyn.pl\/przedszkole\/wp-json\/wp\/v2\/types\/page"}],"author":[{"embeddable":true,"href":"https:\/\/www.zsk.olsztyn.pl\/przedszkole\/wp-json\/wp\/v2\/users\/2"}],"replies":[{"embeddable":true,"href":"https:\/\/www.zsk.olsztyn.pl\/przedszkole\/wp-json\/wp\/v2\/comments?post=14004"}],"version-history":[{"count":23,"href":"https:\/\/www.zsk.olsztyn.pl\/przedszkole\/wp-json\/wp\/v2\/pages\/14004\/revisions"}],"predecessor-version":[{"id":24307,"href":"https:\/\/www.zsk.olsztyn.pl\/przedszkole\/wp-json\/wp\/v2\/pages\/14004\/revisions\/24307"}],"up":[{"embeddable":true,"href":"https:\/\/www.zsk.olsztyn.pl\/przedszkole\/wp-json\/wp\/v2\/pages\/13572"}],"wp:attachment":[{"href":"https:\/\/www.zsk.olsztyn.pl\/przedszkole\/wp-json\/wp\/v2\/media?parent=14004"}],"curies":[{"name":"wp","href":"https:\/\/api.w.org\/{rel}","templated":true}]}}