{"id":13587,"date":"2022-02-10T00:48:39","date_gmt":"2022-02-09T22:48:39","guid":{"rendered":"http:\/\/www.zsk.olsztyn.pl\/przedszkole\/?page_id=13587"},"modified":"2025-08-28T03:30:52","modified_gmt":"2025-08-28T01:30:52","slug":"3-latki","status":"publish","type":"page","link":"https:\/\/www.zsk.olsztyn.pl\/przedszkole\/aktualnosci\/3-latki\/","title":{"rendered":"3 Latki"},"content":{"rendered":"<p>[vc_row][vc_column][na_tytul tytul=&#8221;Aktualno\u015bci&#8221; tytuln=&#8221;Aktualno\u015bci&#8221;][vc_raw_html]JTNDZGl2JTIwY2xhc3MlM0QlMjJrYXRfbWVudSUyMiUzRSUwQSUyMCUzQ3VsJTNFJTBBJTIwJTIwJTNDbGklMjBjbGFzcyUzRCUyMmN1ciUyMiUzRSUzQ2ElMjBocmVmJTNEJTIyJTJGcHJ6ZWRzemtvbGUlMkZha3R1YWxub3NjaSUyRiUyMiUzRTMlMjBMYXRraSUzQyUyRmElM0UlM0MlMkZsaSUzRSUwQSUyMCUyMCUzQ2xpJTNFJTNDYSUyMGhyZWYlM0QlMjIlMkZwcnplZHN6a29sZSUyRmFrdHVhbG5vc2NpJTJGNC1sYXRraSUyRiUyMiUzRTQlMjBMYXRraSUzQyUyRmElM0UlM0MlMkZsaSUzRSUwQSUyMCUyMCUzQ2xpJTNFJTNDYSUyMGhyZWYlM0QlMjIlMkZwcnplZHN6a29sZSUyRmFrdHVhbG5vc2NpJTJGNS1sYXRraSUyRiUyMiUzRTUlMjBMYXRraSUzQyUyRmElM0UlM0MlMkZsaSUzRSUwQSUyMCUyMCUzQ2xpJTNFJTNDYSUyMGhyZWYlM0QlMjIlMkZwcnplZHN6a29sZSUyRmFrdHVhbG5vc2NpJTJGNi1sYXRraSUyRiUyMiUzRTYlMjBMYXRraSUzQyUyRmElM0UlM0MlMkZsaSUzRSUwQSUyMCUzQyUyRnVsJTNFJTBBJTNDJTJGZGl2JTNF[\/vc_raw_html]<div class=\"blog-wrapper blog-style-1 blog-light\" data-css=\"&quot;&quot;\"><div class=\"row\"><div class=\"col-lg-4 col-md-4\"><div class=\"blog-inner\"><div class=\"post-thumb\"><img width=\"350\" height=\"250\" src=\"https:\/\/www.zsk.olsztyn.pl\/przedszkole\/wp-content\/uploads\/2026\/03\/Ikona-zlocona-Zmartwychwstanie-Pana-Jezusa-17-x-23-ksiegarnia-religijna-350x250.jpg\" class=\"img-fluid wp-post-image\" alt=\"\" loading=\"lazy\" \/><\/div><!-- .post-thumb --><div class=\"entry-title\"><h3><a href=\"https:\/\/www.zsk.olsztyn.pl\/przedszkole\/zyczenia-6\/\" class=\"post-title\">\u017bYCZENIA<\/a><\/h3><\/div><!-- .entry-title --><div class=\"post-excerpt\"><p>[vc_row][vc_column][vc_column_text] \u201eWy wszyscy, kt\u00f3rzy gdziekolwiek wst\u0119pujecie w mroki \u015bmierci, s\u0142uchajcie: Chrystus zmartwychwsta\u0142!\u201d Jan Pawe\u0142 II,<\/p>\n ..<\/div><!-- .post-excerpt --><\/div><!-- .blog-inner --><\/div><!-- .cols --><div class=\"col-lg-4 col-md-4\"><div class=\"blog-inner\"><div class=\"post-thumb\"><img width=\"350\" height=\"250\" src=\"https:\/\/www.zsk.olsztyn.pl\/przedszkole\/wp-content\/uploads\/2026\/03\/istockphoto-1217792168-170667a-350x250.jpg\" class=\"img-fluid wp-post-image\" alt=\"\" loading=\"lazy\" \/><\/div><!-- .post-thumb --><div class=\"entry-title\"><h3><a href=\"https:\/\/www.zsk.olsztyn.pl\/przedszkole\/kapelusz-pani-wiosny\/\" class=\"post-title\">KAPELUSZ PANI WIOSNY<\/a><\/h3><\/div><!-- .entry-title --><div class=\"post-excerpt\"><p>[vc_row][vc_column][vc_column_text]Dnia 20 marca w grupie 3-latk\u00f3w odby\u0142o si\u0119 uroczyste rozstrzygni\u0119cie konkursu \u201eKapelusz\/wianek Pani Wiosny\u201d. Od<\/p>\n ..<\/div><!-- .post-excerpt --><\/div><!-- .blog-inner --><\/div><!-- .cols --><div class=\"col-lg-4 col-md-4\"><div class=\"blog-inner\"><div class=\"entry-title\"><h3><a href=\"https:\/\/www.zsk.olsztyn.pl\/przedszkole\/dzien-otwart\/\" class=\"post-title\">DZIE\u0143 OTWART<\/a><\/h3><\/div><!-- .entry-title --><div class=\"post-excerpt\"><p>[vc_row][vc_column][vc_column_text]W ostatni\u0105 sobot\u0119 lutego jak co roku w Niepublicznym Przedszkolu im. \u015awi\u0119tej Rodziny w Olsztynie<\/p>\n ..<\/div><!-- .post-excerpt --><\/div><!-- .blog-inner --><\/div><!-- .cols --><\/div><!-- .row --><div class=\"row\"><div class=\"col-lg-4 col-md-4\"><div class=\"blog-inner\"><div class=\"post-thumb\"><img width=\"350\" height=\"250\" src=\"https:\/\/www.zsk.olsztyn.pl\/przedszkole\/wp-content\/uploads\/2024\/02\/dino-350x250.jpg\" class=\"img-fluid wp-post-image\" alt=\"\" loading=\"lazy\" \/><\/div><!-- .post-thumb --><div class=\"entry-title\"><h3><a href=\"https:\/\/www.zsk.olsztyn.pl\/przedszkole\/swiat-dinozaurow-2\/\" class=\"post-title\">\u015aWIAT DINOZAUR\u00d3W<\/a><\/h3><\/div><!-- .entry-title --><div class=\"post-excerpt\"><p>[vc_row][vc_column][vc_column_text]W minionym tygodniu nasza sala zamieni\u0142a si\u0119 w prawdziw\u0105 krain\u0119 prehistorycznych przyg\u00f3d! Dzieci wyruszy\u0142y w<\/p>\n ..<\/div><!-- .post-excerpt --><\/div><!-- .blog-inner --><\/div><!-- .cols --><div class=\"col-lg-4 col-md-4\"><div class=\"blog-inner\"><div class=\"post-thumb\"><img width=\"350\" height=\"250\" src=\"https:\/\/www.zsk.olsztyn.pl\/przedszkole\/wp-content\/uploads\/2025\/02\/bal-karnawalowy-2-baner-do-szkoly-i-przedszkola-350x250.jpg\" class=\"img-fluid wp-post-image\" alt=\"\" loading=\"lazy\" \/><\/div><!-- .post-thumb --><div class=\"entry-title\"><h3><a href=\"https:\/\/www.zsk.olsztyn.pl\/przedszkole\/bal-karnawalowy-14\/\" class=\"post-title\">BAL KARNAWA\u0141OWY<\/a><\/h3><\/div><!-- .entry-title --><div class=\"post-excerpt\"><p>[vc_row][vc_column][vc_column_text]Dnia 11.02 odby\u0142 si\u0119 w naszym przedszkolu, d\u0142ugo wyczekiwany bal karnawa\u0142owy. W tym roku, bal<\/p>\n ..<\/div><!-- .post-excerpt --><\/div><!-- .blog-inner --><\/div><!-- .cols --><div class=\"col-lg-4 col-md-4\"><div class=\"blog-inner\"><div class=\"post-thumb\"><img width=\"350\" height=\"250\" src=\"https:\/\/www.zsk.olsztyn.pl\/przedszkole\/wp-content\/uploads\/2025\/01\/pol_pl_Wszystkiego-najlepszego-bilecik-na-Dzien-Babci-i-Dziadka-524579_2-350x250.png\" class=\"img-fluid wp-post-image\" alt=\"\" loading=\"lazy\" \/><\/div><!-- .post-thumb --><div class=\"entry-title\"><h3><a href=\"https:\/\/www.zsk.olsztyn.pl\/przedszkole\/dzien-babci-i-dziadka-7\/\" class=\"post-title\">DZIE\u0143 BABCI I DZIADKA<\/a><\/h3><\/div><!-- .entry-title --><div class=\"post-excerpt\"><p>[vc_row][vc_column][vc_column_text]\u201e Dziadkowie to korzenie, z kt\u00f3rych wyrasta ca\u0142a rodzina\u201d W miesi\u0105cu lutym w grupach przedszkolnych<\/p>\n ..<\/div><!-- .post-excerpt --><\/div><!-- .blog-inner --><\/div><!-- .cols --><\/div><!-- .row --><div class=\"row\"><div class=\"col-lg-4 col-md-4\"><div class=\"blog-inner\"><div class=\"post-thumb\"><img width=\"350\" height=\"250\" src=\"https:\/\/www.zsk.olsztyn.pl\/przedszkole\/wp-content\/uploads\/2026\/02\/454-3909-350x250.jpg\" class=\"img-fluid wp-post-image\" alt=\"\" loading=\"lazy\" \/><\/div><!-- .post-thumb --><div class=\"entry-title\"><h3><a href=\"https:\/\/www.zsk.olsztyn.pl\/przedszkole\/ii-tydzien-ferii\/\" class=\"post-title\">II TYDZIE\u0143 FERII<\/a><\/h3><\/div><!-- .entry-title --><div class=\"post-excerpt\"><p>[vc_row][vc_column][vc_column_text]Drugi tydzie\u0144 ferii zimowych up\u0142yn\u0105\u0142 nam w zimowej atmosferze. Pierwszego dnia dzieci wzi\u0119\u0142y udzia\u0142 w<\/p>\n ..<\/div><!-- .post-excerpt --><\/div><!-- .blog-inner --><\/div><!-- .cols --><div class=\"col-lg-4 col-md-4\"><div class=\"blog-inner\"><div class=\"post-thumb\"><img width=\"350\" height=\"250\" src=\"https:\/\/www.zsk.olsztyn.pl\/przedszkole\/wp-content\/uploads\/2024\/12\/1911_ikona-350x250.jpg\" class=\"img-fluid wp-post-image\" alt=\"\" loading=\"lazy\" \/><\/div><!-- .post-thumb --><div class=\"entry-title\"><h3><a href=\"https:\/\/www.zsk.olsztyn.pl\/przedszkole\/zyczenia-5\/\" class=\"post-title\">\u017bYCZENIA<\/a><\/h3><\/div><!-- .entry-title --><div class=\"post-excerpt\"><p>[vc_row][vc_column][vc_column_text]\u00a0 \u00a0 \u00a0 \u00a0 \u00a0 \u00a0 \u00a0 \u00a0 \u00a0 \u00a0 \u00a0 \u00a0 \u00a0 \u00a0 \u00a0<\/p>\n ..<\/div><!-- .post-excerpt --><\/div><!-- .blog-inner --><\/div><!-- .cols --><div class=\"col-lg-4 col-md-4\"><div class=\"blog-inner\"><div class=\"post-thumb\"><img width=\"350\" height=\"250\" src=\"https:\/\/www.zsk.olsztyn.pl\/przedszkole\/wp-content\/uploads\/2024\/12\/choinka-1-350x250.jpg\" class=\"img-fluid wp-post-image\" alt=\"\" loading=\"lazy\" \/><\/div><!-- .post-thumb --><div class=\"entry-title\"><h3><a href=\"https:\/\/www.zsk.olsztyn.pl\/przedszkole\/przygotowania-swiateczne\/\" class=\"post-title\">PRZYGOTOWANIA \u015aWI\u0104TECZNE<\/a><\/h3><\/div><!-- .entry-title --><div class=\"post-excerpt\"><p>[vc_row][vc_column][vc_column_text]Grudzie\u0144 to czas radosnych przygotowa\u0144 do \u015awi\u0105t Bo\u017cego Narodzenia oraz spotkania ze \u015awi\u0119tym Miko\u0142ajem. W<\/p>\n ..<\/div><!-- .post-excerpt --><\/div><!-- .blog-inner --><\/div><!-- .cols --><\/div><!-- .row --><div class=\"row\"><div class=\"col-lg-4 col-md-4\"><div class=\"blog-inner\"><div class=\"post-thumb\"><img width=\"350\" height=\"250\" src=\"https:\/\/www.zsk.olsztyn.pl\/przedszkole\/wp-content\/uploads\/2025\/11\/p_37501_1-350x250.jpg\" class=\"img-fluid wp-post-image\" alt=\"\" loading=\"lazy\" \/><\/div><!-- .post-thumb --><div class=\"entry-title\"><h3><a href=\"https:\/\/www.zsk.olsztyn.pl\/przedszkole\/dzien-pluszowego-misia-6\/\" class=\"post-title\">DZIE\u0143 PLUSZOWEGO MISIA<\/a><\/h3><\/div><!-- .entry-title --><div class=\"post-excerpt\"><p>[vc_row][vc_column][vc_column_text]25 listopada \u015bwi\u0119towali\u015bmy Dzie\u0144 Pluszowego Misia. Dzieci przynios\u0142y do przedszkola swoje ukochane pluszaki. Ka\u017cdy mi\u015b<\/p>\n ..<\/div><!-- .post-excerpt --><\/div><!-- .blog-inner --><\/div><!-- .cols --><div class=\"col-lg-4 col-md-4\"><div class=\"blog-inner\"><div class=\"post-thumb\"><img width=\"266\" height=\"189\" src=\"https:\/\/www.zsk.olsztyn.pl\/przedszkole\/wp-content\/uploads\/2024\/11\/pobrane.png\" class=\"img-fluid wp-post-image\" alt=\"\" loading=\"lazy\" \/><\/div><!-- .post-thumb --><div class=\"entry-title\"><h3><a href=\"https:\/\/www.zsk.olsztyn.pl\/przedszkole\/do-hymnu\/\" class=\"post-title\">DO HYMNU<\/a><\/h3><\/div><!-- .entry-title --><div class=\"post-excerpt\"><p>[vc_row][vc_column][vc_column_text]Dzie\u0144 7 listopada o godzinie 11:11 by\u0142 dla naszej spo\u0142eczno\u015bci przedszkolnej dniem bardzo szczeg\u00f3lnym, bowiem<\/p>\n ..<\/div><!-- .post-excerpt --><\/div><!-- .blog-inner --><\/div><!-- .cols --><div class=\"col-lg-4 col-md-4\"><div class=\"blog-inner\"><div class=\"post-thumb\"><img width=\"350\" height=\"250\" src=\"https:\/\/www.zsk.olsztyn.pl\/przedszkole\/wp-content\/uploads\/2025\/11\/528-4684-350x250.png\" class=\"img-fluid wp-post-image\" alt=\"\" loading=\"lazy\" \/><\/div><!-- .post-thumb --><div class=\"entry-title\"><h3><a href=\"https:\/\/www.zsk.olsztyn.pl\/przedszkole\/dzien-postaci-z-bajek-2\/\" class=\"post-title\">DZIE\u0143 POSTACI Z BAJEK<\/a><\/h3><\/div><!-- .entry-title --><div class=\"post-excerpt\"><p>[vc_row][vc_column][vc_column_text] \u201eDzie\u0144 Postaci z Bajek\u201d trzylatki i ich panie \u015bwi\u0119towa\u0142y przebrane w przepi\u0119kne bajkowe stroje.<\/p>\n ..<\/div><!-- .post-excerpt --><\/div><!-- .blog-inner --><\/div><!-- .cols --><\/div><!-- .row --><div class=\"blog-pagination\"><div class=\"post-pagination-wrap\"><ul class=\"nav pagination post-pagination justify-content-center\"><li class=\"nav-item active\"><span class=\"active\">1<\/span><\/li><li class=\"nav-item\"><a href=\"https:\/\/www.zsk.olsztyn.pl\/przedszkole\/wp-json\/wp\/v2\/pages\/13587\/page\/2\/\">2<\/a><\/li><li class=\"nav-item nnext\"><a href=\"https:\/\/www.zsk.olsztyn.pl\/przedszkole\/wp-json\/wp\/v2\/pages\/13587\/page\/2\/\" class=\"next-page\" title=\"next\">&gt;<\/a><\/li><li class=\"nav-item next\"><a href=\"https:\/\/www.zsk.olsztyn.pl\/przedszkole\/wp-json\/wp\/v2\/pages\/13587\/page\/2\/\" title=\"Last\">&gt;&gt;<\/a><\/li><\/ul><\/div><\/div><!-- blog-pagination --><\/div><!-- .blog-wrapper -->[vc_raw_html]JTNDZGl2JTIwY2xhc3MlM0QlMjJrYXRfbWVudXAlMjIlM0UlMEElMjAlM0N1bCUzRSUwQSUyMCUyMCUzQ2xpJTNFJTNDYSUyMGhyZWYlM0QlMjIlMkZwcnplZHN6a29sZSUyRmFrdHVhbG5vc2NpLTIwMjQlMkYzLWxhdGtpJTJGJTIyJTNFQXJjaGl3dW0lMjAyMDI0JTNDJTJGYSUzRSUzQyUyRmxpJTNFJTBBJTIwJTIwJTNDbGklM0UlM0NhJTIwaHJlZiUzRCUyMiUyRnByemVkc3prb2xlJTJGYWt0dWFsbm9zY2ktMjAyMyUyRjMtbGF0a2klMkYlMjIlM0VBcmNoaXd1bSUyMDIwMjMlM0MlMkZhJTNFJTNDJTJGbGklM0UlMEElMjAlMjAlM0NsaSUzRSUzQ2ElMjBocmVmJTNEJTIyJTJGcHJ6ZWRzemtvbGUlMkZha3R1YWxub3NjaS0yMDIyJTJGMy1sYXRraSUyRiUyMiUzRUFyY2hpd3VtJTIwMjAyMiUzQyUyRmElM0UlM0MlMkZsaSUzRSUwQSUyMCUyMCUzQ2xpJTNFJTNDYSUyMGhyZWYlM0QlMjIlMkZwcnplZHN6a29sZSUyRmFrdHVhbG5vc2NpLTIwMjElMkYzLWxhdGtpJTJGJTIyJTNFQXJjaGl3dW0lMjAyMDIxJTNDJTJGYSUzRSUzQyUyRmxpJTNFJTBBJTIwJTNDJTJGdWwlM0UlMEElM0MlMkZkaXYlM0U=[\/vc_raw_html][\/vc_column][\/vc_row]<\/p>\n","protected":false},"excerpt":{"rendered":"<p>[vc_row][vc_column][na_tytul tytul=&#8221;Aktualno\u015bci&#8221; tytuln=&#8221;Aktualno\u015bci&#8221;][vc_raw_html]JTNDZGl2JTIwY2xhc3MlM0QlMjJrYXRfbWVudSUyMiUzRSUwQSUyMCUzQ3VsJTNFJTBBJTIwJTIwJTNDbGklMjBjbGFzcyUzRCUyMmN1ciUyMiUzRSUzQ2ElMjBocmVmJTNEJTIyJTJGcHJ6ZWRzemtvbGUlMkZha3R1YWxub3NjaSUyRiUyMiUzRTMlMjBMYXRraSUzQyUyRmElM0UlM0MlMkZsaSUzRSUwQSUyMCUyMCUzQ2xpJTNFJTNDYSUyMGhyZWYlM0QlMjIlMkZwcnplZHN6a29sZSUyRmFrdHVhbG5vc2NpJTJGNC1sYXRraSUyRiUyMiUzRTQlMjBMYXRraSUzQyUyRmElM0UlM0MlMkZsaSUzRSUwQSUyMCUyMCUzQ2xpJTNFJTNDYSUyMGhyZWYlM0QlMjIlMkZwcnplZHN6a29sZSUyRmFrdHVhbG5vc2NpJTJGNS1sYXRraSUyRiUyMiUzRTUlMjBMYXRraSUzQyUyRmElM0UlM0MlMkZsaSUzRSUwQSUyMCUyMCUzQ2xpJTNFJTNDYSUyMGhyZWYlM0QlMjIlMkZwcnplZHN6a29sZSUyRmFrdHVhbG5vc2NpJTJGNi1sYXRraSUyRiUyMiUzRTYlMjBMYXRraSUzQyUyRmElM0UlM0MlMkZsaSUzRSUwQSUyMCUzQyUyRnVsJTNFJTBBJTNDJTJGZGl2JTNF[\/vc_raw_html][vc_raw_html]JTNDZGl2JTIwY2xhc3MlM0QlMjJrYXRfbWVudXAlMjIlM0UlMEElMjAlM0N1bCUzRSUwQSUyMCUyMCUzQ2xpJTNFJTNDYSUyMGhyZWYlM0QlMjIlMkZwcnplZHN6a29sZSUyRmFrdHVhbG5vc2NpLTIwMjQlMkYzLWxhdGtpJTJGJTIyJTNFQXJjaGl3dW0lMjAyMDI0JTNDJTJGYSUzRSUzQyUyRmxpJTNFJTBBJTIwJTIwJTNDbGklM0UlM0NhJTIwaHJlZiUzRCUyMiUyRnByemVkc3prb2xlJTJGYWt0dWFsbm9zY2ktMjAyMyUyRjMtbGF0a2klMkYlMjIlM0VBcmNoaXd1bSUyMDIwMjMlM0MlMkZhJTNFJTNDJTJGbGklM0UlMEElMjAlMjAlM0NsaSUzRSUzQ2ElMjBocmVmJTNEJTIyJTJGcHJ6ZWRzemtvbGUlMkZha3R1YWxub3NjaS0yMDIyJTJGMy1sYXRraSUyRiUyMiUzRUFyY2hpd3VtJTIwMjAyMiUzQyUyRmElM0UlM0MlMkZsaSUzRSUwQSUyMCUyMCUzQ2xpJTNFJTNDYSUyMGhyZWYlM0QlMjIlMkZwcnplZHN6a29sZSUyRmFrdHVhbG5vc2NpLTIwMjElMkYzLWxhdGtpJTJGJTIyJTNFQXJjaGl3dW0lMjAyMDIxJTNDJTJGYSUzRSUzQyUyRmxpJTNFJTBBJTIwJTNDJTJGdWwlM0UlMEElM0MlMkZkaXYlM0U=[\/vc_raw_html][\/vc_column][\/vc_row]<\/p>\n","protected":false},"author":2,"featured_media":0,"parent":13577,"menu_order":0,"comment_status":"closed","ping_status":"closed","template":"","meta":[],"yoast_head":"<!-- This site is optimized with the Yoast SEO plugin v18.2 - https:\/\/yoast.com\/wordpress\/plugins\/seo\/ -->\n<title>3 Latki - Katolicki Zesp\u00f3\u0142 Edukacyjny - Niepubliczne przedszkole<\/title>\n<meta name=\"description\" content=\"JTNDZGl2JTIwY2xhc3MlM0QlMjJrYXRfbWVudSUyMiUzRSUwQSUyMCUzQ3VsJTNFJTBBJTIwJTIwJTNDbGklMjBjbGFzcyUzRCUyMmN1ciUyMiUzRSUzQ2ElMjBocmVmJTNEJTIyJTJGcHJ6ZWRzemtvbGUl\" \/>\n<meta name=\"robots\" content=\"index, follow, max-snippet:-1, max-image-preview:large, max-video-preview:-1\" \/>\n<link rel=\"canonical\" href=\"https:\/\/www.zsk.olsztyn.pl\/przedszkole\/aktualnosci\/3-latki\/\" \/>\n<meta name=\"twitter:label1\" content=\"Szacowany czas czytania\" \/>\n\t<meta name=\"twitter:data1\" content=\"1 minuta\" \/>\n<script type=\"application\/ld+json\" class=\"yoast-schema-graph\">{\"@context\":\"https:\/\/schema.org\",\"@graph\":[{\"@type\":\"WebSite\",\"@id\":\"https:\/\/www.zsk.olsztyn.pl\/przedszkole\/#website\",\"url\":\"https:\/\/www.zsk.olsztyn.pl\/przedszkole\/\",\"name\":\"Katolicki Zesp\u00f3\u0142 Edukacyjny - Niepubliczne przedszkole\",\"description\":\"Zapraszamy na stron\u0119 katolickiego niepublicznego przedszkola\",\"potentialAction\":[{\"@type\":\"SearchAction\",\"target\":{\"@type\":\"EntryPoint\",\"urlTemplate\":\"https:\/\/www.zsk.olsztyn.pl\/przedszkole\/?s={search_term_string}\"},\"query-input\":\"required name=search_term_string\"}],\"inLanguage\":\"pl-PL\"},{\"@type\":\"WebPage\",\"@id\":\"https:\/\/www.zsk.olsztyn.pl\/przedszkole\/aktualnosci\/3-latki\/#webpage\",\"url\":\"https:\/\/www.zsk.olsztyn.pl\/przedszkole\/aktualnosci\/3-latki\/\",\"name\":\"3 Latki - Katolicki Zesp\u00f3\u0142 Edukacyjny - Niepubliczne przedszkole\",\"isPartOf\":{\"@id\":\"https:\/\/www.zsk.olsztyn.pl\/przedszkole\/#website\"},\"datePublished\":\"2022-02-09T22:48:39+00:00\",\"dateModified\":\"2025-08-28T01:30:52+00:00\",\"description\":\"JTNDZGl2JTIwY2xhc3MlM0QlMjJrYXRfbWVudSUyMiUzRSUwQSUyMCUzQ3VsJTNFJTBBJTIwJTIwJTNDbGklMjBjbGFzcyUzRCUyMmN1ciUyMiUzRSUzQ2ElMjBocmVmJTNEJTIyJTJGcHJ6ZWRzemtvbGUl\",\"breadcrumb\":{\"@id\":\"https:\/\/www.zsk.olsztyn.pl\/przedszkole\/aktualnosci\/3-latki\/#breadcrumb\"},\"inLanguage\":\"pl-PL\",\"potentialAction\":[{\"@type\":\"ReadAction\",\"target\":[\"https:\/\/www.zsk.olsztyn.pl\/przedszkole\/aktualnosci\/3-latki\/\"]}]},{\"@type\":\"BreadcrumbList\",\"@id\":\"https:\/\/www.zsk.olsztyn.pl\/przedszkole\/aktualnosci\/3-latki\/#breadcrumb\",\"itemListElement\":[{\"@type\":\"ListItem\",\"position\":1,\"name\":\"Strona g\u0142\u00f3wna\",\"item\":\"https:\/\/www.zsk.olsztyn.pl\/przedszkole\/\"},{\"@type\":\"ListItem\",\"position\":2,\"name\":\"Aktualno\u015bci\",\"item\":\"https:\/\/www.zsk.olsztyn.pl\/przedszkole\/aktualnosci\/\"},{\"@type\":\"ListItem\",\"position\":3,\"name\":\"3 Latki\"}]}]}<\/script>\n<!-- \/ Yoast SEO plugin. -->","yoast_head_json":{"title":"3 Latki - Katolicki Zesp\u00f3\u0142 Edukacyjny - Niepubliczne przedszkole","description":"JTNDZGl2JTIwY2xhc3MlM0QlMjJrYXRfbWVudSUyMiUzRSUwQSUyMCUzQ3VsJTNFJTBBJTIwJTIwJTNDbGklMjBjbGFzcyUzRCUyMmN1ciUyMiUzRSUzQ2ElMjBocmVmJTNEJTIyJTJGcHJ6ZWRzemtvbGUl","robots":{"index":"index","follow":"follow","max-snippet":"max-snippet:-1","max-image-preview":"max-image-preview:large","max-video-preview":"max-video-preview:-1"},"canonical":"https:\/\/www.zsk.olsztyn.pl\/przedszkole\/aktualnosci\/3-latki\/","twitter_misc":{"Szacowany czas czytania":"1 minuta"},"schema":{"@context":"https:\/\/schema.org","@graph":[{"@type":"WebSite","@id":"https:\/\/www.zsk.olsztyn.pl\/przedszkole\/#website","url":"https:\/\/www.zsk.olsztyn.pl\/przedszkole\/","name":"Katolicki Zesp\u00f3\u0142 Edukacyjny - Niepubliczne przedszkole","description":"Zapraszamy na stron\u0119 katolickiego niepublicznego przedszkola","potentialAction":[{"@type":"SearchAction","target":{"@type":"EntryPoint","urlTemplate":"https:\/\/www.zsk.olsztyn.pl\/przedszkole\/?s={search_term_string}"},"query-input":"required name=search_term_string"}],"inLanguage":"pl-PL"},{"@type":"WebPage","@id":"https:\/\/www.zsk.olsztyn.pl\/przedszkole\/aktualnosci\/3-latki\/#webpage","url":"https:\/\/www.zsk.olsztyn.pl\/przedszkole\/aktualnosci\/3-latki\/","name":"3 Latki - Katolicki Zesp\u00f3\u0142 Edukacyjny - Niepubliczne przedszkole","isPartOf":{"@id":"https:\/\/www.zsk.olsztyn.pl\/przedszkole\/#website"},"datePublished":"2022-02-09T22:48:39+00:00","dateModified":"2025-08-28T01:30:52+00:00","description":"JTNDZGl2JTIwY2xhc3MlM0QlMjJrYXRfbWVudSUyMiUzRSUwQSUyMCUzQ3VsJTNFJTBBJTIwJTIwJTNDbGklMjBjbGFzcyUzRCUyMmN1ciUyMiUzRSUzQ2ElMjBocmVmJTNEJTIyJTJGcHJ6ZWRzemtvbGUl","breadcrumb":{"@id":"https:\/\/www.zsk.olsztyn.pl\/przedszkole\/aktualnosci\/3-latki\/#breadcrumb"},"inLanguage":"pl-PL","potentialAction":[{"@type":"ReadAction","target":["https:\/\/www.zsk.olsztyn.pl\/przedszkole\/aktualnosci\/3-latki\/"]}]},{"@type":"BreadcrumbList","@id":"https:\/\/www.zsk.olsztyn.pl\/przedszkole\/aktualnosci\/3-latki\/#breadcrumb","itemListElement":[{"@type":"ListItem","position":1,"name":"Strona g\u0142\u00f3wna","item":"https:\/\/www.zsk.olsztyn.pl\/przedszkole\/"},{"@type":"ListItem","position":2,"name":"Aktualno\u015bci","item":"https:\/\/www.zsk.olsztyn.pl\/przedszkole\/aktualnosci\/"},{"@type":"ListItem","position":3,"name":"3 Latki"}]}]}},"_links":{"self":[{"href":"https:\/\/www.zsk.olsztyn.pl\/przedszkole\/wp-json\/wp\/v2\/pages\/13587"}],"collection":[{"href":"https:\/\/www.zsk.olsztyn.pl\/przedszkole\/wp-json\/wp\/v2\/pages"}],"about":[{"href":"https:\/\/www.zsk.olsztyn.pl\/przedszkole\/wp-json\/wp\/v2\/types\/page"}],"author":[{"embeddable":true,"href":"https:\/\/www.zsk.olsztyn.pl\/przedszkole\/wp-json\/wp\/v2\/users\/2"}],"replies":[{"embeddable":true,"href":"https:\/\/www.zsk.olsztyn.pl\/przedszkole\/wp-json\/wp\/v2\/comments?post=13587"}],"version-history":[{"count":10,"href":"https:\/\/www.zsk.olsztyn.pl\/przedszkole\/wp-json\/wp\/v2\/pages\/13587\/revisions"}],"predecessor-version":[{"id":23763,"href":"https:\/\/www.zsk.olsztyn.pl\/przedszkole\/wp-json\/wp\/v2\/pages\/13587\/revisions\/23763"}],"up":[{"embeddable":true,"href":"https:\/\/www.zsk.olsztyn.pl\/przedszkole\/wp-json\/wp\/v2\/pages\/13577"}],"wp:attachment":[{"href":"https:\/\/www.zsk.olsztyn.pl\/przedszkole\/wp-json\/wp\/v2\/media?parent=13587"}],"curies":[{"name":"wp","href":"https:\/\/api.w.org\/{rel}","templated":true}]}}