{"id":13517,"date":"2022-02-04T01:55:59","date_gmt":"2022-02-03T23:55:59","guid":{"rendered":"http:\/\/www.zsk.olsztyn.pl\/przedszkole\/?page_id=13517"},"modified":"2025-09-05T00:36:13","modified_gmt":"2025-09-04T22:36:13","slug":"kalendarium-3latki","status":"publish","type":"page","link":"https:\/\/www.zsk.olsztyn.pl\/przedszkole\/kalendarium-3latki\/","title":{"rendered":"Kalendarium 3 Latki"},"content":{"rendered":"<p>[vc_row][vc_column][na_tytul tytul=&#8221;KALENDARIUM&#8221; tytuln=&#8221;Kalendarium&#8221;][vc_column_text]<\/p>\n<h3 class=\"cent\">Kalendarium w grupie 3-latk\u00f3w na rok szkolny 2025\/2026<\/h3>\n<table class=\"trekr all_ul_strz\">\n<tbody>\n<tr>\n<td class=\"ttop\">Miesi\u0105c<\/td>\n<td class=\"ttop\">Wydarzenia<\/td>\n<\/tr>\n<tr>\n<td>Wrzesie\u0144<\/td>\n<td>\n<ul>\n<li>Mi\u0119dzynarodowe Dzie\u0144 kropki<\/li>\n<li>Dzie\u0144 Przedszkolaka<\/li>\n<li>Pierwszy Dzie\u0144 Jesieni<\/li>\n<li>Dzie\u0144 Ch\u0142opaka<\/li>\n<\/ul>\n<\/td>\n<\/tr>\n<tr>\n<td>Pa\u017adziernik<\/td>\n<td>\n<ul>\n<li>Dzie\u0144 Edukacji Narodowej \u2013 kartka dla pani<\/li>\n<li>Bal Wszystkich \u015awi\u0119tych<\/li>\n<li>Konkurs fotograficzny \u201eJesienne drzewo\u201d<\/li>\n<\/ul>\n<\/td>\n<\/tr>\n<tr>\n<td>Listopad<\/td>\n<td>\n<ul>\n<li>Obchody z okazji 11 listopada<\/li>\n<li>\u015awi\u0119to Niepodleg\u0142o\u015bci: udzia\u0142 w akcji Do hymnu.<\/li>\n<li>Dzie\u0144 postaci z bajek<\/li>\n<li>Dzie\u0144 Kredki<\/li>\n<li>Dzie\u0144 Pluszowego Misia<\/li>\n<li>Pasowanie na przedszkolaka<\/li>\n<\/ul>\n<\/td>\n<\/tr>\n<tr>\n<td>Grudzie\u0144<\/td>\n<td>\n<ul>\n<li>Miko\u0142ajki<\/li>\n<li>Warsztaty kulinarne &#8211; wypiekanie pierniczk\u00f3w<\/li>\n<li>Jase\u0142ka \u2013 grupowa wigilia<\/li>\n<\/ul>\n<\/td>\n<\/tr>\n<tr>\n<td>Stycze\u0144<\/td>\n<td>\n<ul>\n<li>\u015awi\u0119to patronalne szko\u0142y<\/li>\n<\/ul>\n<\/td>\n<\/tr>\n<tr>\n<td>Luty<\/td>\n<td>\n<ul>\n<li>Bal karnawa\u0142owy<\/li>\n<li>Dzie\u0144 Babci i Dziadka<\/li>\n<li>T\u0142usty Czwartek<\/li>\n<li>Walentynki (Dzie\u0144 Dobrych Uczynk\u00f3w)<\/li>\n<\/ul>\n<\/td>\n<\/tr>\n<tr>\n<td>Marzec<\/td>\n<td>\n<ul>\n<li>Dzie\u0144 Dziewczynek<\/li>\n<li>Dzie\u0144 Matematyki<\/li>\n<li>Powitanie Wiosny<\/li>\n<li>Konkurs plastyczno-techniczny \u201eKapelusz\/wianek Pani Wiosny\u201d<\/li>\n<li>Warsztaty wielkanocne<\/li>\n<\/ul>\n<\/td>\n<\/tr>\n<tr>\n<td>Kwiecie\u0144<\/td>\n<td>\n<ul>\n<li>Dzie\u0144 Ziemi<\/li>\n<li>Tydzie\u0144 Ekologiczny<\/li>\n<\/ul>\n<\/td>\n<\/tr>\n<tr>\n<td>Maj<\/td>\n<td>\n<ul>\n<li>Dzie\u0144 Mamy i Taty<\/li>\n<li>Konkurs fotograficzny ,,Wiosenny spacer z rodzin\u0105\u201d<\/li>\n<\/ul>\n<\/td>\n<\/tr>\n<tr>\n<td>Czerwiec<\/td>\n<td>\n<ul>\n<li>Dzie\u0144 Dziecka<\/li>\n<\/ul>\n<\/td>\n<\/tr>\n<\/tbody>\n<\/table>\n<p>[\/vc_column_text][\/vc_column][\/vc_row]<\/p>\n","protected":false},"excerpt":{"rendered":"<p>[vc_row][vc_column][na_tytul tytul=&#8221;KALENDARIUM&#8221; tytuln=&#8221;Kalendarium&#8221;][vc_column_text] Kalendarium w grupie 3-latk\u00f3w na rok szkolny 2025\/2026 Miesi\u0105c Wydarzenia Wrzesie\u0144 Mi\u0119dzynarodowe Dzie\u0144 kropki Dzie\u0144 Przedszkolaka Pierwszy Dzie\u0144 Jesieni Dzie\u0144 Ch\u0142opaka Pa\u017adziernik Dzie\u0144 Edukacji Narodowej \u2013 kartka dla pani Bal Wszystkich \u015awi\u0119tych Konkurs fotograficzny \u201eJesienne drzewo\u201d Listopad Obchody z okazji 11 listopada \u015awi\u0119to Niepodleg\u0142o\u015bci: udzia\u0142 w akcji Do hymnu. Dzie\u0144 postaci z<\/p>\n","protected":false},"author":2,"featured_media":0,"parent":0,"menu_order":0,"comment_status":"closed","ping_status":"closed","template":"","meta":[],"yoast_head":"<!-- This site is optimized with the Yoast SEO plugin v18.2 - https:\/\/yoast.com\/wordpress\/plugins\/seo\/ -->\n<title>Kalendarium 3 Latki - Katolicki Zesp\u00f3\u0142 Edukacyjny - Niepubliczne przedszkole<\/title>\n<meta name=\"description\" content=\"Kalendarium w grupie 3-latk\u00f3w na rok szkolny 2025\/2026 Miesi\u0105c Wydarzenia Wrzesie\u0144 Mi\u0119dzynarodowe Dzie\u0144 kropki Dzie\u0144 Przedszkolaka Pierwszy Dzie\u0144 Jesieni\" \/>\n<meta name=\"robots\" content=\"index, follow, max-snippet:-1, max-image-preview:large, max-video-preview:-1\" \/>\n<link rel=\"canonical\" href=\"https:\/\/www.zsk.olsztyn.pl\/przedszkole\/kalendarium-3latki\/\" \/>\n<meta name=\"twitter:label1\" content=\"Szacowany czas czytania\" \/>\n\t<meta name=\"twitter:data1\" content=\"1 minuta\" \/>\n<script type=\"application\/ld+json\" class=\"yoast-schema-graph\">{\"@context\":\"https:\/\/schema.org\",\"@graph\":[{\"@type\":\"WebSite\",\"@id\":\"https:\/\/www.zsk.olsztyn.pl\/przedszkole\/#website\",\"url\":\"https:\/\/www.zsk.olsztyn.pl\/przedszkole\/\",\"name\":\"Katolicki Zesp\u00f3\u0142 Edukacyjny - Niepubliczne przedszkole\",\"description\":\"Zapraszamy na stron\u0119 katolickiego niepublicznego przedszkola\",\"potentialAction\":[{\"@type\":\"SearchAction\",\"target\":{\"@type\":\"EntryPoint\",\"urlTemplate\":\"https:\/\/www.zsk.olsztyn.pl\/przedszkole\/?s={search_term_string}\"},\"query-input\":\"required name=search_term_string\"}],\"inLanguage\":\"pl-PL\"},{\"@type\":\"WebPage\",\"@id\":\"https:\/\/www.zsk.olsztyn.pl\/przedszkole\/kalendarium-3latki\/#webpage\",\"url\":\"https:\/\/www.zsk.olsztyn.pl\/przedszkole\/kalendarium-3latki\/\",\"name\":\"Kalendarium 3 Latki - Katolicki Zesp\u00f3\u0142 Edukacyjny - Niepubliczne przedszkole\",\"isPartOf\":{\"@id\":\"https:\/\/www.zsk.olsztyn.pl\/przedszkole\/#website\"},\"datePublished\":\"2022-02-03T23:55:59+00:00\",\"dateModified\":\"2025-09-04T22:36:13+00:00\",\"description\":\"Kalendarium w grupie 3-latk\u00f3w na rok szkolny 2025\/2026 Miesi\u0105c Wydarzenia Wrzesie\u0144 Mi\u0119dzynarodowe Dzie\u0144 kropki Dzie\u0144 Przedszkolaka Pierwszy Dzie\u0144 Jesieni\",\"breadcrumb\":{\"@id\":\"https:\/\/www.zsk.olsztyn.pl\/przedszkole\/kalendarium-3latki\/#breadcrumb\"},\"inLanguage\":\"pl-PL\",\"potentialAction\":[{\"@type\":\"ReadAction\",\"target\":[\"https:\/\/www.zsk.olsztyn.pl\/przedszkole\/kalendarium-3latki\/\"]}]},{\"@type\":\"BreadcrumbList\",\"@id\":\"https:\/\/www.zsk.olsztyn.pl\/przedszkole\/kalendarium-3latki\/#breadcrumb\",\"itemListElement\":[{\"@type\":\"ListItem\",\"position\":1,\"name\":\"Strona g\u0142\u00f3wna\",\"item\":\"https:\/\/www.zsk.olsztyn.pl\/przedszkole\/\"},{\"@type\":\"ListItem\",\"position\":2,\"name\":\"Kalendarium 3 Latki\"}]}]}<\/script>\n<!-- \/ Yoast SEO plugin. -->","yoast_head_json":{"title":"Kalendarium 3 Latki - Katolicki Zesp\u00f3\u0142 Edukacyjny - Niepubliczne przedszkole","description":"Kalendarium w grupie 3-latk\u00f3w na rok szkolny 2025\/2026 Miesi\u0105c Wydarzenia Wrzesie\u0144 Mi\u0119dzynarodowe Dzie\u0144 kropki Dzie\u0144 Przedszkolaka Pierwszy Dzie\u0144 Jesieni","robots":{"index":"index","follow":"follow","max-snippet":"max-snippet:-1","max-image-preview":"max-image-preview:large","max-video-preview":"max-video-preview:-1"},"canonical":"https:\/\/www.zsk.olsztyn.pl\/przedszkole\/kalendarium-3latki\/","twitter_misc":{"Szacowany czas czytania":"1 minuta"},"schema":{"@context":"https:\/\/schema.org","@graph":[{"@type":"WebSite","@id":"https:\/\/www.zsk.olsztyn.pl\/przedszkole\/#website","url":"https:\/\/www.zsk.olsztyn.pl\/przedszkole\/","name":"Katolicki Zesp\u00f3\u0142 Edukacyjny - Niepubliczne przedszkole","description":"Zapraszamy na stron\u0119 katolickiego niepublicznego przedszkola","potentialAction":[{"@type":"SearchAction","target":{"@type":"EntryPoint","urlTemplate":"https:\/\/www.zsk.olsztyn.pl\/przedszkole\/?s={search_term_string}"},"query-input":"required name=search_term_string"}],"inLanguage":"pl-PL"},{"@type":"WebPage","@id":"https:\/\/www.zsk.olsztyn.pl\/przedszkole\/kalendarium-3latki\/#webpage","url":"https:\/\/www.zsk.olsztyn.pl\/przedszkole\/kalendarium-3latki\/","name":"Kalendarium 3 Latki - Katolicki Zesp\u00f3\u0142 Edukacyjny - Niepubliczne przedszkole","isPartOf":{"@id":"https:\/\/www.zsk.olsztyn.pl\/przedszkole\/#website"},"datePublished":"2022-02-03T23:55:59+00:00","dateModified":"2025-09-04T22:36:13+00:00","description":"Kalendarium w grupie 3-latk\u00f3w na rok szkolny 2025\/2026 Miesi\u0105c Wydarzenia Wrzesie\u0144 Mi\u0119dzynarodowe Dzie\u0144 kropki Dzie\u0144 Przedszkolaka Pierwszy Dzie\u0144 Jesieni","breadcrumb":{"@id":"https:\/\/www.zsk.olsztyn.pl\/przedszkole\/kalendarium-3latki\/#breadcrumb"},"inLanguage":"pl-PL","potentialAction":[{"@type":"ReadAction","target":["https:\/\/www.zsk.olsztyn.pl\/przedszkole\/kalendarium-3latki\/"]}]},{"@type":"BreadcrumbList","@id":"https:\/\/www.zsk.olsztyn.pl\/przedszkole\/kalendarium-3latki\/#breadcrumb","itemListElement":[{"@type":"ListItem","position":1,"name":"Strona g\u0142\u00f3wna","item":"https:\/\/www.zsk.olsztyn.pl\/przedszkole\/"},{"@type":"ListItem","position":2,"name":"Kalendarium 3 Latki"}]}]}},"_links":{"self":[{"href":"https:\/\/www.zsk.olsztyn.pl\/przedszkole\/wp-json\/wp\/v2\/pages\/13517"}],"collection":[{"href":"https:\/\/www.zsk.olsztyn.pl\/przedszkole\/wp-json\/wp\/v2\/pages"}],"about":[{"href":"https:\/\/www.zsk.olsztyn.pl\/przedszkole\/wp-json\/wp\/v2\/types\/page"}],"author":[{"embeddable":true,"href":"https:\/\/www.zsk.olsztyn.pl\/przedszkole\/wp-json\/wp\/v2\/users\/2"}],"replies":[{"embeddable":true,"href":"https:\/\/www.zsk.olsztyn.pl\/przedszkole\/wp-json\/wp\/v2\/comments?post=13517"}],"version-history":[{"count":19,"href":"https:\/\/www.zsk.olsztyn.pl\/przedszkole\/wp-json\/wp\/v2\/pages\/13517\/revisions"}],"predecessor-version":[{"id":23794,"href":"https:\/\/www.zsk.olsztyn.pl\/przedszkole\/wp-json\/wp\/v2\/pages\/13517\/revisions\/23794"}],"wp:attachment":[{"href":"https:\/\/www.zsk.olsztyn.pl\/przedszkole\/wp-json\/wp\/v2\/media?parent=13517"}],"curies":[{"name":"wp","href":"https:\/\/api.w.org\/{rel}","templated":true}]}}