{"id":13514,"date":"2022-02-04T01:43:46","date_gmt":"2022-02-03T23:43:46","guid":{"rendered":"http:\/\/www.zsk.olsztyn.pl\/przedszkole\/?page_id=13514"},"modified":"2022-02-25T02:43:36","modified_gmt":"2022-02-25T00:43:36","slug":"koncepcja-pracy-przedszkola","status":"publish","type":"page","link":"https:\/\/www.zsk.olsztyn.pl\/przedszkole\/o-przedszkolu\/koncepcja-pracy-przedszkola\/","title":{"rendered":"Koncepcja pracy przedszkola"},"content":{"rendered":"<p>[vc_row][vc_column][na_tytul tytuln=&#8221;Koncepcja pracy przedszkola&#8221;][vc_single_image image=&#8221;14035&#8243; img_size=&#8221;full&#8221; alignment=&#8221;center&#8221;][\/vc_column][\/vc_row]<\/p>\n","protected":false},"excerpt":{"rendered":"<p>[vc_row][vc_column][na_tytul tytuln=&#8221;Koncepcja pracy przedszkola&#8221;][vc_single_image image=&#8221;14035&#8243; img_size=&#8221;full&#8221; alignment=&#8221;center&#8221;][\/vc_column][\/vc_row]<\/p>\n","protected":false},"author":2,"featured_media":0,"parent":1239,"menu_order":0,"comment_status":"closed","ping_status":"closed","template":"","meta":[],"yoast_head":"<!-- This site is optimized with the Yoast SEO plugin v18.2 - https:\/\/yoast.com\/wordpress\/plugins\/seo\/ -->\n<title>Koncepcja pracy przedszkola - Katolicki Zesp\u00f3\u0142 Edukacyjny - Niepubliczne przedszkole<\/title>\n<meta name=\"robots\" content=\"index, follow, max-snippet:-1, max-image-preview:large, max-video-preview:-1\" \/>\n<link rel=\"canonical\" href=\"https:\/\/www.zsk.olsztyn.pl\/przedszkole\/o-przedszkolu\/koncepcja-pracy-przedszkola\/\" \/>\n<script type=\"application\/ld+json\" class=\"yoast-schema-graph\">{\"@context\":\"https:\/\/schema.org\",\"@graph\":[{\"@type\":\"WebSite\",\"@id\":\"https:\/\/www.zsk.olsztyn.pl\/przedszkole\/#website\",\"url\":\"https:\/\/www.zsk.olsztyn.pl\/przedszkole\/\",\"name\":\"Katolicki Zesp\u00f3\u0142 Edukacyjny - Niepubliczne przedszkole\",\"description\":\"Zapraszamy na stron\u0119 katolickiego niepublicznego przedszkola\",\"potentialAction\":[{\"@type\":\"SearchAction\",\"target\":{\"@type\":\"EntryPoint\",\"urlTemplate\":\"https:\/\/www.zsk.olsztyn.pl\/przedszkole\/?s={search_term_string}\"},\"query-input\":\"required name=search_term_string\"}],\"inLanguage\":\"pl-PL\"},{\"@type\":\"WebPage\",\"@id\":\"https:\/\/www.zsk.olsztyn.pl\/przedszkole\/o-przedszkolu\/koncepcja-pracy-przedszkola\/#webpage\",\"url\":\"https:\/\/www.zsk.olsztyn.pl\/przedszkole\/o-przedszkolu\/koncepcja-pracy-przedszkola\/\",\"name\":\"Koncepcja pracy przedszkola - Katolicki Zesp\u00f3\u0142 Edukacyjny - Niepubliczne przedszkole\",\"isPartOf\":{\"@id\":\"https:\/\/www.zsk.olsztyn.pl\/przedszkole\/#website\"},\"datePublished\":\"2022-02-03T23:43:46+00:00\",\"dateModified\":\"2022-02-25T00:43:36+00:00\",\"breadcrumb\":{\"@id\":\"https:\/\/www.zsk.olsztyn.pl\/przedszkole\/o-przedszkolu\/koncepcja-pracy-przedszkola\/#breadcrumb\"},\"inLanguage\":\"pl-PL\",\"potentialAction\":[{\"@type\":\"ReadAction\",\"target\":[\"https:\/\/www.zsk.olsztyn.pl\/przedszkole\/o-przedszkolu\/koncepcja-pracy-przedszkola\/\"]}]},{\"@type\":\"BreadcrumbList\",\"@id\":\"https:\/\/www.zsk.olsztyn.pl\/przedszkole\/o-przedszkolu\/koncepcja-pracy-przedszkola\/#breadcrumb\",\"itemListElement\":[{\"@type\":\"ListItem\",\"position\":1,\"name\":\"Strona g\u0142\u00f3wna\",\"item\":\"https:\/\/www.zsk.olsztyn.pl\/przedszkole\/\"},{\"@type\":\"ListItem\",\"position\":2,\"name\":\"O przedszkolu\",\"item\":\"https:\/\/www.zsk.olsztyn.pl\/przedszkole\/o-przedszkolu\/\"},{\"@type\":\"ListItem\",\"position\":3,\"name\":\"Koncepcja pracy przedszkola\"}]}]}<\/script>\n<!-- \/ Yoast SEO plugin. -->","yoast_head_json":{"title":"Koncepcja pracy przedszkola - Katolicki Zesp\u00f3\u0142 Edukacyjny - Niepubliczne przedszkole","robots":{"index":"index","follow":"follow","max-snippet":"max-snippet:-1","max-image-preview":"max-image-preview:large","max-video-preview":"max-video-preview:-1"},"canonical":"https:\/\/www.zsk.olsztyn.pl\/przedszkole\/o-przedszkolu\/koncepcja-pracy-przedszkola\/","schema":{"@context":"https:\/\/schema.org","@graph":[{"@type":"WebSite","@id":"https:\/\/www.zsk.olsztyn.pl\/przedszkole\/#website","url":"https:\/\/www.zsk.olsztyn.pl\/przedszkole\/","name":"Katolicki Zesp\u00f3\u0142 Edukacyjny - Niepubliczne przedszkole","description":"Zapraszamy na stron\u0119 katolickiego niepublicznego przedszkola","potentialAction":[{"@type":"SearchAction","target":{"@type":"EntryPoint","urlTemplate":"https:\/\/www.zsk.olsztyn.pl\/przedszkole\/?s={search_term_string}"},"query-input":"required name=search_term_string"}],"inLanguage":"pl-PL"},{"@type":"WebPage","@id":"https:\/\/www.zsk.olsztyn.pl\/przedszkole\/o-przedszkolu\/koncepcja-pracy-przedszkola\/#webpage","url":"https:\/\/www.zsk.olsztyn.pl\/przedszkole\/o-przedszkolu\/koncepcja-pracy-przedszkola\/","name":"Koncepcja pracy przedszkola - Katolicki Zesp\u00f3\u0142 Edukacyjny - Niepubliczne przedszkole","isPartOf":{"@id":"https:\/\/www.zsk.olsztyn.pl\/przedszkole\/#website"},"datePublished":"2022-02-03T23:43:46+00:00","dateModified":"2022-02-25T00:43:36+00:00","breadcrumb":{"@id":"https:\/\/www.zsk.olsztyn.pl\/przedszkole\/o-przedszkolu\/koncepcja-pracy-przedszkola\/#breadcrumb"},"inLanguage":"pl-PL","potentialAction":[{"@type":"ReadAction","target":["https:\/\/www.zsk.olsztyn.pl\/przedszkole\/o-przedszkolu\/koncepcja-pracy-przedszkola\/"]}]},{"@type":"BreadcrumbList","@id":"https:\/\/www.zsk.olsztyn.pl\/przedszkole\/o-przedszkolu\/koncepcja-pracy-przedszkola\/#breadcrumb","itemListElement":[{"@type":"ListItem","position":1,"name":"Strona g\u0142\u00f3wna","item":"https:\/\/www.zsk.olsztyn.pl\/przedszkole\/"},{"@type":"ListItem","position":2,"name":"O przedszkolu","item":"https:\/\/www.zsk.olsztyn.pl\/przedszkole\/o-przedszkolu\/"},{"@type":"ListItem","position":3,"name":"Koncepcja pracy przedszkola"}]}]}},"_links":{"self":[{"href":"https:\/\/www.zsk.olsztyn.pl\/przedszkole\/wp-json\/wp\/v2\/pages\/13514"}],"collection":[{"href":"https:\/\/www.zsk.olsztyn.pl\/przedszkole\/wp-json\/wp\/v2\/pages"}],"about":[{"href":"https:\/\/www.zsk.olsztyn.pl\/przedszkole\/wp-json\/wp\/v2\/types\/page"}],"author":[{"embeddable":true,"href":"https:\/\/www.zsk.olsztyn.pl\/przedszkole\/wp-json\/wp\/v2\/users\/2"}],"replies":[{"embeddable":true,"href":"https:\/\/www.zsk.olsztyn.pl\/przedszkole\/wp-json\/wp\/v2\/comments?post=13514"}],"version-history":[{"count":7,"href":"https:\/\/www.zsk.olsztyn.pl\/przedszkole\/wp-json\/wp\/v2\/pages\/13514\/revisions"}],"predecessor-version":[{"id":14037,"href":"https:\/\/www.zsk.olsztyn.pl\/przedszkole\/wp-json\/wp\/v2\/pages\/13514\/revisions\/14037"}],"up":[{"embeddable":true,"href":"https:\/\/www.zsk.olsztyn.pl\/przedszkole\/wp-json\/wp\/v2\/pages\/1239"}],"wp:attachment":[{"href":"https:\/\/www.zsk.olsztyn.pl\/przedszkole\/wp-json\/wp\/v2\/media?parent=13514"}],"curies":[{"name":"wp","href":"https:\/\/api.w.org\/{rel}","templated":true}]}}